{"id":359,"date":"2024-07-20T06:38:21","date_gmt":"2024-07-20T06:38:21","guid":{"rendered":"https:\/\/filatelia.cuentista.es\/product\/navidad-1974-5"},"modified":"2024-09-29T05:14:33","modified_gmt":"2024-09-29T05:14:33","slug":"navidad-1974-5","status":"publish","type":"product","link":"https:\/\/filatelia.cuentista.es\/en\/product\/navidad-1974-5","title":{"rendered":"Sobre Primer d\u00eda &#8211; Espa\u00f1a Navidad 1974 &#8211; sello 3 Ptas (Alfil)"},"content":{"rendered":"<p>Sobre Primer d\u00eda &#8211; Espa\u00f1a Navidad 1974 &#8211; sello 3 Ptas (Alfil)<\/p>\n<p>Fecha de Emision :\u00a0 4 de Noviembre de 1974<\/p>\n<p>SOBRE de ALFIL<\/p>\n<p>Matasellado de Madrid<\/p>\n<p>Sobre la serie (no es parte del producto)<\/p>\n<p>EDIFIL numeros 2217\/2219<\/p>\n<p><img loading=\"lazy\" decoding=\"async\" class=\"\" src=\"https:\/\/www.albuensello.es\/wp-content\/uploads\/2017\/05\/2217.jpg\" alt=\"Espa\u00f1a 1974 Navidad Edifil 2217\/2219 \u2013 Al Buen Sello\" width=\"328\" height=\"387\" \/><\/p>","protected":false},"excerpt":{"rendered":"<p>Sobre Primer d\u00eda &#8211; Espa\u00f1a Navidad 1974 &#8211; Sello 3 Ptas (Alfil)<\/p>\n<p>Fecha de Emision :\u00a0 4 de Noviembre de 1974<\/p>\n<p>SOBRE de ALFIL<\/p>","protected":false},"featured_media":3462,"comment_status":"open","ping_status":"closed","template":"","meta":{"_acf_changed":false},"product_brand":[],"product_cat":[663,19],"product_tag":[75,88,43,190,189],"class_list":{"0":"post-359","1":"product","2":"type-product","3":"status-publish","4":"has-post-thumbnail","6":"product_cat-espana","7":"product_cat-spd-sobres-primer-dia","8":"product_tag-75","9":"product_tag-arquitectura","10":"product_tag-arte","11":"product_tag-fdc","12":"product_tag-spd","13":"thunk-woo-product-list","14":"opn-qv-enable","15":"open-woo-hover-zoom","16":"open-single-product-tab-horizontal","17":"open-shadow-","18":"open-shadow-hover-","20":"first","21":"instock","22":"shipping-taxable","23":"purchasable","24":"product-type-simple"},"acf":[],"jetpack_sharing_enabled":true,"_links":{"self":[{"href":"https:\/\/filatelia.cuentista.es\/en\/wp-json\/wp\/v2\/product\/359","targetHints":{"allow":["GET"]}}],"collection":[{"href":"https:\/\/filatelia.cuentista.es\/en\/wp-json\/wp\/v2\/product"}],"about":[{"href":"https:\/\/filatelia.cuentista.es\/en\/wp-json\/wp\/v2\/types\/product"}],"replies":[{"embeddable":true,"href":"https:\/\/filatelia.cuentista.es\/en\/wp-json\/wp\/v2\/comments?post=359"}],"wp:featuredmedia":[{"embeddable":true,"href":"https:\/\/filatelia.cuentista.es\/en\/wp-json\/wp\/v2\/media\/3462"}],"wp:attachment":[{"href":"https:\/\/filatelia.cuentista.es\/en\/wp-json\/wp\/v2\/media?parent=359"}],"wp:term":[{"taxonomy":"product_brand","embeddable":true,"href":"https:\/\/filatelia.cuentista.es\/en\/wp-json\/wp\/v2\/product_brand?post=359"},{"taxonomy":"product_cat","embeddable":true,"href":"https:\/\/filatelia.cuentista.es\/en\/wp-json\/wp\/v2\/product_cat?post=359"},{"taxonomy":"product_tag","embeddable":true,"href":"https:\/\/filatelia.cuentista.es\/en\/wp-json\/wp\/v2\/product_tag?post=359"}],"curies":[{"name":"wp","href":"https:\/\/api.w.org\/{rel}","templated":true}]}}