{"id":3584,"date":"2024-10-05T04:26:37","date_gmt":"2024-10-05T04:26:37","guid":{"rendered":"https:\/\/filatelia.cuentista.es\/product\/sello-colombia-felix-restrepo-mejia-80-cts-aereo-usado"},"modified":"2024-10-05T04:28:44","modified_gmt":"2024-10-05T04:28:44","slug":"sello-colombia-felix-restrepo-mejia-80-cts-aereo-usado","status":"publish","type":"product","link":"https:\/\/filatelia.cuentista.es\/en\/product\/sello-colombia-felix-restrepo-mejia-80-cts-aereo-usado","title":{"rendered":"Sello Colombia 1967 &#8211; F\u00e9lix Restrepo Mej\u00eda &#8211; 80 CTs A\u00e9reo Usado"},"content":{"rendered":"<p>Felix Restrepo Mejia<\/p>\n<p><img class=\"size-full\"><\/p>\n<p>Pa\u00eds:<\/p>\n<p>Colombia<\/p>\n<p>Serie:<\/p>\n<p>Famous Men of Colombia<\/p>\n<p>C\u00f3digo de cat\u00e1logo:<\/p>\n<p>Michel CO 1093<\/p>\n<p>Stamp Number CO C486<\/p>\n<p>Yvert et Tellier CO PA468<\/p>\n<p>Stanley Gibbons CO 1187<\/p>\n<p>Leo Temprano CO 1132<\/p>\n<p>Temas:<\/p>\n<p>Autores | Gente de Letras (escritores y poetas) | Humanistas | Literatura | Personajes Famosos | Profesores | Religi\u00f3n<\/p>\n<p>Fecha emisi\u00f3n:<\/p>\n<p>1967-01-18<\/p>\n<p>Tama\u00f1o:<\/p>\n<p>30 x 40 mm<\/p>\n<p>Colores:<\/p>\n<p>Azul Gris | Ocre Amarillo<\/p>\n<p>Marca de agua:<\/p>\n<p>Sin Marca de agua<\/p>\n<p>Dise\u00f1adores:<\/p>\n<p>Tulio Nel Molina<\/p>\n<p>Impresores\/Imprentas:<\/p>\n<p>De La Rue de Colombia<\/p>\n<p>Formato:<\/p>\n<p>Sello<\/p>\n<p>Emisi\u00f3n:<\/p>\n<p>Correo A\u00e9reo<\/p>\n<p>Perforaci\u00f3n:<\/p>\n<p>13\u00bd x 14<\/p>\n<p>Impresi\u00f3n:<\/p>\n<p>Litograf\u00eda offset<\/p>\n<p>Papel:<\/p>\n<p>Printer: THOMAS DE LA RUE DE COLOMBIA S.A.<\/p>\n<p>Valor facial:<\/p>\n<p>80 c &#8211; Centavo Colombiano<\/p>\n<p>Tiraje:<\/p>\n<p>25.000.000<\/p>\n<p>Puntuaci\u00f3n:<\/p>\n<p>5% Precisi\u00f3n: Muy alto<\/p>\n<p>Descripci\u00f3n:<\/p>\n<p>Felix Restrepo Mej\u00eda (1887 &#8211; 1965) was a Jesuit priest, writer, pedagogue, classical scholar and humanist. He was rector of the Pontificia Universidad Javeriana in Bogot\u00e1, between 1940 and 1949. By initiative of Jorge Eliecer Gait\u00e1n, (Minister of Education) founded the National Athenaeum of Higher Learning which became later the Instituto Caro y Cuervo, one of the most prestigious philological and linguistic research institutions in the Spanish language.<\/p>\n<p><a href=\"https:\/\/colnect.com\/stamps\/stamp\/275098\">https:\/\/colnect.com\/stamps\/stamp\/275098<\/a><\/p>","protected":false},"excerpt":{"rendered":"<p>Felix Restrepo Mejia Pa\u00eds: Colombia Serie: Famous Men of Colombia C\u00f3digo de cat\u00e1logo: Michel CO 1093 Stamp Number CO C486 Yvert et Tellier CO PA468 Stanley Gibbons CO 1187 Leo Temprano CO 1132 Temas: Autores | Gente de Letras (escritores y poetas) | Humanistas | Literatura | Personajes Famosos | Profesores | Religi\u00f3n Fecha emisi\u00f3n: &hellip;<\/p>\n<p class=\"read-more\"> <a class=\"thunk-readmore button\" href=\"https:\/\/filatelia.cuentista.es\/en\/product\/sello-colombia-felix-restrepo-mejia-80-cts-aereo-usado\"> <span class=\"screen-reader-text\">Sello Colombia 1967 &#8211; F\u00e9lix Restrepo Mej\u00eda &#8211; 80 CTs A\u00e9reo Usado<\/span>Read More<\/a><\/p>","protected":false},"featured_media":3583,"comment_status":"open","ping_status":"closed","template":"","meta":{"_acf_changed":false},"product_brand":[],"product_cat":[1374,815,20],"product_tag":[],"class_list":{"0":"post-3584","1":"product","2":"type-product","3":"status-publish","4":"has-post-thumbnail","6":"product_cat-colombia","7":"product_cat-correo-aereo","8":"product_cat-sellos-usados","9":"thunk-woo-product-list","10":"opn-qv-enable","11":"open-woo-hover-zoom","12":"open-single-product-tab-horizontal","13":"open-shadow-","14":"open-shadow-hover-","16":"first","17":"instock","18":"shipping-taxable","19":"purchasable","20":"product-type-simple"},"acf":[],"jetpack_sharing_enabled":true,"_links":{"self":[{"href":"https:\/\/filatelia.cuentista.es\/en\/wp-json\/wp\/v2\/product\/3584","targetHints":{"allow":["GET"]}}],"collection":[{"href":"https:\/\/filatelia.cuentista.es\/en\/wp-json\/wp\/v2\/product"}],"about":[{"href":"https:\/\/filatelia.cuentista.es\/en\/wp-json\/wp\/v2\/types\/product"}],"replies":[{"embeddable":true,"href":"https:\/\/filatelia.cuentista.es\/en\/wp-json\/wp\/v2\/comments?post=3584"}],"wp:featuredmedia":[{"embeddable":true,"href":"https:\/\/filatelia.cuentista.es\/en\/wp-json\/wp\/v2\/media\/3583"}],"wp:attachment":[{"href":"https:\/\/filatelia.cuentista.es\/en\/wp-json\/wp\/v2\/media?parent=3584"}],"wp:term":[{"taxonomy":"product_brand","embeddable":true,"href":"https:\/\/filatelia.cuentista.es\/en\/wp-json\/wp\/v2\/product_brand?post=3584"},{"taxonomy":"product_cat","embeddable":true,"href":"https:\/\/filatelia.cuentista.es\/en\/wp-json\/wp\/v2\/product_cat?post=3584"},{"taxonomy":"product_tag","embeddable":true,"href":"https:\/\/filatelia.cuentista.es\/en\/wp-json\/wp\/v2\/product_tag?post=3584"}],"curies":[{"name":"wp","href":"https:\/\/api.w.org\/{rel}","templated":true}]}}