{"id":3580,"date":"2024-10-05T04:16:15","date_gmt":"2024-10-05T04:16:15","guid":{"rendered":"https:\/\/filatelia.cuentista.es\/product\/sello-colombia-palacio-de-comunicaciones-1-c-marron-usado"},"modified":"2024-10-05T04:18:40","modified_gmt":"2024-10-05T04:18:40","slug":"sello-colombia-palacio-de-comunicaciones-1-c-marron-usado","status":"publish","type":"product","link":"https:\/\/filatelia.cuentista.es\/en\/product\/sello-colombia-palacio-de-comunicaciones-1-c-marron-usado","title":{"rendered":"Sello Colombia 1940 &#8211; Palacio de Comunicaciones- Sobretasa &#8211; 1 c Marr\u00f3n Usado"},"content":{"rendered":"<p>Ministry of Post and Telegraphs Building<\/p>\n<p><img class=\"size-full\"><\/p>\n<p>Pa\u00eds:<\/p>\n<p>Colombia<\/p>\n<p>Serie:<\/p>\n<p>Surtax for Construction of Communication Building<\/p>\n<p>C\u00f3digo de cat\u00e1logo:<\/p>\n<p>Michel CO Z16<\/p>\n<p>Variantes:<\/p>\n<p>Click para ver variantes<\/p>\n<p>Temas:<\/p>\n<p>Edificios | Oficinas de Correos<\/p>\n<p>Fecha emisi\u00f3n:<\/p>\n<p>1940<\/p>\n<p>Tama\u00f1o:<\/p>\n<p>30 x 23 mm<\/p>\n<p>Colores:<\/p>\n<p>Violeta oscuro<\/p>\n<p>Marca de agua:<\/p>\n<p>Sin Marca de agua<\/p>\n<p>Impresores\/Imprentas:<\/p>\n<p>Imprenta Nacional, Bogot\u00e1<\/p>\n<p>Formato:<\/p>\n<p>Sello<\/p>\n<p>Emisi\u00f3n:<\/p>\n<p>Impuestos Postales<\/p>\n<p>Perforaci\u00f3n:<\/p>\n<p>12\u00bd<\/p>\n<p>Impresi\u00f3n:<\/p>\n<p>Litograf\u00eda offset<\/p>\n<p>Valor facial:<\/p>\n<p>1 c &#8211; Centavo Colombiano<\/p>\n<p>Puntuaci\u00f3n:<\/p>\n<p>39% Precisi\u00f3n: Media<\/p>\n<p>Descripci\u00f3n:<\/p>\n<p>The building is located in the ancient estates of the convent of Santo Domingo, which\u00b4s structure had been affected by the earthquake of 1917 and was demolished in 1939. At first it was called the Palace of Communications, a six-storey building, designed by Hernando Gonz\u00e1lez Varon and Bruno Violi. It was inaugurated in 1944. On its western side, nowadays the building houses the monument to Manuel Murillo Toro, which was inaugurated on January 1, 1920 in Bogota&#8217;s Independence Park, but then moved to the building. Today the building is known as Manuel Murillo toro Building.<\/p>\n<p><a href=\"https:\/\/colnect.com\/stamps\/stamp\/746717\">https:\/\/colnect.com\/stamps\/stamp\/746717<\/a><\/p>","protected":false},"excerpt":{"rendered":"<p>Ministry of Post and Telegraphs Building Pa\u00eds: Colombia Serie: Surtax for Construction of Communication Building C\u00f3digo de cat\u00e1logo: Michel CO Z16 Variantes: Click para ver variantes Temas: Edificios | Oficinas de Correos Fecha emisi\u00f3n: 1940 Tama\u00f1o: 30 x 23 mm Colores: Violeta oscuro Marca de agua: Sin Marca de agua Impresores\/Imprentas: Imprenta Nacional, Bogot\u00e1 Formato: &hellip;<\/p>\n<p class=\"read-more\"> <a class=\"thunk-readmore button\" href=\"https:\/\/filatelia.cuentista.es\/en\/product\/sello-colombia-palacio-de-comunicaciones-1-c-marron-usado\"> <span class=\"screen-reader-text\">Sello Colombia 1940 &#8211; Palacio de Comunicaciones- Sobretasa &#8211; 1 c Marr\u00f3n Usado<\/span>Read More<\/a><\/p>","protected":false},"featured_media":3579,"comment_status":"open","ping_status":"closed","template":"","meta":{"_acf_changed":false},"product_brand":[],"product_cat":[1374,664,20],"product_tag":[],"class_list":{"0":"post-3580","1":"product","2":"type-product","3":"status-publish","4":"has-post-thumbnail","6":"product_cat-colombia","7":"product_cat-impuestos","8":"product_cat-sellos-usados","9":"thunk-woo-product-list","10":"opn-qv-enable","11":"open-woo-hover-zoom","12":"open-single-product-tab-horizontal","13":"open-shadow-","14":"open-shadow-hover-","16":"first","17":"instock","18":"shipping-taxable","19":"purchasable","20":"product-type-simple"},"acf":[],"jetpack_sharing_enabled":true,"_links":{"self":[{"href":"https:\/\/filatelia.cuentista.es\/en\/wp-json\/wp\/v2\/product\/3580","targetHints":{"allow":["GET"]}}],"collection":[{"href":"https:\/\/filatelia.cuentista.es\/en\/wp-json\/wp\/v2\/product"}],"about":[{"href":"https:\/\/filatelia.cuentista.es\/en\/wp-json\/wp\/v2\/types\/product"}],"replies":[{"embeddable":true,"href":"https:\/\/filatelia.cuentista.es\/en\/wp-json\/wp\/v2\/comments?post=3580"}],"wp:featuredmedia":[{"embeddable":true,"href":"https:\/\/filatelia.cuentista.es\/en\/wp-json\/wp\/v2\/media\/3579"}],"wp:attachment":[{"href":"https:\/\/filatelia.cuentista.es\/en\/wp-json\/wp\/v2\/media?parent=3580"}],"wp:term":[{"taxonomy":"product_brand","embeddable":true,"href":"https:\/\/filatelia.cuentista.es\/en\/wp-json\/wp\/v2\/product_brand?post=3580"},{"taxonomy":"product_cat","embeddable":true,"href":"https:\/\/filatelia.cuentista.es\/en\/wp-json\/wp\/v2\/product_cat?post=3580"},{"taxonomy":"product_tag","embeddable":true,"href":"https:\/\/filatelia.cuentista.es\/en\/wp-json\/wp\/v2\/product_tag?post=3580"}],"curies":[{"name":"wp","href":"https:\/\/api.w.org\/{rel}","templated":true}]}}