{"id":3568,"date":"2024-10-04T21:54:11","date_gmt":"2024-10-04T21:54:11","guid":{"rendered":"https:\/\/filatelia.cuentista.es\/product\/sello-colombia-palacio-de-comunicaciones-8-centavos-sobreimpreso-naranja"},"modified":"2024-10-04T21:56:55","modified_gmt":"2024-10-04T21:56:55","slug":"sello-colombia-palacio-de-comunicaciones-8-centavos-sobreimpreso-naranja","status":"publish","type":"product","link":"https:\/\/filatelia.cuentista.es\/en\/product\/sello-colombia-palacio-de-comunicaciones-8-centavos-sobreimpreso-naranja","title":{"rendered":"Sello Colombia 1952 &#8211;  Palacio de Comunicaciones &#8211; 8 centavos Sobreimpreso, Naranja"},"content":{"rendered":"<p>Ministry of Post and Telegraphs Building<\/p>\n<p><img class=\"size-full\"><img class=\"size-full\"><\/p>\n<p>Pa\u00eds:<\/p>\n<p>Colombia<\/p>\n<p>Serie:<\/p>\n<p>Surtax for Construction of Communication Building<\/p>\n<p>C\u00f3digo de cat\u00e1logo:<\/p>\n<p>Michel CO Z50<\/p>\n<p>Stamp Number CO RA48<\/p>\n<p>Yvert et Tellier CO 472<\/p>\n<p>Stanley Gibbons CO 763<\/p>\n<p>Leo Temprano CO MC38<\/p>\n<p>Variantes:<\/p>\n<p>Click para ver variantes<\/p>\n<p>Temas:<\/p>\n<p>Comunicaciones | Edificios<\/p>\n<p>Fecha emisi\u00f3n:<\/p>\n<p>1952<\/p>\n<p>Tama\u00f1o:<\/p>\n<p>28.5 x 22.5 mm<\/p>\n<p>Colores:<\/p>\n<p>Amarillo naranja<\/p>\n<p>Marca de agua:<\/p>\n<p>L\u00edneas onduladas y C [Up]<\/p>\n<p>Impresores\/Imprentas:<\/p>\n<p>American Bank Note Co.<\/p>\n<p>Formato:<\/p>\n<p>Sello<\/p>\n<p>Emisi\u00f3n:<\/p>\n<p>Impuestos Postales<\/p>\n<p>Perforaci\u00f3n:<\/p>\n<p>12<\/p>\n<p>Impresi\u00f3n:<\/p>\n<p>Rebaje<\/p>\n<p>Valor facial:<\/p>\n<p>8 c &#8211; Centavo Colombiano<\/p>\n<p>Tiraje:<\/p>\n<p>1.975.000<\/p>\n<p>Puntuaci\u00f3n:<\/p>\n<p>40% Precisi\u00f3n: Media<\/p>\n<p>Descripci\u00f3n:<\/p>\n<p>Previous issue surcharged in black.<\/p>\n<p>These fiscal stamps were available for postage mail after May 9,1952.<\/p>\n<p>The building is located in the ancient estates of the convent of Santo Domingo, which\u00b4s structure had been affected by the earthquake of 1917 and was demolished in 1939. At first it was called the Palace of Communications, a six-storey building, designed by Hernando Gonz\u00e1lez Varon and Bruno Violi. It was inaugurated in 1944. On its western side, nowadays the building houses the monument to Manuel Murillo Toro, which was inaugurated on January 1, 1920 in Bogota&#8217;s Independence Park, but then moved to the building. Today the building is known as Manuel Murillo toro Building.<\/p>\n<p><a href=\"https:\/\/colnect.com\/stamps\/stamp\/378001\">https:\/\/colnect.com\/stamps\/stamp\/378001<\/a><\/p>\n","protected":false},"excerpt":{"rendered":"<p>Ministry of Post and Telegraphs Building Pa\u00eds: Colombia Serie: Surtax for Construction of Communication Building C\u00f3digo de cat\u00e1logo: Michel CO Z50 Stamp Number CO RA48 Yvert et Tellier CO 472 Stanley Gibbons CO 763 Leo Temprano CO MC38 Variantes: Click para ver variantes Temas: Comunicaciones | Edificios Fecha emisi\u00f3n: 1952 Tama\u00f1o: 28.5 x 22.5 mm &hellip;<\/p>\n<p class=\"read-more\"> <a class=\"thunk-readmore button\" href=\"https:\/\/filatelia.cuentista.es\/en\/product\/sello-colombia-palacio-de-comunicaciones-8-centavos-sobreimpreso-naranja\"> <span class=\"screen-reader-text\">Sello Colombia 1952 &#8211;  Palacio de Comunicaciones &#8211; 8 centavos Sobreimpreso, Naranja<\/span>Read More<\/a><\/p>","protected":false},"featured_media":3567,"comment_status":"open","ping_status":"closed","template":"","meta":{"_acf_changed":false},"product_brand":[],"product_cat":[1374,20],"product_tag":[],"class_list":{"0":"post-3568","1":"product","2":"type-product","3":"status-publish","4":"has-post-thumbnail","6":"product_cat-colombia","7":"product_cat-sellos-usados","8":"thunk-woo-product-list","9":"opn-qv-enable","10":"open-woo-hover-zoom","11":"open-single-product-tab-horizontal","12":"open-shadow-","13":"open-shadow-hover-","15":"first","16":"instock","17":"shipping-taxable","18":"purchasable","19":"product-type-simple"},"acf":[],"jetpack_sharing_enabled":true,"_links":{"self":[{"href":"https:\/\/filatelia.cuentista.es\/en\/wp-json\/wp\/v2\/product\/3568","targetHints":{"allow":["GET"]}}],"collection":[{"href":"https:\/\/filatelia.cuentista.es\/en\/wp-json\/wp\/v2\/product"}],"about":[{"href":"https:\/\/filatelia.cuentista.es\/en\/wp-json\/wp\/v2\/types\/product"}],"replies":[{"embeddable":true,"href":"https:\/\/filatelia.cuentista.es\/en\/wp-json\/wp\/v2\/comments?post=3568"}],"wp:featuredmedia":[{"embeddable":true,"href":"https:\/\/filatelia.cuentista.es\/en\/wp-json\/wp\/v2\/media\/3567"}],"wp:attachment":[{"href":"https:\/\/filatelia.cuentista.es\/en\/wp-json\/wp\/v2\/media?parent=3568"}],"wp:term":[{"taxonomy":"product_brand","embeddable":true,"href":"https:\/\/filatelia.cuentista.es\/en\/wp-json\/wp\/v2\/product_brand?post=3568"},{"taxonomy":"product_cat","embeddable":true,"href":"https:\/\/filatelia.cuentista.es\/en\/wp-json\/wp\/v2\/product_cat?post=3568"},{"taxonomy":"product_tag","embeddable":true,"href":"https:\/\/filatelia.cuentista.es\/en\/wp-json\/wp\/v2\/product_tag?post=3568"}],"curies":[{"name":"wp","href":"https:\/\/api.w.org\/{rel}","templated":true}]}}