{"id":3566,"date":"2024-10-04T21:44:45","date_gmt":"2024-10-04T21:44:45","guid":{"rendered":"https:\/\/filatelia.cuentista.es\/product\/sello-colombia-bogota-colonial-60-centavos-sobreporte-a-usado"},"modified":"2024-10-04T21:49:11","modified_gmt":"2024-10-04T21:49:11","slug":"sello-colombia-bogota-colonial-60-centavos-sobreporte-a-usado","status":"publish","type":"product","link":"https:\/\/filatelia.cuentista.es\/en\/product\/sello-colombia-bogota-colonial-60-centavos-sobreporte-a-usado","title":{"rendered":"Sello Colombia 1950 &#8211; Bogot\u00e1 Colonial, 60 Centavos Sobreporte A &#8211; Usado A\u00e9reo"},"content":{"rendered":"<p>Symbol of legend of El Dorado &#8211; overprinted<\/p>\n<p><img class=\"size-full\"><\/p>\n<p>Pa\u00eds:<\/p>\n<p>Colombia<\/p>\n<p>Serie:<\/p>\n<p>Issues for AVIANCA Airline<\/p>\n<p>C\u00f3digo de cat\u00e1logo:<\/p>\n<p>Michel CO 571<\/p>\n<p>Stamp Number CO C191<\/p>\n<p>Yvert et Tellier CO PA180<\/p>\n<p>Stanley Gibbons CO-AC 6<\/p>\n<p>Leo Temprano CO 662<\/p>\n<p>Variantes:<\/p>\n<p>Click para ver variantes<\/p>\n<p>Temas:<\/p>\n<p>Caciques y Jefes Tribales | Letras (Alfabeto) | Leyendas<\/p>\n<p>Fecha emisi\u00f3n:<\/p>\n<p>1950-07-12<\/p>\n<p>Tama\u00f1o:<\/p>\n<p>22 x 26 mm<\/p>\n<p>Colores:<\/p>\n<p>Gris<\/p>\n<p>Marca de agua:<\/p>\n<p>Sin Marca de agua<\/p>\n<p>Impresores\/Imprentas:<\/p>\n<p>American Bank Note Co.<\/p>\n<p>Formato:<\/p>\n<p>Sello<\/p>\n<p>Emisi\u00f3n:<\/p>\n<p>Correo A\u00e9reo<\/p>\n<p>Perforaci\u00f3n:<\/p>\n<p>12<\/p>\n<p>Impresi\u00f3n:<\/p>\n<p>Rebaje<\/p>\n<p>Valor facial:<\/p>\n<p>40 c &#8211; Centavo Colombiano<\/p>\n<p>Puntuaci\u00f3n:<\/p>\n<p>29% Precisi\u00f3n: Alta<\/p>\n<p>Descripci\u00f3n:<\/p>\n<p>Overprinted with solid black \u00abA\u00bb (for AVIANCA) centrally.<\/p>\n<p>The zipa used to cover his body in gold dust, and from his raft, he offered treasures to the Guatavita goddess in the middle of the sacred lake. This old Muisca tradition became the origin of the legend of El Dorado.<\/p>\n<p><a href=\"https:\/\/colnect.com\/stamps\/stamp\/289299\">https:\/\/colnect.com\/stamps\/stamp\/289299<\/a><\/p>","protected":false},"excerpt":{"rendered":"<p>Symbol of legend of El Dorado &#8211; overprinted Pa\u00eds: Colombia Serie: Issues for AVIANCA Airline C\u00f3digo de cat\u00e1logo: Michel CO 571 Stamp Number CO C191 Yvert et Tellier CO PA180 Stanley Gibbons CO-AC 6 Leo Temprano CO 662 Variantes: Click para ver variantes Temas: Caciques y Jefes Tribales | Letras (Alfabeto) | Leyendas Fecha emisi\u00f3n: &hellip;<\/p>\n<p class=\"read-more\"> <a class=\"thunk-readmore button\" href=\"https:\/\/filatelia.cuentista.es\/en\/product\/sello-colombia-bogota-colonial-60-centavos-sobreporte-a-usado\"> <span class=\"screen-reader-text\">Sello Colombia 1950 &#8211; Bogot\u00e1 Colonial, 60 Centavos Sobreporte A &#8211; Usado A\u00e9reo<\/span>Read More<\/a><\/p>","protected":false},"featured_media":3565,"comment_status":"open","ping_status":"closed","template":"","meta":{"_acf_changed":false},"product_brand":[],"product_cat":[1374,815,20],"product_tag":[],"class_list":{"0":"post-3566","1":"product","2":"type-product","3":"status-publish","4":"has-post-thumbnail","6":"product_cat-colombia","7":"product_cat-correo-aereo","8":"product_cat-sellos-usados","9":"thunk-woo-product-list","10":"opn-qv-enable","11":"open-woo-hover-zoom","12":"open-single-product-tab-horizontal","13":"open-shadow-","14":"open-shadow-hover-","16":"first","17":"instock","18":"shipping-taxable","19":"purchasable","20":"product-type-simple"},"acf":[],"jetpack_sharing_enabled":true,"_links":{"self":[{"href":"https:\/\/filatelia.cuentista.es\/en\/wp-json\/wp\/v2\/product\/3566","targetHints":{"allow":["GET"]}}],"collection":[{"href":"https:\/\/filatelia.cuentista.es\/en\/wp-json\/wp\/v2\/product"}],"about":[{"href":"https:\/\/filatelia.cuentista.es\/en\/wp-json\/wp\/v2\/types\/product"}],"replies":[{"embeddable":true,"href":"https:\/\/filatelia.cuentista.es\/en\/wp-json\/wp\/v2\/comments?post=3566"}],"wp:featuredmedia":[{"embeddable":true,"href":"https:\/\/filatelia.cuentista.es\/en\/wp-json\/wp\/v2\/media\/3565"}],"wp:attachment":[{"href":"https:\/\/filatelia.cuentista.es\/en\/wp-json\/wp\/v2\/media?parent=3566"}],"wp:term":[{"taxonomy":"product_brand","embeddable":true,"href":"https:\/\/filatelia.cuentista.es\/en\/wp-json\/wp\/v2\/product_brand?post=3566"},{"taxonomy":"product_cat","embeddable":true,"href":"https:\/\/filatelia.cuentista.es\/en\/wp-json\/wp\/v2\/product_cat?post=3566"},{"taxonomy":"product_tag","embeddable":true,"href":"https:\/\/filatelia.cuentista.es\/en\/wp-json\/wp\/v2\/product_tag?post=3566"}],"curies":[{"name":"wp","href":"https:\/\/api.w.org\/{rel}","templated":true}]}}