{"id":356,"date":"2024-07-20T06:38:19","date_gmt":"2024-07-20T06:38:19","guid":{"rendered":"https:\/\/filatelia.cuentista.es\/product\/jaime-balmes-2"},"modified":"2024-09-29T04:38:22","modified_gmt":"2024-09-29T04:38:22","slug":"jaime-balmes-2","status":"publish","type":"product","link":"https:\/\/filatelia.cuentista.es\/en\/product\/jaime-balmes-2","title":{"rendered":"Sobre Primer D\u00eda 1974 &#8211; Espa\u00f1a &#8211; Jaime Balmes (BCN)"},"content":{"rendered":"<p>Sobre Primer D\u00eda 1974 &#8211; Espa\u00f1a &#8211; Jaime Balmes (BCN)<\/p>\n<p>Edicion : 28 Mayo de 1974<\/p>\n<p>Matasellado de Barcelona<\/p>\n<p>1 sello de 10 ptas<\/p>\n<p class=\"p1\">Sobre de Alfil<\/p>\n<p class=\"p1\"><b>Los sobres de primer d\u00eda son objetos de colecci\u00f3n muy valorados por los filatelistas.<\/b> Estos sobres especiales se utilizan para enviar una carta el mismo d\u00eda en que se emite un nuevo sello postal. Al ser los primeros en utilizar ese sello en particular, adquieren un valor a\u00f1adido para los coleccionistas. Los sobres de primer d\u00eda suelen incluir un matasellos con la fecha de emisi\u00f3n y el nombre de la oficina de correos donde se expidi\u00f3 el sello, lo que los convierte en piezas \u00fanicas y aut\u00e9nticas. Adem\u00e1s de su valor filat\u00e9lico, estos sobres a menudo presentan dise\u00f1os atractivos y conmemorativos, relacionados con el tema del sello emitido, lo que los convierte en peque\u00f1os tesoros para los amantes de la historia y el arte postal.<\/p>\n<p>Sobre la serie (no se parte de este producto)<\/p>\n<p>Personajes espa\u00f1oles 1974<\/p>\n<p>EDIFIL 2180\/82<\/p>\n<p><img decoding=\"async\" src=\"https:\/\/philatelicos.com\/1172-home_default\/1974-sellos-de-espana-218082-personajes.jpg\" alt=\"1974 Sellos de Espa\u00f1a (2180\/82). Personajes.\" \/><\/p>","protected":false},"excerpt":{"rendered":"<p>Sobre Primer D\u00eda 1974 &#8211; Espa\u00f1a &#8211; Jaime Balmes (BCN)<\/p>\n<p>Edicion : 28 Mayo de 1974<\/p>\n<p>Matasellado de Barcelona<\/p>","protected":false},"featured_media":3456,"comment_status":"open","ping_status":"closed","template":"","meta":{"_acf_changed":false},"product_brand":[],"product_cat":[663,19],"product_tag":[75,190,82,189],"class_list":{"0":"post-356","1":"product","2":"type-product","3":"status-publish","4":"has-post-thumbnail","6":"product_cat-espana","7":"product_cat-spd-sobres-primer-dia","8":"product_tag-75","9":"product_tag-fdc","10":"product_tag-personajes","11":"product_tag-spd","12":"thunk-woo-product-list","13":"opn-qv-enable","14":"open-woo-hover-zoom","15":"open-single-product-tab-horizontal","16":"open-shadow-","17":"open-shadow-hover-","19":"first","20":"instock","21":"shipping-taxable","22":"purchasable","23":"product-type-simple"},"acf":[],"jetpack_sharing_enabled":true,"_links":{"self":[{"href":"https:\/\/filatelia.cuentista.es\/en\/wp-json\/wp\/v2\/product\/356","targetHints":{"allow":["GET"]}}],"collection":[{"href":"https:\/\/filatelia.cuentista.es\/en\/wp-json\/wp\/v2\/product"}],"about":[{"href":"https:\/\/filatelia.cuentista.es\/en\/wp-json\/wp\/v2\/types\/product"}],"replies":[{"embeddable":true,"href":"https:\/\/filatelia.cuentista.es\/en\/wp-json\/wp\/v2\/comments?post=356"}],"wp:featuredmedia":[{"embeddable":true,"href":"https:\/\/filatelia.cuentista.es\/en\/wp-json\/wp\/v2\/media\/3456"}],"wp:attachment":[{"href":"https:\/\/filatelia.cuentista.es\/en\/wp-json\/wp\/v2\/media?parent=356"}],"wp:term":[{"taxonomy":"product_brand","embeddable":true,"href":"https:\/\/filatelia.cuentista.es\/en\/wp-json\/wp\/v2\/product_brand?post=356"},{"taxonomy":"product_cat","embeddable":true,"href":"https:\/\/filatelia.cuentista.es\/en\/wp-json\/wp\/v2\/product_cat?post=356"},{"taxonomy":"product_tag","embeddable":true,"href":"https:\/\/filatelia.cuentista.es\/en\/wp-json\/wp\/v2\/product_tag?post=356"}],"curies":[{"name":"wp","href":"https:\/\/api.w.org\/{rel}","templated":true}]}}