{"id":3558,"date":"2024-10-04T21:14:02","date_gmt":"2024-10-04T21:14:02","guid":{"rendered":"https:\/\/filatelia.cuentista.es\/product\/sello-colombia-1968-congreso-eucaristico-80-centimos-aereo-usado"},"modified":"2024-10-04T21:19:04","modified_gmt":"2024-10-04T21:19:04","slug":"sello-colombia-1968-congreso-eucaristico-80-centimos-aereo-usado","status":"publish","type":"product","link":"https:\/\/filatelia.cuentista.es\/en\/product\/sello-colombia-1968-congreso-eucaristico-80-centimos-aereo-usado","title":{"rendered":"Sello Colombia 1968 &#8211; Congreso Eucar\u00edstico &#8211; 80 C\u00e9ntimos A\u00e9reo Usado"},"content":{"rendered":"<p>The Last Supper, by G.Vasquez<\/p>\n<p><img class=\"size-full\"><\/p>\n<p>Pa\u00eds:<\/p>\n<p>Colombia<\/p>\n<p>Serie:<\/p>\n<p>Eucharistic Congress, 39th Ed. (II)<\/p>\n<p>C\u00f3digo de cat\u00e1logo:<\/p>\n<p>Michel CO 1130<\/p>\n<p>Stamp Number CO C502<\/p>\n<p>Yvert et Tellier CO PA483<\/p>\n<p>Stanley Gibbons CO 1222<\/p>\n<p>Leo Temprano CO 1162<\/p>\n<p>Temas:<\/p>\n<p>Congresos | Pinturas | Religi\u00f3n<\/p>\n<p>Fecha emisi\u00f3n:<\/p>\n<p>1968-08-13<\/p>\n<p>Tama\u00f1o:<\/p>\n<p>39 x 28 mm<\/p>\n<p>Colores:<\/p>\n<p>Multicolor<\/p>\n<p>Marca de agua:<\/p>\n<p>Sin Marca de agua<\/p>\n<p>Impresores\/Imprentas:<\/p>\n<p>Government Printing Bureau, Tokyo<\/p>\n<p>Formato:<\/p>\n<p>Sello<\/p>\n<p>Emisi\u00f3n:<\/p>\n<p>Correo A\u00e9reo<\/p>\n<p>Perforaci\u00f3n:<\/p>\n<p>13<\/p>\n<p>Impresi\u00f3n:<\/p>\n<p>Fotograbado<\/p>\n<p>Valor facial:<\/p>\n<p>0,80 $ &#8211; Peso Colombiano<\/p>\n<p>Tiraje:<\/p>\n<p>5.000.000<\/p>\n<p>Puntuaci\u00f3n:<\/p>\n<p>20% Precisi\u00f3n: Alta<\/p>\n<p>Descripci\u00f3n:<\/p>\n<p>Painting by Gregorio V\u00e1squez de Arce y Ceballos.<\/p>\n<p>The 39th International Eucharistic Congress was held from August 18 to 25, 1968 in Bogot\u00e1. Main theme of the meeting was \u00abThe Eucharist and the Bond of Love\u00bb. Attending the congress were Pope Paul VI, Archbishop Coleman Carroll of Miami, and Archbishop John Francis Dearden of Detroit .<\/p>\n<p><a href=\"https:\/\/colnect.com\/stamps\/stamp\/364789\">https:\/\/colnect.com\/stamps\/stamp\/364789<\/a><\/p>","protected":false},"excerpt":{"rendered":"<p>The Last Supper, by G.Vasquez Pa\u00eds: Colombia Serie: Eucharistic Congress, 39th Ed. (II) C\u00f3digo de cat\u00e1logo: Michel CO 1130 Stamp Number CO C502 Yvert et Tellier CO PA483 Stanley Gibbons CO 1222 Leo Temprano CO 1162 Temas: Congresos | Pinturas | Religi\u00f3n Fecha emisi\u00f3n: 1968-08-13 Tama\u00f1o: 39 x 28 mm Colores: Multicolor Marca de agua: &hellip;<\/p>\n<p class=\"read-more\"> <a class=\"thunk-readmore button\" href=\"https:\/\/filatelia.cuentista.es\/en\/product\/sello-colombia-1968-congreso-eucaristico-80-centimos-aereo-usado\"> <span class=\"screen-reader-text\">Sello Colombia 1968 &#8211; Congreso Eucar\u00edstico &#8211; 80 C\u00e9ntimos A\u00e9reo Usado<\/span>Read More<\/a><\/p>","protected":false},"featured_media":3557,"comment_status":"open","ping_status":"closed","template":"","meta":{"_acf_changed":false},"product_brand":[],"product_cat":[1374,815,20],"product_tag":[],"class_list":{"0":"post-3558","1":"product","2":"type-product","3":"status-publish","4":"has-post-thumbnail","6":"product_cat-colombia","7":"product_cat-correo-aereo","8":"product_cat-sellos-usados","9":"thunk-woo-product-list","10":"opn-qv-enable","11":"open-woo-hover-zoom","12":"open-single-product-tab-horizontal","13":"open-shadow-","14":"open-shadow-hover-","16":"first","17":"instock","18":"shipping-taxable","19":"purchasable","20":"product-type-simple"},"acf":[],"jetpack_sharing_enabled":true,"_links":{"self":[{"href":"https:\/\/filatelia.cuentista.es\/en\/wp-json\/wp\/v2\/product\/3558","targetHints":{"allow":["GET"]}}],"collection":[{"href":"https:\/\/filatelia.cuentista.es\/en\/wp-json\/wp\/v2\/product"}],"about":[{"href":"https:\/\/filatelia.cuentista.es\/en\/wp-json\/wp\/v2\/types\/product"}],"replies":[{"embeddable":true,"href":"https:\/\/filatelia.cuentista.es\/en\/wp-json\/wp\/v2\/comments?post=3558"}],"wp:featuredmedia":[{"embeddable":true,"href":"https:\/\/filatelia.cuentista.es\/en\/wp-json\/wp\/v2\/media\/3557"}],"wp:attachment":[{"href":"https:\/\/filatelia.cuentista.es\/en\/wp-json\/wp\/v2\/media?parent=3558"}],"wp:term":[{"taxonomy":"product_brand","embeddable":true,"href":"https:\/\/filatelia.cuentista.es\/en\/wp-json\/wp\/v2\/product_brand?post=3558"},{"taxonomy":"product_cat","embeddable":true,"href":"https:\/\/filatelia.cuentista.es\/en\/wp-json\/wp\/v2\/product_cat?post=3558"},{"taxonomy":"product_tag","embeddable":true,"href":"https:\/\/filatelia.cuentista.es\/en\/wp-json\/wp\/v2\/product_tag?post=3558"}],"curies":[{"name":"wp","href":"https:\/\/api.w.org\/{rel}","templated":true}]}}