{"id":3556,"date":"2024-10-04T21:05:09","date_gmt":"2024-10-04T21:05:09","guid":{"rendered":"https:\/\/filatelia.cuentista.es\/product\/sello-colombia-nevado-del-ruiz-80-cts-aereo-usado-marron"},"modified":"2024-10-04T21:10:24","modified_gmt":"2024-10-04T21:10:24","slug":"sello-colombia-nevado-del-ruiz-80-cts-aereo-usado-marron","status":"publish","type":"product","link":"https:\/\/filatelia.cuentista.es\/en\/product\/sello-colombia-nevado-del-ruiz-80-cts-aereo-usado-marron","title":{"rendered":"Sello Colombia 1959 &#8211; Nevado del Ruiz &#8211; 80 Cts. a\u00e9reo Usado Marr\u00f3n."},"content":{"rendered":"<p>Nevado del Ruiz, Manizales Overprinted<\/p>\n<p><img class=\"size-full\"><\/p>\n<p>Pa\u00eds:<\/p>\n<p>Colombia<\/p>\n<p>Serie:<\/p>\n<p>UNIFICADO Overprints<\/p>\n<p>C\u00f3digo de cat\u00e1logo:<\/p>\n<p>Michel CO 868<\/p>\n<p>Stamp Number CO C330<\/p>\n<p>Yvert et Tellier CO PA327<\/p>\n<p>Stanley Gibbons CO 974<\/p>\n<p>Leo Temprano CO 941<\/p>\n<p>Sobreimpreso:<\/p>\n<p>Click para ver sobreimpresiones y recargos<\/p>\n<p>Temas:<\/p>\n<p>Aviaci\u00f3n | Aviones | Monta\u00f1as | Paisajes| Volcanes<\/p>\n<p>Fecha emisi\u00f3n:<\/p>\n<p>1959-12-01<\/p>\n<p>Tama\u00f1o:<\/p>\n<p>30 x 35 mm<\/p>\n<p>Colores:<\/p>\n<p>Marr\u00f3n<\/p>\n<p>Marca de agua:<\/p>\n<p>Sin Marca de agua<\/p>\n<p>Formato:<\/p>\n<p>Sello<\/p>\n<p>Emisi\u00f3n:<\/p>\n<p>Correo A\u00e9reo<\/p>\n<p>Perforaci\u00f3n:<\/p>\n<p>13<\/p>\n<p>Impresi\u00f3n:<\/p>\n<p>Rebaje<\/p>\n<p>Valor facial:<\/p>\n<p>20 c &#8211; Centavo Colombiano<\/p>\n<p>Tiraje:<\/p>\n<p>3.531.676<\/p>\n<p>Puntuaci\u00f3n:<\/p>\n<p>17% Precisi\u00f3n: Muy alto<\/p>\n<p>Descripci\u00f3n:<\/p>\n<p>Sobreimpreso en negro \u00abUNIFICADO\u00bb IN AIRPLANE.<\/p>\n<p>Nevado del Ruiz, with an altitude of 5321m, is one of several stratovolcanoes within Los Nevados National Natural Park, a national park located on the border of the departments of Caldas and Tolima in the centre of the Colombian Andes. The summit of Nevado del Ruiz is covered by large glaciers. The park is a popular tourist destination and contains several tourist shelters.<\/p>\n<p><a href=\"https:\/\/colnect.com\/stamps\/stamp\/317000\">https:\/\/colnect.com\/stamps\/stamp\/317000<\/a><\/p>","protected":false},"excerpt":{"rendered":"<p>Nevado del Ruiz, Manizales Overprinted Pa\u00eds: Colombia Serie: UNIFICADO Overprints C\u00f3digo de cat\u00e1logo: Michel CO 868 Stamp Number CO C330 Yvert et Tellier CO PA327 Stanley Gibbons CO 974 Leo Temprano CO 941 Sobreimpreso: Click para ver sobreimpresiones y recargos Temas: Aviaci\u00f3n | Aviones | Monta\u00f1as | Paisajes| Volcanes Fecha emisi\u00f3n: 1959-12-01 Tama\u00f1o: 30 x &hellip;<\/p>\n<p class=\"read-more\"> <a class=\"thunk-readmore button\" href=\"https:\/\/filatelia.cuentista.es\/en\/product\/sello-colombia-nevado-del-ruiz-80-cts-aereo-usado-marron\"> <span class=\"screen-reader-text\">Sello Colombia 1959 &#8211; Nevado del Ruiz &#8211; 80 Cts. a\u00e9reo Usado Marr\u00f3n.<\/span>Read More<\/a><\/p>","protected":false},"featured_media":3555,"comment_status":"open","ping_status":"closed","template":"","meta":{"_acf_changed":false},"product_brand":[],"product_cat":[1374,815,20],"product_tag":[],"class_list":{"0":"post-3556","1":"product","2":"type-product","3":"status-publish","4":"has-post-thumbnail","6":"product_cat-colombia","7":"product_cat-correo-aereo","8":"product_cat-sellos-usados","9":"thunk-woo-product-list","10":"opn-qv-enable","11":"open-woo-hover-zoom","12":"open-single-product-tab-horizontal","13":"open-shadow-","14":"open-shadow-hover-","16":"first","17":"instock","18":"shipping-taxable","19":"purchasable","20":"product-type-simple"},"acf":[],"jetpack_sharing_enabled":true,"_links":{"self":[{"href":"https:\/\/filatelia.cuentista.es\/en\/wp-json\/wp\/v2\/product\/3556","targetHints":{"allow":["GET"]}}],"collection":[{"href":"https:\/\/filatelia.cuentista.es\/en\/wp-json\/wp\/v2\/product"}],"about":[{"href":"https:\/\/filatelia.cuentista.es\/en\/wp-json\/wp\/v2\/types\/product"}],"replies":[{"embeddable":true,"href":"https:\/\/filatelia.cuentista.es\/en\/wp-json\/wp\/v2\/comments?post=3556"}],"wp:featuredmedia":[{"embeddable":true,"href":"https:\/\/filatelia.cuentista.es\/en\/wp-json\/wp\/v2\/media\/3555"}],"wp:attachment":[{"href":"https:\/\/filatelia.cuentista.es\/en\/wp-json\/wp\/v2\/media?parent=3556"}],"wp:term":[{"taxonomy":"product_brand","embeddable":true,"href":"https:\/\/filatelia.cuentista.es\/en\/wp-json\/wp\/v2\/product_brand?post=3556"},{"taxonomy":"product_cat","embeddable":true,"href":"https:\/\/filatelia.cuentista.es\/en\/wp-json\/wp\/v2\/product_cat?post=3556"},{"taxonomy":"product_tag","embeddable":true,"href":"https:\/\/filatelia.cuentista.es\/en\/wp-json\/wp\/v2\/product_tag?post=3556"}],"curies":[{"name":"wp","href":"https:\/\/api.w.org\/{rel}","templated":true}]}}