{"id":3554,"date":"2024-10-04T20:59:45","date_gmt":"2024-10-04T20:59:45","guid":{"rendered":"https:\/\/filatelia.cuentista.es\/product\/sello-colombia-jumbo-747-de-avianca-2-aereo-usado"},"modified":"2024-10-04T21:50:04","modified_gmt":"2024-10-04T21:50:04","slug":"sello-colombia-jumbo-747-de-avianca-2-aereo-usado","status":"publish","type":"product","link":"https:\/\/filatelia.cuentista.es\/en\/product\/sello-colombia-jumbo-747-de-avianca-2-aereo-usado","title":{"rendered":"Sello Colombia 1976 &#8211; Jumbo 747 de Avianca &#8211; 2$ A\u00e9reo Usado"},"content":{"rendered":"<p>747 Jumbo Jet<\/p>\n<p><img class=\"size-full\"><\/p>\n<p>Pa\u00eds:<\/p>\n<p>Colombia<\/p>\n<p>Serie:<\/p>\n<p>Inauguration of 747 Jet service by Avianca<\/p>\n<p>C\u00f3digo de cat\u00e1logo:<\/p>\n<p>Michel CO 1314<\/p>\n<p>Stamp Number CO C633<\/p>\n<p>Yvert et Tellier CO PA602<\/p>\n<p>Stanley Gibbons CO 1403<\/p>\n<p>Leo Temprano CO 1338<\/p>\n<p>Variantes:<\/p>\n<p>Click para ver variantes<\/p>\n<p>Temas:<\/p>\n<p>Aviaci\u00f3n | Aviones | L\u00edneas A\u00e9reas<\/p>\n<p>Fecha emisi\u00f3n:<\/p>\n<p>1976-12-03<\/p>\n<p>Tama\u00f1o:<\/p>\n<p>40 x 30 mm<\/p>\n<p>Colores:<\/p>\n<p>Multicolor<\/p>\n<p>Marca de agua:<\/p>\n<p>Sin Marca de agua<\/p>\n<p>Dise\u00f1adores:<\/p>\n<p>R. San Mart\u00edn<\/p>\n<p>Impresores\/Imprentas:<\/p>\n<p>Carvajal S.A.<\/p>\n<p>Formato:<\/p>\n<p>Sello<\/p>\n<p>Emisi\u00f3n:<\/p>\n<p>Correo A\u00e9reo<\/p>\n<p>Perforaci\u00f3n:<\/p>\n<p>12<\/p>\n<p>Impresi\u00f3n:<\/p>\n<p>Litograf\u00eda offset<\/p>\n<p>Valor facial:<\/p>\n<p>2 $ &#8211; Peso Colombiano<\/p>\n<p>Tiraje:<\/p>\n<p>3.050.000<\/p>\n<p>Puntuaci\u00f3n:<\/p>\n<p>17% Precisi\u00f3n: Muy alto<\/p>\n<p>Descripci\u00f3n:<\/p>\n<p>The Boeing 747 is an American wide-body commercial jet airliner and cargo aircraft, often referred to by its original nickname, \u00abJumbo Jet\u00bb. Its distinctive \u00abhump\u00bb upper deck along the forward part of the aircraft has made it one of the most recognizable aircraft, and it was the first wide-body airplane produced. First flown commercially in 1970, the 747 held the passenger capacity record for 37 years.<\/p>\n<p><a href=\"https:\/\/colnect.com\/stamps\/stamp\/314409\">https:\/\/colnect.com\/stamps\/stamp\/314409<\/a><\/p>","protected":false},"excerpt":{"rendered":"<p>747 Jumbo Jet Pa\u00eds: Colombia Serie: Inauguration of 747 Jet service by Avianca C\u00f3digo de cat\u00e1logo: Michel CO 1314 Stamp Number CO C633 Yvert et Tellier CO PA602 Stanley Gibbons CO 1403 Leo Temprano CO 1338 Variantes: Click para ver variantes Temas: Aviaci\u00f3n | Aviones | L\u00edneas A\u00e9reas Fecha emisi\u00f3n: 1976-12-03 Tama\u00f1o: 40 x 30 &hellip;<\/p>\n<p class=\"read-more\"> <a class=\"thunk-readmore button\" href=\"https:\/\/filatelia.cuentista.es\/en\/product\/sello-colombia-jumbo-747-de-avianca-2-aereo-usado\"> <span class=\"screen-reader-text\">Sello Colombia 1976 &#8211; Jumbo 747 de Avianca &#8211; 2$ A\u00e9reo Usado<\/span>Read More<\/a><\/p>","protected":false},"featured_media":3553,"comment_status":"open","ping_status":"closed","template":"","meta":{"_acf_changed":false},"product_brand":[],"product_cat":[1374,815,20],"product_tag":[],"class_list":{"0":"post-3554","1":"product","2":"type-product","3":"status-publish","4":"has-post-thumbnail","6":"product_cat-colombia","7":"product_cat-correo-aereo","8":"product_cat-sellos-usados","9":"thunk-woo-product-list","10":"opn-qv-enable","11":"open-woo-hover-zoom","12":"open-single-product-tab-horizontal","13":"open-shadow-","14":"open-shadow-hover-","16":"first","17":"instock","18":"shipping-taxable","19":"purchasable","20":"product-type-simple"},"acf":[],"jetpack_sharing_enabled":true,"_links":{"self":[{"href":"https:\/\/filatelia.cuentista.es\/en\/wp-json\/wp\/v2\/product\/3554","targetHints":{"allow":["GET"]}}],"collection":[{"href":"https:\/\/filatelia.cuentista.es\/en\/wp-json\/wp\/v2\/product"}],"about":[{"href":"https:\/\/filatelia.cuentista.es\/en\/wp-json\/wp\/v2\/types\/product"}],"replies":[{"embeddable":true,"href":"https:\/\/filatelia.cuentista.es\/en\/wp-json\/wp\/v2\/comments?post=3554"}],"wp:featuredmedia":[{"embeddable":true,"href":"https:\/\/filatelia.cuentista.es\/en\/wp-json\/wp\/v2\/media\/3553"}],"wp:attachment":[{"href":"https:\/\/filatelia.cuentista.es\/en\/wp-json\/wp\/v2\/media?parent=3554"}],"wp:term":[{"taxonomy":"product_brand","embeddable":true,"href":"https:\/\/filatelia.cuentista.es\/en\/wp-json\/wp\/v2\/product_brand?post=3554"},{"taxonomy":"product_cat","embeddable":true,"href":"https:\/\/filatelia.cuentista.es\/en\/wp-json\/wp\/v2\/product_cat?post=3554"},{"taxonomy":"product_tag","embeddable":true,"href":"https:\/\/filatelia.cuentista.es\/en\/wp-json\/wp\/v2\/product_tag?post=3554"}],"curies":[{"name":"wp","href":"https:\/\/api.w.org\/{rel}","templated":true}]}}