{"id":3542,"date":"2024-10-04T18:29:09","date_gmt":"2024-10-04T18:29:09","guid":{"rendered":"https:\/\/filatelia.cuentista.es\/product\/sello-colombia-sobreporte-tres-pesos"},"modified":"2024-10-04T18:34:02","modified_gmt":"2024-10-04T18:34:02","slug":"sello-colombia-sobreporte-tres-pesos","status":"publish","type":"product","link":"https:\/\/filatelia.cuentista.es\/en\/product\/sello-colombia-sobreporte-tres-pesos","title":{"rendered":"Sello Colombia 1951 &#8211; Independencia- Sobreporte &#8211; Tres Pesos"},"content":{"rendered":"<p>Proclamation of Independence\u00bb (C. Leudo) &#8211; overprinted<\/p>\n<p><img class=\"size-full\"><\/p>\n<p>Pa\u00eds:<\/p>\n<p>Colombia<\/p>\n<p>Serie:<\/p>\n<p>Issues for AVIANCA Airline<\/p>\n<p>C\u00f3digo de cat\u00e1logo:<\/p>\n<p>Michel CO 620<\/p>\n<p>Stamp Number CO C215<\/p>\n<p>Yvert et Tellier CO PA213<\/p>\n<p>Stanley Gibbons CO AC21<\/p>\n<p>Leo Temprano CO 712<\/p>\n<p>Variantes:<\/p>\n<p>Click para ver variantes<\/p>\n<p>Temas:<\/p>\n<p>Letras (Alfabeto) | Personajes de la Independencia | Pol\u00edtica<\/p>\n<p>Fecha emisi\u00f3n:<\/p>\n<p>1951-10-01<\/p>\n<p>Tama\u00f1o:<\/p>\n<p>37 x 27 mm<\/p>\n<p>Colores:<\/p>\n<p>Chocolate | Esmeralda<\/p>\n<p>Marca de agua:<\/p>\n<p>Sin Marca de agua<\/p>\n<p>Impresores\/Imprentas:<\/p>\n<p>American Bank Note Co.<\/p>\n<p>Formato:<\/p>\n<p>Sello<\/p>\n<p>Emisi\u00f3n:<\/p>\n<p>Correo A\u00e9reo<\/p>\n<p>Perforaci\u00f3n:<\/p>\n<p>12<\/p>\n<p>Impresi\u00f3n:<\/p>\n<p>Rebaje<\/p>\n<p>Valor facial:<\/p>\n<p>3 $ &#8211; Peso Colombiano<\/p>\n<p>Tiraje:<\/p>\n<p>100.000<\/p>\n<p>Puntuaci\u00f3n:<\/p>\n<p>54% Precisi\u00f3n: Media<\/p>\n<p>Descripci\u00f3n:<\/p>\n<p>Overprinted with non-solid black \u00abA\u00bb (for AVIANCA) in lower right corner.<\/p>\n<p>The stamp shows the signing of the Independency Act on July 20, 1810.<\/p>\n<p><a href=\"https:\/\/colnect.com\/stamps\/stamp\/511323\">https:\/\/colnect.com\/stamps\/stamp\/511323<\/a><\/p>","protected":false},"excerpt":{"rendered":"<p>Proclamation of Independence\u00bb (C. Leudo) &#8211; overprinted Pa\u00eds: Colombia Serie: Issues for AVIANCA Airline C\u00f3digo de cat\u00e1logo: Michel CO 620 Stamp Number CO C215 Yvert et Tellier CO PA213 Stanley Gibbons CO AC21 Leo Temprano CO 712 Variantes: Click para ver variantes Temas: Letras (Alfabeto) | Personajes de la Independencia | Pol\u00edtica Fecha emisi\u00f3n: 1951-10-01 &hellip;<\/p>\n<p class=\"read-more\"> <a class=\"thunk-readmore button\" href=\"https:\/\/filatelia.cuentista.es\/en\/product\/sello-colombia-sobreporte-tres-pesos\"> <span class=\"screen-reader-text\">Sello Colombia 1951 &#8211; Independencia- Sobreporte &#8211; Tres Pesos<\/span>Read More<\/a><\/p>","protected":false},"featured_media":3541,"comment_status":"open","ping_status":"closed","template":"","meta":{"_acf_changed":false},"product_brand":[],"product_cat":[1374,20],"product_tag":[],"class_list":{"0":"post-3542","1":"product","2":"type-product","3":"status-publish","4":"has-post-thumbnail","6":"product_cat-colombia","7":"product_cat-sellos-usados","8":"thunk-woo-product-list","9":"opn-qv-enable","10":"open-woo-hover-zoom","11":"open-single-product-tab-horizontal","12":"open-shadow-","13":"open-shadow-hover-","15":"first","16":"instock","17":"shipping-taxable","18":"purchasable","19":"product-type-simple"},"acf":[],"jetpack_sharing_enabled":true,"_links":{"self":[{"href":"https:\/\/filatelia.cuentista.es\/en\/wp-json\/wp\/v2\/product\/3542","targetHints":{"allow":["GET"]}}],"collection":[{"href":"https:\/\/filatelia.cuentista.es\/en\/wp-json\/wp\/v2\/product"}],"about":[{"href":"https:\/\/filatelia.cuentista.es\/en\/wp-json\/wp\/v2\/types\/product"}],"replies":[{"embeddable":true,"href":"https:\/\/filatelia.cuentista.es\/en\/wp-json\/wp\/v2\/comments?post=3542"}],"wp:featuredmedia":[{"embeddable":true,"href":"https:\/\/filatelia.cuentista.es\/en\/wp-json\/wp\/v2\/media\/3541"}],"wp:attachment":[{"href":"https:\/\/filatelia.cuentista.es\/en\/wp-json\/wp\/v2\/media?parent=3542"}],"wp:term":[{"taxonomy":"product_brand","embeddable":true,"href":"https:\/\/filatelia.cuentista.es\/en\/wp-json\/wp\/v2\/product_brand?post=3542"},{"taxonomy":"product_cat","embeddable":true,"href":"https:\/\/filatelia.cuentista.es\/en\/wp-json\/wp\/v2\/product_cat?post=3542"},{"taxonomy":"product_tag","embeddable":true,"href":"https:\/\/filatelia.cuentista.es\/en\/wp-json\/wp\/v2\/product_tag?post=3542"}],"curies":[{"name":"wp","href":"https:\/\/api.w.org\/{rel}","templated":true}]}}