{"id":3538,"date":"2024-10-04T05:23:08","date_gmt":"2024-10-04T05:23:08","guid":{"rendered":"https:\/\/filatelia.cuentista.es\/product\/sello-colombia-paisaje-del-puerto-5-centavos-rojo-y-azul-usado"},"modified":"2024-10-04T05:25:33","modified_gmt":"2024-10-04T05:25:33","slug":"sello-colombia-paisaje-del-puerto-5-centavos-rojo-y-azul-usado","status":"publish","type":"product","link":"https:\/\/filatelia.cuentista.es\/en\/product\/sello-colombia-paisaje-del-puerto-5-centavos-rojo-y-azul-usado","title":{"rendered":"Sello Colombia 1956 &#8211; Paisaje del Puerto &#8211; 5 Centavos Rojo y Azul, Usado"},"content":{"rendered":"<p>View of Port, San Andres<\/p>\n<p><img class=\"size-full\"><\/p>\n<p>Pa\u00eds:<\/p>\n<p>Colombia<\/p>\n<p>Serie:<\/p>\n<p>Departmental Issue<\/p>\n<p>C\u00f3digo de cat\u00e1logo:<\/p>\n<p>Michel CO 772<\/p>\n<p>Stamp Number CO 650<\/p>\n<p>Yvert et Tellier CO 513<\/p>\n<p>Stanley Gibbons CO 875<\/p>\n<p>Leo Temprano CO 841<\/p>\n<p>Temas:<\/p>\n<p>Agua | Puertos | Zonas Costeras<\/p>\n<p>Fecha emisi\u00f3n:<\/p>\n<p>1956-04-05<\/p>\n<p>Tama\u00f1o:<\/p>\n<p>35 x 30 mm<\/p>\n<p>Colores:<\/p>\n<p>Azul verdoso | Carm\u00edn<\/p>\n<p>Marca de agua:<\/p>\n<p>Sin Marca de agua<\/p>\n<p>Impresores\/Imprentas:<\/p>\n<p>De La Rue &amp; Co. Ltd.<\/p>\n<p>Formato:<\/p>\n<p>Sello<\/p>\n<p>Emisi\u00f3n:<\/p>\n<p>Definitivo<\/p>\n<p>Perforaci\u00f3n:<\/p>\n<p>13<\/p>\n<p>Impresi\u00f3n:<\/p>\n<p>Rebaje<\/p>\n<p>Valor facial:<\/p>\n<p>5 c &#8211; Centavo Colombiano<\/p>\n<p>Tiraje:<\/p>\n<p>10.000.000<\/p>\n<p>Puntuaci\u00f3n:<\/p>\n<p>11% Precisi\u00f3n: Muy alto<\/p>\n<p>Descripci\u00f3n:<\/p>\n<p>Issued to publicize the main economical resources of the colombian departments, San Andr\u00e9s and Providencia is known for its tourist attractions, offers and infrastructure.<\/p>\n<p><a href=\"https:\/\/colnect.com\/stamps\/stamp\/274588\">https:\/\/colnect.com\/stamps\/stamp\/274588<\/a><\/p>","protected":false},"excerpt":{"rendered":"<p>View of Port, San Andres Pa\u00eds: Colombia Serie: Departmental Issue C\u00f3digo de cat\u00e1logo: Michel CO 772 Stamp Number CO 650 Yvert et Tellier CO 513 Stanley Gibbons CO 875 Leo Temprano CO 841 Temas: Agua | Puertos | Zonas Costeras Fecha emisi\u00f3n: 1956-04-05 Tama\u00f1o: 35 x 30 mm Colores: Azul verdoso | Carm\u00edn Marca de &hellip;<\/p>\n<p class=\"read-more\"> <a class=\"thunk-readmore button\" href=\"https:\/\/filatelia.cuentista.es\/en\/product\/sello-colombia-paisaje-del-puerto-5-centavos-rojo-y-azul-usado\"> <span class=\"screen-reader-text\">Sello Colombia 1956 &#8211; Paisaje del Puerto &#8211; 5 Centavos Rojo y Azul, Usado<\/span>Read More<\/a><\/p>","protected":false},"featured_media":3537,"comment_status":"open","ping_status":"closed","template":"","meta":{"_acf_changed":false},"product_brand":[],"product_cat":[1374,20],"product_tag":[],"class_list":{"0":"post-3538","1":"product","2":"type-product","3":"status-publish","4":"has-post-thumbnail","6":"product_cat-colombia","7":"product_cat-sellos-usados","8":"thunk-woo-product-list","9":"opn-qv-enable","10":"open-woo-hover-zoom","11":"open-single-product-tab-horizontal","12":"open-shadow-","13":"open-shadow-hover-","15":"first","16":"instock","17":"sale","18":"shipping-taxable","19":"purchasable","20":"product-type-simple"},"acf":[],"jetpack_sharing_enabled":true,"_links":{"self":[{"href":"https:\/\/filatelia.cuentista.es\/en\/wp-json\/wp\/v2\/product\/3538","targetHints":{"allow":["GET"]}}],"collection":[{"href":"https:\/\/filatelia.cuentista.es\/en\/wp-json\/wp\/v2\/product"}],"about":[{"href":"https:\/\/filatelia.cuentista.es\/en\/wp-json\/wp\/v2\/types\/product"}],"replies":[{"embeddable":true,"href":"https:\/\/filatelia.cuentista.es\/en\/wp-json\/wp\/v2\/comments?post=3538"}],"wp:featuredmedia":[{"embeddable":true,"href":"https:\/\/filatelia.cuentista.es\/en\/wp-json\/wp\/v2\/media\/3537"}],"wp:attachment":[{"href":"https:\/\/filatelia.cuentista.es\/en\/wp-json\/wp\/v2\/media?parent=3538"}],"wp:term":[{"taxonomy":"product_brand","embeddable":true,"href":"https:\/\/filatelia.cuentista.es\/en\/wp-json\/wp\/v2\/product_brand?post=3538"},{"taxonomy":"product_cat","embeddable":true,"href":"https:\/\/filatelia.cuentista.es\/en\/wp-json\/wp\/v2\/product_cat?post=3538"},{"taxonomy":"product_tag","embeddable":true,"href":"https:\/\/filatelia.cuentista.es\/en\/wp-json\/wp\/v2\/product_tag?post=3538"}],"curies":[{"name":"wp","href":"https:\/\/api.w.org\/{rel}","templated":true}]}}