{"id":3536,"date":"2024-10-04T05:11:07","date_gmt":"2024-10-04T05:11:07","guid":{"rendered":"https:\/\/filatelia.cuentista.es\/product\/sello-colombia-armadillo-130-pesos-aereo-usado"},"modified":"2024-10-04T20:25:23","modified_gmt":"2024-10-04T20:25:23","slug":"sello-colombia-armadillo-130-pesos-aereo-usado","status":"publish","type":"product","link":"https:\/\/filatelia.cuentista.es\/en\/product\/sello-colombia-armadillo-130-pesos-aereo-usado","title":{"rendered":"Sello Colombia 1960 &#8211; Armadillo &#8211; 1,30 Pesos, A\u00e9reo Usado"},"content":{"rendered":"<p>Nine-banded Armadillo (Dasypus novemcinctus)<\/p>\n<p><img class=\"size-full\"><\/p>\n<p>Pa\u00eds:<\/p>\n<p>Colombia<\/p>\n<p>Serie:<\/p>\n<p>Alexander von Humboldt, 1st death Cent.<\/p>\n<p>C\u00f3digo de cat\u00e1logo:<\/p>\n<p>Michel CO 905<\/p>\n<p>Stamp Number CO C358<\/p>\n<p>Yvert et Tellier CO PA349<\/p>\n<p>Stanley Gibbons CO 1009<\/p>\n<p>Leo Temprano CO 968<\/p>\n<p>Temas:<\/p>\n<p>Animales (Fauna) | Mam\u00edferos<\/p>\n<p>Fecha emisi\u00f3n:<\/p>\n<p>1960-02-12<\/p>\n<p>Tama\u00f1o:<\/p>\n<p>40 x 25 mm<\/p>\n<p>Colores:<\/p>\n<p>Marr\u00f3n oscuro | Rosa Carm\u00edn<\/p>\n<p>Marca de agua:<\/p>\n<p>Sin Marca de agua<\/p>\n<p>Dise\u00f1adores:<\/p>\n<p>Imre von Mosd\u00f3ssy<\/p>\n<p>Impresores\/Imprentas:<\/p>\n<p>\u00d6sterreichische Staatsdruckerei (Austrian State Printer)<\/p>\n<p>Formato:<\/p>\n<p>Sello<\/p>\n<p>Emisi\u00f3n:<\/p>\n<p>Correo A\u00e9reo<\/p>\n<p>Perforaci\u00f3n:<\/p>\n<p>12<\/p>\n<p>Impresi\u00f3n:<\/p>\n<p>Fotograbado<\/p>\n<p>Valor facial:<\/p>\n<p>1,30 $ &#8211; Peso Colombiano<\/p>\n<p>Tiraje:<\/p>\n<p>300.000<\/p>\n<p>Puntuaci\u00f3n:<\/p>\n<p>50% Precisi\u00f3n: Alta<\/p>\n<p>Descripci\u00f3n:<\/p>\n<p>The nine-banded armadillo, is a medium-sized mammal found in North, Central, and South America. It is mainly a nocturnal animal, found in many kinds of habitats, from mature and secondary rainforests to grassland and dry scrub. It is an insectivore, feeding chiefly on ants, termites, and other small invertebrates.<\/p>\n<p><a href=\"https:\/\/colnect.com\/stamps\/stamp\/153891\">https:\/\/colnect.com\/stamps\/stamp\/153891<\/a><\/p>","protected":false},"excerpt":{"rendered":"<p>Nine-banded Armadillo (Dasypus novemcinctus) Pa\u00eds: Colombia Serie: Alexander von Humboldt, 1st death Cent. C\u00f3digo de cat\u00e1logo: Michel CO 905 Stamp Number CO C358 Yvert et Tellier CO PA349 Stanley Gibbons CO 1009 Leo Temprano CO 968 Temas: Animales (Fauna) | Mam\u00edferos Fecha emisi\u00f3n: 1960-02-12 Tama\u00f1o: 40 x 25 mm Colores: Marr\u00f3n oscuro | Rosa Carm\u00edn &hellip;<\/p>\n<p class=\"read-more\"> <a class=\"thunk-readmore button\" href=\"https:\/\/filatelia.cuentista.es\/en\/product\/sello-colombia-armadillo-130-pesos-aereo-usado\"> <span class=\"screen-reader-text\">Sello Colombia 1960 &#8211; Armadillo &#8211; 1,30 Pesos, A\u00e9reo Usado<\/span>Read More<\/a><\/p>","protected":false},"featured_media":3535,"comment_status":"open","ping_status":"closed","template":"","meta":{"_acf_changed":false},"product_brand":[],"product_cat":[1374,815,20],"product_tag":[],"class_list":{"0":"post-3536","1":"product","2":"type-product","3":"status-publish","4":"has-post-thumbnail","6":"product_cat-colombia","7":"product_cat-correo-aereo","8":"product_cat-sellos-usados","9":"thunk-woo-product-list","10":"opn-qv-enable","11":"open-woo-hover-zoom","12":"open-single-product-tab-horizontal","13":"open-shadow-","14":"open-shadow-hover-","16":"first","17":"instock","18":"shipping-taxable","19":"purchasable","20":"product-type-simple"},"acf":[],"jetpack_sharing_enabled":true,"_links":{"self":[{"href":"https:\/\/filatelia.cuentista.es\/en\/wp-json\/wp\/v2\/product\/3536","targetHints":{"allow":["GET"]}}],"collection":[{"href":"https:\/\/filatelia.cuentista.es\/en\/wp-json\/wp\/v2\/product"}],"about":[{"href":"https:\/\/filatelia.cuentista.es\/en\/wp-json\/wp\/v2\/types\/product"}],"replies":[{"embeddable":true,"href":"https:\/\/filatelia.cuentista.es\/en\/wp-json\/wp\/v2\/comments?post=3536"}],"wp:featuredmedia":[{"embeddable":true,"href":"https:\/\/filatelia.cuentista.es\/en\/wp-json\/wp\/v2\/media\/3535"}],"wp:attachment":[{"href":"https:\/\/filatelia.cuentista.es\/en\/wp-json\/wp\/v2\/media?parent=3536"}],"wp:term":[{"taxonomy":"product_brand","embeddable":true,"href":"https:\/\/filatelia.cuentista.es\/en\/wp-json\/wp\/v2\/product_brand?post=3536"},{"taxonomy":"product_cat","embeddable":true,"href":"https:\/\/filatelia.cuentista.es\/en\/wp-json\/wp\/v2\/product_cat?post=3536"},{"taxonomy":"product_tag","embeddable":true,"href":"https:\/\/filatelia.cuentista.es\/en\/wp-json\/wp\/v2\/product_tag?post=3536"}],"curies":[{"name":"wp","href":"https:\/\/api.w.org\/{rel}","templated":true}]}}