{"id":3534,"date":"2024-10-03T20:30:48","date_gmt":"2024-10-03T20:30:48","guid":{"rendered":"https:\/\/filatelia.cuentista.es\/product\/sello-colombia-federacion-nacional-de-cafeteros-10-centavos-aereo-usado"},"modified":"2024-10-03T20:37:12","modified_gmt":"2024-10-03T20:37:12","slug":"sello-colombia-federacion-nacional-de-cafeteros-10-centavos-aereo-usado","status":"publish","type":"product","link":"https:\/\/filatelia.cuentista.es\/en\/product\/sello-colombia-federacion-nacional-de-cafeteros-10-centavos-aereo-usado","title":{"rendered":"Sello Colombia 1977 &#8211; Federaci\u00f3n Nacional de Cafeteros &#8211; 10 Centavos A\u00e9reo Usado"},"content":{"rendered":"<p>Coffee Grower, Pack Mule<\/p>\n<p><img class=\"size-full\"><\/p>\n<p>Pa\u00eds:<\/p>\n<p>Colombia<\/p>\n<p>Serie:<\/p>\n<p>National Federation of Coffee Growers, 50th anniversary<\/p>\n<p>C\u00f3digo de cat\u00e1logo:<\/p>\n<p>Michel CO 1329<\/p>\n<p>Stamp Number CO C642<\/p>\n<p>Yvert et Tellier CO PA606<\/p>\n<p>Stanley Gibbons CO 1417<\/p>\n<p>Leo Temprano CO 1352<\/p>\n<p>Temas:<\/p>\n<p>Agricultura | Animales (Fauna) | Caf\u00e9 | Personas<\/p>\n<p>Fecha emisi\u00f3n:<\/p>\n<p>1977-08-09<\/p>\n<p>Tama\u00f1o:<\/p>\n<p>30 x 40 mm<\/p>\n<p>Colores:<\/p>\n<p>Multicolor<\/p>\n<p>Marca de agua:<\/p>\n<p>Sin Marca de agua<\/p>\n<p>Impresores\/Imprentas:<\/p>\n<p>De La Rue de Colombia<\/p>\n<p>Formato:<\/p>\n<p>Sello<\/p>\n<p>Emisi\u00f3n:<\/p>\n<p>Correo A\u00e9reo<\/p>\n<p>Perforaci\u00f3n:<\/p>\n<p>peine13\u00bd x 14<\/p>\n<p>Impresi\u00f3n:<\/p>\n<p>Litograf\u00eda offset<\/p>\n<p>Goma:<\/p>\n<p>Lustroso<\/p>\n<p>Valor facial:<\/p>\n<p>10 $ &#8211; Peso Colombiano<\/p>\n<p>Tiraje:<\/p>\n<p>3.000.000<\/p>\n<p>Puntuaci\u00f3n:<\/p>\n<p>20% Precisi\u00f3n: Alta<\/p>\n<p>Descripci\u00f3n:<\/p>\n<p>The National Federation of Coffee Growers of Colombia is a non-profit business association, popularly known for its \u00abJuan Valdez\u00bb marketing campaign. The federation was founded in 1927 as a business cooperative that promotes the production and exportation of Colombian coffee. It currently represents more than 500,000 producers, most of whom are small family owned farms.<\/p>\n<p><a href=\"https:\/\/colnect.com\/stamps\/stamp\/478043\">https:\/\/colnect.com\/stamps\/stamp\/478043<\/a><\/p>","protected":false},"excerpt":{"rendered":"<p>Coffee Grower, Pack Mule Pa\u00eds: Colombia Serie: National Federation of Coffee Growers, 50th anniversary C\u00f3digo de cat\u00e1logo: Michel CO 1329 Stamp Number CO C642 Yvert et Tellier CO PA606 Stanley Gibbons CO 1417 Leo Temprano CO 1352 Temas: Agricultura | Animales (Fauna) | Caf\u00e9 | Personas Fecha emisi\u00f3n: 1977-08-09 Tama\u00f1o: 30 x 40 mm Colores: &hellip;<\/p>\n<p class=\"read-more\"> <a class=\"thunk-readmore button\" href=\"https:\/\/filatelia.cuentista.es\/en\/product\/sello-colombia-federacion-nacional-de-cafeteros-10-centavos-aereo-usado\"> <span class=\"screen-reader-text\">Sello Colombia 1977 &#8211; Federaci\u00f3n Nacional de Cafeteros &#8211; 10 Centavos A\u00e9reo Usado<\/span>Read More<\/a><\/p>","protected":false},"featured_media":3533,"comment_status":"open","ping_status":"closed","template":"","meta":{"_acf_changed":false},"product_brand":[],"product_cat":[1374,815,20],"product_tag":[],"class_list":{"0":"post-3534","1":"product","2":"type-product","3":"status-publish","4":"has-post-thumbnail","6":"product_cat-colombia","7":"product_cat-correo-aereo","8":"product_cat-sellos-usados","9":"thunk-woo-product-list","10":"opn-qv-enable","11":"open-woo-hover-zoom","12":"open-single-product-tab-horizontal","13":"open-shadow-","14":"open-shadow-hover-","16":"first","17":"instock","18":"shipping-taxable","19":"purchasable","20":"product-type-simple"},"acf":[],"jetpack_sharing_enabled":true,"_links":{"self":[{"href":"https:\/\/filatelia.cuentista.es\/en\/wp-json\/wp\/v2\/product\/3534","targetHints":{"allow":["GET"]}}],"collection":[{"href":"https:\/\/filatelia.cuentista.es\/en\/wp-json\/wp\/v2\/product"}],"about":[{"href":"https:\/\/filatelia.cuentista.es\/en\/wp-json\/wp\/v2\/types\/product"}],"replies":[{"embeddable":true,"href":"https:\/\/filatelia.cuentista.es\/en\/wp-json\/wp\/v2\/comments?post=3534"}],"wp:featuredmedia":[{"embeddable":true,"href":"https:\/\/filatelia.cuentista.es\/en\/wp-json\/wp\/v2\/media\/3533"}],"wp:attachment":[{"href":"https:\/\/filatelia.cuentista.es\/en\/wp-json\/wp\/v2\/media?parent=3534"}],"wp:term":[{"taxonomy":"product_brand","embeddable":true,"href":"https:\/\/filatelia.cuentista.es\/en\/wp-json\/wp\/v2\/product_brand?post=3534"},{"taxonomy":"product_cat","embeddable":true,"href":"https:\/\/filatelia.cuentista.es\/en\/wp-json\/wp\/v2\/product_cat?post=3534"},{"taxonomy":"product_tag","embeddable":true,"href":"https:\/\/filatelia.cuentista.es\/en\/wp-json\/wp\/v2\/product_tag?post=3534"}],"curies":[{"name":"wp","href":"https:\/\/api.w.org\/{rel}","templated":true}]}}