{"id":3532,"date":"2024-10-03T20:23:26","date_gmt":"2024-10-03T20:23:26","guid":{"rendered":"https:\/\/filatelia.cuentista.es\/product\/sello-colombia-1958-ano-geofisico-mundial-25-centavos-verde-usado-aereo"},"modified":"2024-10-03T20:26:06","modified_gmt":"2024-10-03T20:26:06","slug":"sello-colombia-1958-ano-geofisico-mundial-25-centavos-verde-usado-aereo","status":"publish","type":"product","link":"https:\/\/filatelia.cuentista.es\/en\/product\/sello-colombia-1958-ano-geofisico-mundial-25-centavos-verde-usado-aereo","title":{"rendered":"Sello Colombia 1958 &#8211; A\u00f1o Geof\u00edsico Mundial &#8211; 25 Centavos Verde Usado &#8211; A\u00e9reo"},"content":{"rendered":"<p>Francisco Jose de Caldas, Hypsometer<\/p>\n<p><img class=\"size-full\"><\/p>\n<p>Pa\u00eds:<\/p>\n<p>Colombia<\/p>\n<p>Serie:<\/p>\n<p>International Geophysical Year<\/p>\n<p>C\u00f3digo de cat\u00e1logo:<\/p>\n<p>Michel CO 828<\/p>\n<p>Stamp Number CO C309<\/p>\n<p>Yvert et Tellier CO PA308<\/p>\n<p>Stanley Gibbons CO 934<\/p>\n<p>Leo Temprano CO 896<\/p>\n<p>Temas:<\/p>\n<p>A\u00f1os Internacionales | Hombres | Personajes Famosos | Qu\u00edmicos<\/p>\n<p>Fecha emisi\u00f3n:<\/p>\n<p>1958-05-12<\/p>\n<p>Tama\u00f1o:<\/p>\n<p>40 x 25 mm<\/p>\n<p>Colores:<\/p>\n<p>Verde oscuro<\/p>\n<p>Marca de agua:<\/p>\n<p>Sin Marca de agua<\/p>\n<p>Dise\u00f1adores:<\/p>\n<p>Imre von Mosd\u00f3ssy<\/p>\n<p>Impresores\/Imprentas:<\/p>\n<p>\u00d6sterreichische Staatsdruckerei (Austrian State Printer)<\/p>\n<p>Formato:<\/p>\n<p>Sello<\/p>\n<p>Emisi\u00f3n:<\/p>\n<p>Correo A\u00e9reo<\/p>\n<p>Perforaci\u00f3n:<\/p>\n<p>peine12<\/p>\n<p>Impresi\u00f3n:<\/p>\n<p>Fotograbado<\/p>\n<p>Valor facial:<\/p>\n<p>25 c &#8211; Centavo Colombiano<\/p>\n<p>Tiraje:<\/p>\n<p>5.000.000<\/p>\n<p>Puntuaci\u00f3n:<\/p>\n<p>14% Precisi\u00f3n: Muy alto<\/p>\n<p>Descripci\u00f3n:<\/p>\n<p>The International Geophysical Year was an international scientific project that lasted from July 1, 1957, to December 31, 1958. It marked the end of a long period during the Cold War when scientific interchange between East and West had been seriously interrupted. Sixty-seven countries participated in the programs wich encompassed eleven Earth sciences: aurora and airglow, cosmic rays, geomagnetism, gravity, ionospheric physics, longitude and latitude determinations (precision mapping), meteorology, oceanography, seismology, and solar activity projects.<\/p>\n<p><a href=\"https:\/\/colnect.com\/stamps\/stamp\/316973\">https:\/\/colnect.com\/stamps\/stamp\/316973<\/a><\/p>","protected":false},"excerpt":{"rendered":"<p>Francisco Jose de Caldas, Hypsometer Pa\u00eds: Colombia Serie: International Geophysical Year C\u00f3digo de cat\u00e1logo: Michel CO 828 Stamp Number CO C309 Yvert et Tellier CO PA308 Stanley Gibbons CO 934 Leo Temprano CO 896 Temas: A\u00f1os Internacionales | Hombres | Personajes Famosos | Qu\u00edmicos Fecha emisi\u00f3n: 1958-05-12 Tama\u00f1o: 40 x 25 mm Colores: Verde oscuro &hellip;<\/p>\n<p class=\"read-more\"> <a class=\"thunk-readmore button\" href=\"https:\/\/filatelia.cuentista.es\/en\/product\/sello-colombia-1958-ano-geofisico-mundial-25-centavos-verde-usado-aereo\"> <span class=\"screen-reader-text\">Sello Colombia 1958 &#8211; A\u00f1o Geof\u00edsico Mundial &#8211; 25 Centavos Verde Usado &#8211; A\u00e9reo<\/span>Read More<\/a><\/p>","protected":false},"featured_media":3531,"comment_status":"open","ping_status":"closed","template":"","meta":{"_acf_changed":false},"product_brand":[],"product_cat":[1374,815,20],"product_tag":[],"class_list":{"0":"post-3532","1":"product","2":"type-product","3":"status-publish","4":"has-post-thumbnail","6":"product_cat-colombia","7":"product_cat-correo-aereo","8":"product_cat-sellos-usados","9":"thunk-woo-product-list","10":"opn-qv-enable","11":"open-woo-hover-zoom","12":"open-single-product-tab-horizontal","13":"open-shadow-","14":"open-shadow-hover-","16":"first","17":"instock","18":"sale","19":"shipping-taxable","20":"purchasable","21":"product-type-simple"},"acf":[],"jetpack_sharing_enabled":true,"_links":{"self":[{"href":"https:\/\/filatelia.cuentista.es\/en\/wp-json\/wp\/v2\/product\/3532","targetHints":{"allow":["GET"]}}],"collection":[{"href":"https:\/\/filatelia.cuentista.es\/en\/wp-json\/wp\/v2\/product"}],"about":[{"href":"https:\/\/filatelia.cuentista.es\/en\/wp-json\/wp\/v2\/types\/product"}],"replies":[{"embeddable":true,"href":"https:\/\/filatelia.cuentista.es\/en\/wp-json\/wp\/v2\/comments?post=3532"}],"wp:featuredmedia":[{"embeddable":true,"href":"https:\/\/filatelia.cuentista.es\/en\/wp-json\/wp\/v2\/media\/3531"}],"wp:attachment":[{"href":"https:\/\/filatelia.cuentista.es\/en\/wp-json\/wp\/v2\/media?parent=3532"}],"wp:term":[{"taxonomy":"product_brand","embeddable":true,"href":"https:\/\/filatelia.cuentista.es\/en\/wp-json\/wp\/v2\/product_brand?post=3532"},{"taxonomy":"product_cat","embeddable":true,"href":"https:\/\/filatelia.cuentista.es\/en\/wp-json\/wp\/v2\/product_cat?post=3532"},{"taxonomy":"product_tag","embeddable":true,"href":"https:\/\/filatelia.cuentista.es\/en\/wp-json\/wp\/v2\/product_tag?post=3532"}],"curies":[{"name":"wp","href":"https:\/\/api.w.org\/{rel}","templated":true}]}}