{"id":350,"date":"2024-07-20T06:38:16","date_gmt":"2024-07-20T06:38:16","guid":{"rendered":"https:\/\/filatelia.cuentista.es\/product\/navidad-1974-2"},"modified":"2024-09-29T04:20:15","modified_gmt":"2024-09-29T04:20:15","slug":"navidad-1974-2","status":"publish","type":"product","link":"https:\/\/filatelia.cuentista.es\/en\/product\/navidad-1974-2","title":{"rendered":"Sobre Primer d\u00eda &#8211; Espa\u00f1a Navidad 1974 &#8211; Dos Valores de 2 y 8 Ptas(II)"},"content":{"rendered":"<p>Sobre Primer d\u00eda &#8211; Espa\u00f1a Navidad 1974 &#8211; Dos Valores de 2 y 8 Ptas<\/p>\n<p>Fecha de Edicion :\u00a0 4 de Noviembre de 1974<\/p>\n<p>Matasellado invertido<\/p>\n<p>S.F.C. &#8211;\u00a0 A. 418<\/p>\n<p>Sobre la serie (no es parte del producto)<\/p>\n<p>EDIFIL numeros 2217\/2219<\/p>\n<p><img loading=\"lazy\" decoding=\"async\" class=\"\" src=\"https:\/\/www.albuensello.es\/wp-content\/uploads\/2017\/05\/2217.jpg\" alt=\"Espa\u00f1a 1974 Navidad Edifil 2217\/2219 \u2013 Al Buen Sello\" width=\"328\" height=\"387\" \/><\/p>","protected":false},"excerpt":{"rendered":"<p>Sobre Primer d\u00eda &#8211; Espa\u00f1a Navidad 1974 &#8211; Dos Valores de 2 y 8 Ptas<\/p>\n<p>Fecha de Edicion :\u00a0 4 de Noviembre de 1974<\/p>\n<p>&nbsp;<\/p>","protected":false},"featured_media":3444,"comment_status":"open","ping_status":"closed","template":"","meta":{"_acf_changed":false},"product_brand":[],"product_cat":[663,19],"product_tag":[75,190,105,189],"class_list":{"0":"post-350","1":"product","2":"type-product","3":"status-publish","4":"has-post-thumbnail","6":"product_cat-espana","7":"product_cat-spd-sobres-primer-dia","8":"product_tag-75","9":"product_tag-fdc","10":"product_tag-navidad","11":"product_tag-spd","12":"thunk-woo-product-list","13":"opn-qv-enable","14":"open-woo-hover-zoom","15":"open-single-product-tab-horizontal","16":"open-shadow-","17":"open-shadow-hover-","19":"first","20":"instock","21":"sale","22":"shipping-taxable","23":"purchasable","24":"product-type-simple"},"acf":[],"jetpack_sharing_enabled":true,"_links":{"self":[{"href":"https:\/\/filatelia.cuentista.es\/en\/wp-json\/wp\/v2\/product\/350","targetHints":{"allow":["GET"]}}],"collection":[{"href":"https:\/\/filatelia.cuentista.es\/en\/wp-json\/wp\/v2\/product"}],"about":[{"href":"https:\/\/filatelia.cuentista.es\/en\/wp-json\/wp\/v2\/types\/product"}],"replies":[{"embeddable":true,"href":"https:\/\/filatelia.cuentista.es\/en\/wp-json\/wp\/v2\/comments?post=350"}],"wp:featuredmedia":[{"embeddable":true,"href":"https:\/\/filatelia.cuentista.es\/en\/wp-json\/wp\/v2\/media\/3444"}],"wp:attachment":[{"href":"https:\/\/filatelia.cuentista.es\/en\/wp-json\/wp\/v2\/media?parent=350"}],"wp:term":[{"taxonomy":"product_brand","embeddable":true,"href":"https:\/\/filatelia.cuentista.es\/en\/wp-json\/wp\/v2\/product_brand?post=350"},{"taxonomy":"product_cat","embeddable":true,"href":"https:\/\/filatelia.cuentista.es\/en\/wp-json\/wp\/v2\/product_cat?post=350"},{"taxonomy":"product_tag","embeddable":true,"href":"https:\/\/filatelia.cuentista.es\/en\/wp-json\/wp\/v2\/product_tag?post=350"}],"curies":[{"name":"wp","href":"https:\/\/api.w.org\/{rel}","templated":true}]}}