{"id":3495,"date":"2024-09-30T20:08:58","date_gmt":"2024-09-30T20:08:58","guid":{"rendered":"https:\/\/filatelia.cuentista.es\/product\/sello-colombia-salto-de-tequendama-10-cts-rojo-usado"},"modified":"2024-09-30T20:11:52","modified_gmt":"2024-09-30T20:11:52","slug":"sello-colombia-salto-de-tequendama-10-cts-rojo-usado","status":"publish","type":"product","link":"https:\/\/filatelia.cuentista.es\/en\/product\/sello-colombia-salto-de-tequendama-10-cts-rojo-usado","title":{"rendered":"Sello Colombia &#8211; Salto de Taquendama &#8211; 10 cts , Rojo, Usado"},"content":{"rendered":"<p>Tequendama Falls<\/p>\n<p><img class=\"size-full\"><img class=\"size-full\"><\/p>\n<p>Pa\u00eds:<\/p>\n<p>Colombia<\/p>\n<p>Serie:<\/p>\n<p>Tequendama falls<\/p>\n<p>C\u00f3digo de cat\u00e1logo:<\/p>\n<p>Michel CO 377<\/p>\n<p>Stamp Number CO 444<\/p>\n<p>Yvert et Tellier CO 300<\/p>\n<p>Stanley Gibbons CO 489<\/p>\n<p>Leo Temprano CO 469<\/p>\n<p>Sobreimpreso:<\/p>\n<p>Click para ver sobreimpresiones y recargos<\/p>\n<p>Temas:<\/p>\n<p>Cascadas | Paisajes<\/p>\n<p>Fecha emisi\u00f3n:<\/p>\n<p>1937<\/p>\n<p>Tama\u00f1o:<\/p>\n<p>25 x 30 mm<\/p>\n<p>Colores:<\/p>\n<p>Azul intenso<\/p>\n<p>Marca de agua:<\/p>\n<p>L\u00edneas onduladas Tipo 6 [Up]<\/p>\n<p>Impresores\/Imprentas:<\/p>\n<p>Waterlow &amp; Sons Ltd<\/p>\n<p>Formato:<\/p>\n<p>Sello<\/p>\n<p>Emisi\u00f3n:<\/p>\n<p>Definitivo<\/p>\n<p>Perforaci\u00f3n:<\/p>\n<p>12\u00bd<\/p>\n<p>Impresi\u00f3n:<\/p>\n<p>Rebaje<\/p>\n<p>Valor facial:<\/p>\n<p>12 c &#8211; Centavo Colombiano<\/p>\n<p>Tiraje:<\/p>\n<p>17.148<\/p>\n<p>Puntuaci\u00f3n:<\/p>\n<p>73% Precisi\u00f3n: Media<\/p>\n<p>Descripci\u00f3n:<\/p>\n<p>The Tequendama Falls is a 132 metres high waterfall of the Bogot\u00e1 River, located in the municipality of Soacha. Established in approximately 10,000 BCE, El Abra and Tequendama were the first permanent settlements in Colombia. One of the country\u2019s tourist attractions, the falls are located in a forested area and during the month of December the falls become completely dry.<\/p>\n<p><a href=\"https:\/\/colnect.com\/stamps\/stamp\/569381\">https:\/\/colnect.com\/stamps\/stamp\/569381<\/a><\/p>\n","protected":false},"excerpt":{"rendered":"<p>Tequendama Falls Pa\u00eds: Colombia Serie: Tequendama falls C\u00f3digo de cat\u00e1logo: Michel CO 377 Stamp Number CO 444 Yvert et Tellier CO 300 Stanley Gibbons CO 489 Leo Temprano CO 469 Sobreimpreso: Click para ver sobreimpresiones y recargos Temas: Cascadas | Paisajes Fecha emisi\u00f3n: 1937 Tama\u00f1o: 25 x 30 mm Colores: Azul intenso Marca de agua: &hellip;<\/p>\n<p class=\"read-more\"> <a class=\"thunk-readmore button\" href=\"https:\/\/filatelia.cuentista.es\/en\/product\/sello-colombia-salto-de-tequendama-10-cts-rojo-usado\"> <span class=\"screen-reader-text\">Sello Colombia &#8211; Salto de Taquendama &#8211; 10 cts , Rojo, Usado<\/span>Read More<\/a><\/p>","protected":false},"featured_media":3494,"comment_status":"open","ping_status":"closed","template":"","meta":{"_acf_changed":false},"product_brand":[],"product_cat":[1374,20],"product_tag":[1382],"class_list":{"0":"post-3495","1":"product","2":"type-product","3":"status-publish","4":"has-post-thumbnail","6":"product_cat-colombia","7":"product_cat-sellos-usados","8":"product_tag-cascada","9":"thunk-woo-product-list","10":"opn-qv-enable","11":"open-woo-hover-zoom","12":"open-single-product-tab-horizontal","13":"open-shadow-","14":"open-shadow-hover-","16":"first","17":"instock","18":"shipping-taxable","19":"purchasable","20":"product-type-simple"},"acf":[],"jetpack_sharing_enabled":true,"_links":{"self":[{"href":"https:\/\/filatelia.cuentista.es\/en\/wp-json\/wp\/v2\/product\/3495","targetHints":{"allow":["GET"]}}],"collection":[{"href":"https:\/\/filatelia.cuentista.es\/en\/wp-json\/wp\/v2\/product"}],"about":[{"href":"https:\/\/filatelia.cuentista.es\/en\/wp-json\/wp\/v2\/types\/product"}],"replies":[{"embeddable":true,"href":"https:\/\/filatelia.cuentista.es\/en\/wp-json\/wp\/v2\/comments?post=3495"}],"wp:featuredmedia":[{"embeddable":true,"href":"https:\/\/filatelia.cuentista.es\/en\/wp-json\/wp\/v2\/media\/3494"}],"wp:attachment":[{"href":"https:\/\/filatelia.cuentista.es\/en\/wp-json\/wp\/v2\/media?parent=3495"}],"wp:term":[{"taxonomy":"product_brand","embeddable":true,"href":"https:\/\/filatelia.cuentista.es\/en\/wp-json\/wp\/v2\/product_brand?post=3495"},{"taxonomy":"product_cat","embeddable":true,"href":"https:\/\/filatelia.cuentista.es\/en\/wp-json\/wp\/v2\/product_cat?post=3495"},{"taxonomy":"product_tag","embeddable":true,"href":"https:\/\/filatelia.cuentista.es\/en\/wp-json\/wp\/v2\/product_tag?post=3495"}],"curies":[{"name":"wp","href":"https:\/\/api.w.org\/{rel}","templated":true}]}}