{"id":3489,"date":"2024-09-30T19:10:00","date_gmt":"2024-09-30T19:10:00","guid":{"rendered":"https:\/\/filatelia.cuentista.es\/product\/sello-colombia-scaota-50-centimos-azul-usado-aereo"},"modified":"2024-09-30T19:12:54","modified_gmt":"2024-09-30T19:12:54","slug":"sello-colombia-scaota-50-centimos-azul-usado-aereo","status":"publish","type":"product","link":"https:\/\/filatelia.cuentista.es\/en\/product\/sello-colombia-scaota-50-centimos-azul-usado-aereo","title":{"rendered":"Sello Colombia 1921 &#8211; SCADTA &#8211; 50 c\u00e9ntimos , Azul &#8211; Usado, A\u00e9reo"},"content":{"rendered":"<p>Seaplane over Magdalena River<\/p>\n<p><img class=\"size-full\"><\/p>\n<p>Pa\u00eds:<\/p>\n<p>Colombia<\/p>\n<p>Serie:<\/p>\n<p>SCADTA &#8211; Landscape and Buildings<\/p>\n<p>C\u00f3digo de cat\u00e1logo:<\/p>\n<p>Michel CO-SCADTA 15<\/p>\n<p>Stamp Number CO C30<\/p>\n<p>Yvert et Tellier CO-SCADTA PA34<\/p>\n<p>Leo Temprano CO 322<\/p>\n<p>Variantes:<\/p>\n<p>Click para ver variantes<\/p>\n<p>Temas:<\/p>\n<p>Aviaci\u00f3n | Aviones | Monta\u00f1as | Paisajes| R\u00edos | Volcanes<\/p>\n<p>Fecha emisi\u00f3n:<\/p>\n<p>1921-12-19<\/p>\n<p>Tama\u00f1o:<\/p>\n<p>25 x 35 mm<\/p>\n<p>Colores:<\/p>\n<p>Azul<\/p>\n<p>Marca de agua:<\/p>\n<p>Sin Marca de agua<\/p>\n<p>Dise\u00f1adores:<\/p>\n<p>Richard Klein<\/p>\n<p>Impresores\/Imprentas:<\/p>\n<p>Reichsdruckerei<\/p>\n<p>Formato:<\/p>\n<p>Sello<\/p>\n<p>Emisi\u00f3n:<\/p>\n<p>Correo A\u00e9reo<\/p>\n<p>Perforaci\u00f3n:<\/p>\n<p>11\u00bd<\/p>\n<p>Impresi\u00f3n:<\/p>\n<p>Tipograf\u00eda<\/p>\n<p>Papel:<\/p>\n<p>grey<\/p>\n<p>Goma:<\/p>\n<p>Amarilla<\/p>\n<p>Valor facial:<\/p>\n<p>50 c &#8211; Centavo Colombiano<\/p>\n<p>Tiraje:<\/p>\n<p>50.000<\/p>\n<p>Puntuaci\u00f3n:<\/p>\n<p>82% Precisi\u00f3n: Media<\/p>\n<p>Descripci\u00f3n:<\/p>\n<p>Ribbon inscribed SERVICIO POSTAL AEREO\u2026<\/p>\n<p><a href=\"https:\/\/colnect.com\/stamps\/stamp\/569522\">https:\/\/colnect.com\/stamps\/stamp\/569522<\/a><\/p>","protected":false},"excerpt":{"rendered":"<p>Seaplane over Magdalena River Pa\u00eds: Colombia Serie: SCADTA &#8211; Landscape and Buildings C\u00f3digo de cat\u00e1logo: Michel CO-SCADTA 15 Stamp Number CO C30 Yvert et Tellier CO-SCADTA PA34 Leo Temprano CO 322 Variantes: Click para ver variantes Temas: Aviaci\u00f3n | Aviones | Monta\u00f1as | Paisajes| R\u00edos | Volcanes Fecha emisi\u00f3n: 1921-12-19 Tama\u00f1o: 25 x 35 mm &hellip;<\/p>\n<p class=\"read-more\"> <a class=\"thunk-readmore button\" href=\"https:\/\/filatelia.cuentista.es\/en\/product\/sello-colombia-scaota-50-centimos-azul-usado-aereo\"> <span class=\"screen-reader-text\">Sello Colombia 1921 &#8211; SCADTA &#8211; 50 c\u00e9ntimos , Azul &#8211; Usado, A\u00e9reo<\/span>Read More<\/a><\/p>","protected":false},"featured_media":3488,"comment_status":"open","ping_status":"closed","template":"","meta":{"_acf_changed":false},"product_brand":[],"product_cat":[1374,815,20],"product_tag":[517,1381],"class_list":{"0":"post-3489","1":"product","2":"type-product","3":"status-publish","4":"has-post-thumbnail","6":"product_cat-colombia","7":"product_cat-correo-aereo","8":"product_cat-sellos-usados","9":"product_tag-avion","10":"product_tag-rio","11":"thunk-woo-product-list","12":"opn-qv-enable","13":"open-woo-hover-zoom","14":"open-single-product-tab-horizontal","15":"open-shadow-","16":"open-shadow-hover-","18":"first","19":"instock","20":"shipping-taxable","21":"purchasable","22":"product-type-simple"},"acf":[],"jetpack_sharing_enabled":true,"_links":{"self":[{"href":"https:\/\/filatelia.cuentista.es\/en\/wp-json\/wp\/v2\/product\/3489","targetHints":{"allow":["GET"]}}],"collection":[{"href":"https:\/\/filatelia.cuentista.es\/en\/wp-json\/wp\/v2\/product"}],"about":[{"href":"https:\/\/filatelia.cuentista.es\/en\/wp-json\/wp\/v2\/types\/product"}],"replies":[{"embeddable":true,"href":"https:\/\/filatelia.cuentista.es\/en\/wp-json\/wp\/v2\/comments?post=3489"}],"wp:featuredmedia":[{"embeddable":true,"href":"https:\/\/filatelia.cuentista.es\/en\/wp-json\/wp\/v2\/media\/3488"}],"wp:attachment":[{"href":"https:\/\/filatelia.cuentista.es\/en\/wp-json\/wp\/v2\/media?parent=3489"}],"wp:term":[{"taxonomy":"product_brand","embeddable":true,"href":"https:\/\/filatelia.cuentista.es\/en\/wp-json\/wp\/v2\/product_brand?post=3489"},{"taxonomy":"product_cat","embeddable":true,"href":"https:\/\/filatelia.cuentista.es\/en\/wp-json\/wp\/v2\/product_cat?post=3489"},{"taxonomy":"product_tag","embeddable":true,"href":"https:\/\/filatelia.cuentista.es\/en\/wp-json\/wp\/v2\/product_tag?post=3489"}],"curies":[{"name":"wp","href":"https:\/\/api.w.org\/{rel}","templated":true}]}}