{"id":3487,"date":"2024-09-30T19:06:32","date_gmt":"2024-09-30T19:06:32","guid":{"rendered":"https:\/\/filatelia.cuentista.es\/product\/sello-colombia-jose-matias-delgado-10-c-azul-usado-aereo"},"modified":"2024-09-30T19:08:15","modified_gmt":"2024-09-30T19:08:15","slug":"sello-colombia-jose-matias-delgado-10-c-azul-usado-aereo","status":"publish","type":"product","link":"https:\/\/filatelia.cuentista.es\/en\/product\/sello-colombia-jose-matias-delgado-10-c-azul-usado-aereo","title":{"rendered":"Sello Colombia 1957 &#8211; Jos\u00e9 Mat\u00edas Delgado &#8211; 10 c , Azul, Usado, A\u00e9reo"},"content":{"rendered":"<p>Jos\u00e9 Matias Delgado<\/p>\n<p><img class=\"size-full\"><\/p>\n<p>Pa\u00eds:<\/p>\n<p>Colombia<\/p>\n<p>Serie:<\/p>\n<p>Jos\u00e9 Matias Delgado, 150th Anniv. of death<\/p>\n<p>C\u00f3digo de cat\u00e1logo:<\/p>\n<p>Michel CO 817<\/p>\n<p>Stamp Number CO C301<\/p>\n<p>Yvert et Tellier CO PA300<\/p>\n<p>Stanley Gibbons CO 924<\/p>\n<p>Leo Temprano CO 884<\/p>\n<p>Temas:<\/p>\n<p>Personajes de la Independencia<\/p>\n<p>Fecha emisi\u00f3n:<\/p>\n<p>1957-09-15<\/p>\n<p>Tama\u00f1o:<\/p>\n<p>25.5 x 32.5 mm<\/p>\n<p>Colores:<\/p>\n<p>Azul verdoso<\/p>\n<p>Marca de agua:<\/p>\n<p>Sin Marca de agua<\/p>\n<p>Dise\u00f1adores:<\/p>\n<p>Imre von Mosd\u00f3ssy<\/p>\n<p>Impresores\/Imprentas:<\/p>\n<p>\u00d6sterreichische Staatsdruckerei (Austrian State Printer)<\/p>\n<p>Formato:<\/p>\n<p>Sello<\/p>\n<p>Emisi\u00f3n:<\/p>\n<p>Correo A\u00e9reo<\/p>\n<p>Perforaci\u00f3n:<\/p>\n<p>12<\/p>\n<p>Impresi\u00f3n:<\/p>\n<p>Fotograbado<\/p>\n<p>Valor facial:<\/p>\n<p>10 c &#8211; Centavo Colombiano<\/p>\n<p>Tiraje:<\/p>\n<p>2.000.000<\/p>\n<p>Puntuaci\u00f3n:<\/p>\n<p>21% Precisi\u00f3n: Alta<\/p>\n<p>Descripci\u00f3n:<\/p>\n<p>Jos\u00e9 Mat\u00edas Delgado y Le\u00f3n (February 24, 1767, San Salvador \u2013 November 12, 1832, San Salvador) was a Salvadoran priest and doctor known as \u00abThe Father of the Salvadoran Fatherland\u00bb. He was a leader in the independence movement of El Salvador from the Spanish Empire.<\/p>\n<p><a href=\"https:\/\/colnect.com\/stamps\/stamp\/300604\">https:\/\/colnect.com\/stamps\/stamp\/300604<\/a><\/p>","protected":false},"excerpt":{"rendered":"<p>Jos\u00e9 Matias Delgado Pa\u00eds: Colombia Serie: Jos\u00e9 Matias Delgado, 150th Anniv. of death C\u00f3digo de cat\u00e1logo: Michel CO 817 Stamp Number CO C301 Yvert et Tellier CO PA300 Stanley Gibbons CO 924 Leo Temprano CO 884 Temas: Personajes de la Independencia Fecha emisi\u00f3n: 1957-09-15 Tama\u00f1o: 25.5 x 32.5 mm Colores: Azul verdoso Marca de agua: &hellip;<\/p>\n<p class=\"read-more\"> <a class=\"thunk-readmore button\" href=\"https:\/\/filatelia.cuentista.es\/en\/product\/sello-colombia-jose-matias-delgado-10-c-azul-usado-aereo\"> <span class=\"screen-reader-text\">Sello Colombia 1957 &#8211; Jos\u00e9 Mat\u00edas Delgado &#8211; 10 c , Azul, Usado, A\u00e9reo<\/span>Read More<\/a><\/p>","protected":false},"featured_media":3486,"comment_status":"open","ping_status":"closed","template":"","meta":{"_acf_changed":false},"product_brand":[],"product_cat":[1374,815,20],"product_tag":[],"class_list":{"0":"post-3487","1":"product","2":"type-product","3":"status-publish","4":"has-post-thumbnail","6":"product_cat-colombia","7":"product_cat-correo-aereo","8":"product_cat-sellos-usados","9":"thunk-woo-product-list","10":"opn-qv-enable","11":"open-woo-hover-zoom","12":"open-single-product-tab-horizontal","13":"open-shadow-","14":"open-shadow-hover-","16":"first","17":"instock","18":"shipping-taxable","19":"purchasable","20":"product-type-simple"},"acf":[],"jetpack_sharing_enabled":true,"_links":{"self":[{"href":"https:\/\/filatelia.cuentista.es\/en\/wp-json\/wp\/v2\/product\/3487","targetHints":{"allow":["GET"]}}],"collection":[{"href":"https:\/\/filatelia.cuentista.es\/en\/wp-json\/wp\/v2\/product"}],"about":[{"href":"https:\/\/filatelia.cuentista.es\/en\/wp-json\/wp\/v2\/types\/product"}],"replies":[{"embeddable":true,"href":"https:\/\/filatelia.cuentista.es\/en\/wp-json\/wp\/v2\/comments?post=3487"}],"wp:featuredmedia":[{"embeddable":true,"href":"https:\/\/filatelia.cuentista.es\/en\/wp-json\/wp\/v2\/media\/3486"}],"wp:attachment":[{"href":"https:\/\/filatelia.cuentista.es\/en\/wp-json\/wp\/v2\/media?parent=3487"}],"wp:term":[{"taxonomy":"product_brand","embeddable":true,"href":"https:\/\/filatelia.cuentista.es\/en\/wp-json\/wp\/v2\/product_brand?post=3487"},{"taxonomy":"product_cat","embeddable":true,"href":"https:\/\/filatelia.cuentista.es\/en\/wp-json\/wp\/v2\/product_cat?post=3487"},{"taxonomy":"product_tag","embeddable":true,"href":"https:\/\/filatelia.cuentista.es\/en\/wp-json\/wp\/v2\/product_tag?post=3487"}],"curies":[{"name":"wp","href":"https:\/\/api.w.org\/{rel}","templated":true}]}}