{"id":3431,"date":"2024-09-28T17:23:38","date_gmt":"2024-09-28T17:23:38","guid":{"rendered":"https:\/\/filatelia.cuentista.es\/product\/sello-colombia-1968-telecom-1-peso-usado"},"modified":"2024-09-28T17:25:51","modified_gmt":"2024-09-28T17:25:51","slug":"sello-colombia-1968-telecom-1-peso-usado","status":"publish","type":"product","link":"https:\/\/filatelia.cuentista.es\/en\/product\/sello-colombia-1968-telecom-1-peso-usado","title":{"rendered":"Sello Colombia 1968 &#8211; Telecom &#8211; 1 Peso , usado, A\u00e9reo"},"content":{"rendered":"<p>Early Bird satellite, Southern Cross and radar<\/p>\n<p><img class=\"size-full\"><\/p>\n<p>Pa\u00eds:<\/p>\n<p>Colombia<\/p>\n<p>Serie:<\/p>\n<p>National Telecommunications Service (TELECOM), 20th anniv.<\/p>\n<p>C\u00f3digo de cat\u00e1logo:<\/p>\n<p>Michel CO 1121<\/p>\n<p>Stamp Number CO C499<\/p>\n<p>Yvert et Tellier CO PA480<\/p>\n<p>Stanley Gibbons CO 1213<\/p>\n<p>Leo Temprano CO 1156<\/p>\n<p>Temas:<\/p>\n<p>Comunicaciones | Sat\u00e9lites | Telecomunicaciones<\/p>\n<p>Fecha emisi\u00f3n:<\/p>\n<p>1968-05-14<\/p>\n<p>Tama\u00f1o:<\/p>\n<p>30 x 40 mm<\/p>\n<p>Colores:<\/p>\n<p>Multicolor<\/p>\n<p>Marca de agua:<\/p>\n<p>Sin Marca de agua<\/p>\n<p>Impresores\/Imprentas:<\/p>\n<p>De La Rue de Colombia<\/p>\n<p>Formato:<\/p>\n<p>Sello<\/p>\n<p>Emisi\u00f3n:<\/p>\n<p>Correo A\u00e9reo<\/p>\n<p>Perforaci\u00f3n:<\/p>\n<p>peine13\u00bd x 14<\/p>\n<p>Impresi\u00f3n:<\/p>\n<p>Litograf\u00eda offset<\/p>\n<p>Valor facial:<\/p>\n<p>1 $ &#8211; Peso Colombiano<\/p>\n<p>Tiraje:<\/p>\n<p>3.600.000<\/p>\n<p>Puntuaci\u00f3n:<\/p>\n<p>18% Precisi\u00f3n: Muy alto<\/p>\n<p>Art\u00edculos relacionados:<\/p>\n<p>Producto Filat\u00e9lico (relacionado): Telecom (Colombia, Colombia)<\/p>\n<p>Descripci\u00f3n:<\/p>\n<p>Inscrito \u00abTelecom unites colombians\u00bb.<\/p>\n<p>Founded on May 23, 1947 under the name of National telecommunications company as a result of the merger of Marconi Wireless Telegraph and the National Radio (Telegraphy). In this way, the telephone, radiotelegraphic and radiotelephonic services were nationalized since the end of the nineteenth century they were being assumed by international companies of private capital. In April 1950, during the government of Mariano Ospina P\u00e9rez, the National telecommunications Company and the Radiocommunication company was merged, this union is known today as TELECOM.<\/p>\n<p><a href=\"https:\/\/colnect.com\/stamps\/stamp\/340545\">https:\/\/colnect.com\/stamps\/stamp\/340545<\/a><\/p>","protected":false},"excerpt":{"rendered":"<p>Early Bird satellite, Southern Cross and radar Pa\u00eds: Colombia Serie: National Telecommunications Service (TELECOM), 20th anniv. C\u00f3digo de cat\u00e1logo: Michel CO 1121 Stamp Number CO C499 Yvert et Tellier CO PA480 Stanley Gibbons CO 1213 Leo Temprano CO 1156 Temas: Comunicaciones | Sat\u00e9lites | Telecomunicaciones Fecha emisi\u00f3n: 1968-05-14 Tama\u00f1o: 30 x 40 mm Colores: Multicolor &hellip;<\/p>\n<p class=\"read-more\"> <a class=\"thunk-readmore button\" href=\"https:\/\/filatelia.cuentista.es\/en\/product\/sello-colombia-1968-telecom-1-peso-usado\"> <span class=\"screen-reader-text\">Sello Colombia 1968 &#8211; Telecom &#8211; 1 Peso , usado, A\u00e9reo<\/span>Read More<\/a><\/p>","protected":false},"featured_media":3430,"comment_status":"open","ping_status":"closed","template":"","meta":{"_acf_changed":false},"product_brand":[],"product_cat":[1374,815,20],"product_tag":[],"class_list":{"0":"post-3431","1":"product","2":"type-product","3":"status-publish","4":"has-post-thumbnail","6":"product_cat-colombia","7":"product_cat-correo-aereo","8":"product_cat-sellos-usados","9":"thunk-woo-product-list","10":"opn-qv-enable","11":"open-woo-hover-zoom","12":"open-single-product-tab-horizontal","13":"open-shadow-","14":"open-shadow-hover-","16":"first","17":"instock","18":"sale","19":"shipping-taxable","20":"purchasable","21":"product-type-simple"},"acf":[],"jetpack_sharing_enabled":true,"_links":{"self":[{"href":"https:\/\/filatelia.cuentista.es\/en\/wp-json\/wp\/v2\/product\/3431","targetHints":{"allow":["GET"]}}],"collection":[{"href":"https:\/\/filatelia.cuentista.es\/en\/wp-json\/wp\/v2\/product"}],"about":[{"href":"https:\/\/filatelia.cuentista.es\/en\/wp-json\/wp\/v2\/types\/product"}],"replies":[{"embeddable":true,"href":"https:\/\/filatelia.cuentista.es\/en\/wp-json\/wp\/v2\/comments?post=3431"}],"wp:featuredmedia":[{"embeddable":true,"href":"https:\/\/filatelia.cuentista.es\/en\/wp-json\/wp\/v2\/media\/3430"}],"wp:attachment":[{"href":"https:\/\/filatelia.cuentista.es\/en\/wp-json\/wp\/v2\/media?parent=3431"}],"wp:term":[{"taxonomy":"product_brand","embeddable":true,"href":"https:\/\/filatelia.cuentista.es\/en\/wp-json\/wp\/v2\/product_brand?post=3431"},{"taxonomy":"product_cat","embeddable":true,"href":"https:\/\/filatelia.cuentista.es\/en\/wp-json\/wp\/v2\/product_cat?post=3431"},{"taxonomy":"product_tag","embeddable":true,"href":"https:\/\/filatelia.cuentista.es\/en\/wp-json\/wp\/v2\/product_tag?post=3431"}],"curies":[{"name":"wp","href":"https:\/\/api.w.org\/{rel}","templated":true}]}}