{"id":3429,"date":"2024-09-28T11:44:03","date_gmt":"2024-09-28T11:44:03","guid":{"rendered":"https:\/\/filatelia.cuentista.es\/product\/sello-barcelona-revolucion-nacional"},"modified":"2024-09-28T12:29:20","modified_gmt":"2024-09-28T12:29:20","slug":"sello-barcelona-revolucion-nacional","status":"publish","type":"product","link":"https:\/\/filatelia.cuentista.es\/en\/product\/sello-barcelona-revolucion-nacional","title":{"rendered":"Sello Bolivia 1953 &#8211; Revoluci\u00f3n Nacional &#8211; Bs 0,50 Rosa,  Usado A\u00e9reo"},"content":{"rendered":"<p>G.Villarroel, V.Paz Estenssoro and H.Siles Zuazo<\/p>\n<p><img class=\"size-full\"><\/p>\n<p>Pa\u00eds:<\/p>\n<p>Bolivia<\/p>\n<p>Serie:<\/p>\n<p>Revolution of Apr. 9, 1952, 1st Anniv.<\/p>\n<p>C\u00f3digo de cat\u00e1logo:<\/p>\n<p>Michel BO 523<\/p>\n<p>Stamp Number BO 378<\/p>\n<p>Yvert et Tellier BO 343<\/p>\n<p>Stanley Gibbons BO 579<\/p>\n<p>Temas:<\/p>\n<p>Aniversarios y Jubileos | Jefes de Estado| Jefes de Estado (de Facto) | Personajes Famosos | Pol\u00edticos | Revolucionarios<\/p>\n<p>Fecha emisi\u00f3n:<\/p>\n<p>1953-09-01<\/p>\n<p>Tama\u00f1o:<\/p>\n<p>40 x 30 mm<\/p>\n<p>Colores:<\/p>\n<p>Lila<\/p>\n<p>Marca de agua:<\/p>\n<p>Sin Marca de agua<\/p>\n<p>Impresores\/Imprentas:<\/p>\n<p>La Papelera S.A.<\/p>\n<p>Formato:<\/p>\n<p>Sello<\/p>\n<p>Emisi\u00f3n:<\/p>\n<p>Conmemorativo<\/p>\n<p>Perforaci\u00f3n:<\/p>\n<p>Varios<\/p>\n<p>Impresi\u00f3n:<\/p>\n<p>Litograf\u00eda offset<\/p>\n<p>Valor facial:<\/p>\n<p>0,50 Bs. &#8211; Boliviano de Bolivia<\/p>\n<p>Tiraje:<\/p>\n<p>2.500.000<\/p>\n<p>Puntuaci\u00f3n:<\/p>\n<p>14% Precisi\u00f3n: Muy alto<\/p>\n<p>Descripci\u00f3n:<\/p>\n<p>Posibles perforaciones: line 13.5, 13.5&#215;14, 14.<\/p>\n<p>CE 575.<\/p>\n<p>Gualberto Villarroel L\u00f3pez (15 de diciembre de 1908 &#8211; Julio 21, 1946) was the head of state of Bolivia from December 20, 1943 to July 21, 1946. He is nonetheless remembered for his alleged fascist sympathies and for his violent demise.<\/p>\n<p>\u00c1ngel V\u00edctor Paz Estenssoro (2 de octubre de 1907 &#8211; Junio 7, 2001) was a Bolivian politician who served as President of Bolivia four times. His 1951 victory was annulled by a military junta led by Hugo Ballivi\u00e1n.<\/p>\n<p>Hern\u00e1n Siles Zuazo (21 de marzo de 1914 &#8211; 6 de agosto de 1996) was a Bolivian politician who served as president twice. He also briefly served as the temporary president in April 1952, and as vice president between 1952 and 1956.<\/p>","protected":false},"excerpt":{"rendered":"<p>G.Villarroel, V.Paz Estenssoro and H.Siles Zuazo Pa\u00eds: Bolivia Serie: Revolution of Apr. 9, 1952, 1st Anniv. C\u00f3digo de cat\u00e1logo: Michel BO 523 Stamp Number BO 378 Yvert et Tellier BO 343 Stanley Gibbons BO 579 Temas: Aniversarios y Jubileos | Jefes de Estado| Jefes de Estado (de Facto) | Personajes Famosos | Pol\u00edticos | Revolucionarios &hellip;<\/p>\n<p class=\"read-more\"> <a class=\"thunk-readmore button\" href=\"https:\/\/filatelia.cuentista.es\/en\/product\/sello-barcelona-revolucion-nacional\"> <span class=\"screen-reader-text\">Sello Bolivia 1953 &#8211; Revoluci\u00f3n Nacional &#8211; Bs 0,50 Rosa,  Usado A\u00e9reo<\/span>Read More<\/a><\/p>","protected":false},"featured_media":3428,"comment_status":"open","ping_status":"closed","template":"","meta":{"_acf_changed":false},"product_brand":[],"product_cat":[1342,815,20],"product_tag":[],"class_list":{"0":"post-3429","1":"product","2":"type-product","3":"status-publish","4":"has-post-thumbnail","6":"product_cat-bolivia","7":"product_cat-correo-aereo","8":"product_cat-sellos-usados","9":"thunk-woo-product-list","10":"opn-qv-enable","11":"open-woo-hover-zoom","12":"open-single-product-tab-horizontal","13":"open-shadow-","14":"open-shadow-hover-","16":"first","17":"instock","18":"shipping-taxable","19":"purchasable","20":"product-type-simple"},"acf":[],"jetpack_sharing_enabled":true,"_links":{"self":[{"href":"https:\/\/filatelia.cuentista.es\/en\/wp-json\/wp\/v2\/product\/3429","targetHints":{"allow":["GET"]}}],"collection":[{"href":"https:\/\/filatelia.cuentista.es\/en\/wp-json\/wp\/v2\/product"}],"about":[{"href":"https:\/\/filatelia.cuentista.es\/en\/wp-json\/wp\/v2\/types\/product"}],"replies":[{"embeddable":true,"href":"https:\/\/filatelia.cuentista.es\/en\/wp-json\/wp\/v2\/comments?post=3429"}],"wp:featuredmedia":[{"embeddable":true,"href":"https:\/\/filatelia.cuentista.es\/en\/wp-json\/wp\/v2\/media\/3428"}],"wp:attachment":[{"href":"https:\/\/filatelia.cuentista.es\/en\/wp-json\/wp\/v2\/media?parent=3429"}],"wp:term":[{"taxonomy":"product_brand","embeddable":true,"href":"https:\/\/filatelia.cuentista.es\/en\/wp-json\/wp\/v2\/product_brand?post=3429"},{"taxonomy":"product_cat","embeddable":true,"href":"https:\/\/filatelia.cuentista.es\/en\/wp-json\/wp\/v2\/product_cat?post=3429"},{"taxonomy":"product_tag","embeddable":true,"href":"https:\/\/filatelia.cuentista.es\/en\/wp-json\/wp\/v2\/product_tag?post=3429"}],"curies":[{"name":"wp","href":"https:\/\/api.w.org\/{rel}","templated":true}]}}