{"id":3427,"date":"2024-09-28T11:38:43","date_gmt":"2024-09-28T11:38:43","guid":{"rendered":"https:\/\/filatelia.cuentista.es\/product\/sello-bolivia-1953-revolucion-nacional-bs-5-lila-usado-aereo"},"modified":"2024-09-28T11:41:14","modified_gmt":"2024-09-28T11:41:14","slug":"sello-bolivia-1953-revolucion-nacional-bs-5-lila-usado-aereo","status":"publish","type":"product","link":"https:\/\/filatelia.cuentista.es\/en\/product\/sello-bolivia-1953-revolucion-nacional-bs-5-lila-usado-aereo","title":{"rendered":"Sello Bolivia 1953 &#8211; Revoluci\u00f3n Nacional &#8211; Bs 5 Lila Usado A\u00e9reo"},"content":{"rendered":"<p>G.Villarroel, V.Paz Estenssoro and H.Siles Zuazo<\/p>\n<p><img class=\"size-full\"><\/p>\n<p>Pa\u00eds:<\/p>\n<p>Bolivia<\/p>\n<p>Serie:<\/p>\n<p>Revolution of Apr. 9, 1952, 1st Anniv.<\/p>\n<p>C\u00f3digo de cat\u00e1logo:<\/p>\n<p>Michel BO 528<\/p>\n<p>Stamp Number BO 383<\/p>\n<p>Yvert et Tellier BO 348<\/p>\n<p>Stanley Gibbons BO 584<\/p>\n<p>Temas:<\/p>\n<p>Jefes de Estado | Jefes de Estado (de Facto) | Revolucionarios<\/p>\n<p>Fecha emisi\u00f3n:<\/p>\n<p>1953-09-01<\/p>\n<p>Tama\u00f1o:<\/p>\n<p>40 x 30 mm<\/p>\n<p>Colores:<\/p>\n<p>Violeta oscuro<\/p>\n<p>Marca de agua:<\/p>\n<p>Sin Marca de agua<\/p>\n<p>Impresores\/Imprentas:<\/p>\n<p>La Papelera S.A.<\/p>\n<p>Formato:<\/p>\n<p>Sello<\/p>\n<p>Emisi\u00f3n:<\/p>\n<p>Conmemorativo<\/p>\n<p>Perforaci\u00f3n:<\/p>\n<p>l\u00ednea11\u00bd<\/p>\n<p>Impresi\u00f3n:<\/p>\n<p>Litograf\u00eda offset<\/p>\n<p>Valor facial:<\/p>\n<p>5 Bs. &#8211; Boliviano de Bolivia<\/p>\n<p>Tiraje:<\/p>\n<p>2.000.000<\/p>\n<p>Puntuaci\u00f3n:<\/p>\n<p>32% Precisi\u00f3n: Alta<\/p>\n<p>Descripci\u00f3n:<\/p>\n<p>Posibles perforaciones: line 13.5, 13.5&#215;14, 14.<\/p>\n<p>CE 580.<\/p>\n<p>Gualberto Villarroel L\u00f3pez (15 de diciembre de 1908 &#8211; Julio 21, 1946) was the head of state of Bolivia from December 20, 1943 to July 21, 1946. He is nonetheless remembered for his alleged fascist sympathies and for his violent demise.<\/p>\n<p>\u00c1ngel V\u00edctor Paz Estenssoro (2 de octubre de 1907 &#8211; Junio 7, 2001) was a Bolivian politician who served as President of Bolivia four times. His 1951 victory was annulled by a military junta led by Hugo Ballivi\u00e1n.<\/p>\n<p>Hern\u00e1n Siles Zuazo (21 de marzo de 1914 &#8211; 6 de agosto de 1996) was a Bolivian politician who served as president twice. He also briefly served as the temporary president in April 1952, and as vice president between 1952 and 1956.<\/p>\n<p><a href=\"https:\/\/colnect.com\/stamps\/stamp\/229251\">https:\/\/colnect.com\/stamps\/stamp\/229251<\/a><\/p>","protected":false},"excerpt":{"rendered":"<p>G.Villarroel, V.Paz Estenssoro and H.Siles Zuazo Pa\u00eds: Bolivia Serie: Revolution of Apr. 9, 1952, 1st Anniv. C\u00f3digo de cat\u00e1logo: Michel BO 528 Stamp Number BO 383 Yvert et Tellier BO 348 Stanley Gibbons BO 584 Temas: Jefes de Estado | Jefes de Estado (de Facto) | Revolucionarios Fecha emisi\u00f3n: 1953-09-01 Tama\u00f1o: 40 x 30 mm &hellip;<\/p>\n<p class=\"read-more\"> <a class=\"thunk-readmore button\" href=\"https:\/\/filatelia.cuentista.es\/en\/product\/sello-bolivia-1953-revolucion-nacional-bs-5-lila-usado-aereo\"> <span class=\"screen-reader-text\">Sello Bolivia 1953 &#8211; Revoluci\u00f3n Nacional &#8211; Bs 5 Lila Usado A\u00e9reo<\/span>Read More<\/a><\/p>","protected":false},"featured_media":3426,"comment_status":"open","ping_status":"closed","template":"","meta":{"_acf_changed":false},"product_brand":[],"product_cat":[1342,20],"product_tag":[],"class_list":{"0":"post-3427","1":"product","2":"type-product","3":"status-publish","4":"has-post-thumbnail","6":"product_cat-bolivia","7":"product_cat-sellos-usados","8":"thunk-woo-product-list","9":"opn-qv-enable","10":"open-woo-hover-zoom","11":"open-single-product-tab-horizontal","12":"open-shadow-","13":"open-shadow-hover-","15":"first","16":"instock","17":"shipping-taxable","18":"purchasable","19":"product-type-simple"},"acf":[],"jetpack_sharing_enabled":true,"_links":{"self":[{"href":"https:\/\/filatelia.cuentista.es\/en\/wp-json\/wp\/v2\/product\/3427","targetHints":{"allow":["GET"]}}],"collection":[{"href":"https:\/\/filatelia.cuentista.es\/en\/wp-json\/wp\/v2\/product"}],"about":[{"href":"https:\/\/filatelia.cuentista.es\/en\/wp-json\/wp\/v2\/types\/product"}],"replies":[{"embeddable":true,"href":"https:\/\/filatelia.cuentista.es\/en\/wp-json\/wp\/v2\/comments?post=3427"}],"wp:featuredmedia":[{"embeddable":true,"href":"https:\/\/filatelia.cuentista.es\/en\/wp-json\/wp\/v2\/media\/3426"}],"wp:attachment":[{"href":"https:\/\/filatelia.cuentista.es\/en\/wp-json\/wp\/v2\/media?parent=3427"}],"wp:term":[{"taxonomy":"product_brand","embeddable":true,"href":"https:\/\/filatelia.cuentista.es\/en\/wp-json\/wp\/v2\/product_brand?post=3427"},{"taxonomy":"product_cat","embeddable":true,"href":"https:\/\/filatelia.cuentista.es\/en\/wp-json\/wp\/v2\/product_cat?post=3427"},{"taxonomy":"product_tag","embeddable":true,"href":"https:\/\/filatelia.cuentista.es\/en\/wp-json\/wp\/v2\/product_tag?post=3427"}],"curies":[{"name":"wp","href":"https:\/\/api.w.org\/{rel}","templated":true}]}}