{"id":3347,"date":"2024-09-27T22:11:58","date_gmt":"2024-09-27T22:11:58","guid":{"rendered":"https:\/\/filatelia.cuentista.es\/product\/sello-bolivia-sobrecargado-bs-100-dorado"},"modified":"2024-09-28T12:03:09","modified_gmt":"2024-09-28T12:03:09","slug":"sello-bolivia-sobrecargado-bs-100-dorado","status":"publish","type":"product","link":"https:\/\/filatelia.cuentista.es\/en\/product\/sello-bolivia-sobrecargado-bs-100-dorado","title":{"rendered":"Sello Bolivia 1960 &#8211; Tiahuanaco &#8211; Sobrecargado Bs 100, Dorado"},"content":{"rendered":"<p>Gate of the Sun &#8211; Tiahuanaco<\/p>\n<p><img class=\"size-full\"><\/p>\n<p>Pa\u00eds:<\/p>\n<p>Bolivia<\/p>\n<p>Serie:<\/p>\n<p>Designs from Gate of the Sun<\/p>\n<p>C\u00f3digo de cat\u00e1logo:<\/p>\n<p>Michel BO 642<\/p>\n<p>Stamp Number BO 438<\/p>\n<p>Yvert et Tellier BO 405<\/p>\n<p>Stanley Gibbons BO 707<\/p>\n<p>Sobreimpreso:<\/p>\n<p>Click para ver sobreimpresiones y recargos<\/p>\n<p>Temas:<\/p>\n<p>Arqueolog\u00eda<\/p>\n<p>Fecha emisi\u00f3n:<\/p>\n<p>1960-12-17<\/p>\n<p>Colores:<\/p>\n<p>A\u00f1il | Dorado<\/p>\n<p>Marca de agua:<\/p>\n<p>Sin Marca de agua<\/p>\n<p>Formato:<\/p>\n<p>Sello<\/p>\n<p>Emisi\u00f3n:<\/p>\n<p>Definitivo<\/p>\n<p>Perforaci\u00f3n:<\/p>\n<p>12 x 13<\/p>\n<p>Impresi\u00f3n:<\/p>\n<p>Litograf\u00eda offset<\/p>\n<p>Valor facial:<\/p>\n<p>400 Bs. &#8211; Boliviano de Bolivia<\/p>\n<p>Tiraje:<\/p>\n<p>250.000<\/p>\n<p>Puntuaci\u00f3n:<\/p>\n<p>60% Precisi\u00f3n: Media<\/p>\n<p>Descripci\u00f3n:<\/p>\n<p>Printed in Germany.<\/p>\n<p>Previously unissued stamp of 1925 surcharged in black 400b on 15c.<\/p>\n<p><a href=\"https:\/\/colnect.com\/stamps\/stamp\/229943\">https:\/\/colnect.com\/stamps\/stamp\/229943<\/a><\/p>","protected":false},"excerpt":{"rendered":"<p>Gate of the Sun &#8211; Tiahuanaco Pa\u00eds: Bolivia Serie: Designs from Gate of the Sun C\u00f3digo de cat\u00e1logo: Michel BO 642 Stamp Number BO 438 Yvert et Tellier BO 405 Stanley Gibbons BO 707 Sobreimpreso: Click para ver sobreimpresiones y recargos Temas: Arqueolog\u00eda Fecha emisi\u00f3n: 1960-12-17 Colores: A\u00f1il | Dorado Marca de agua: Sin Marca &hellip;<\/p>\n<p class=\"read-more\"> <a class=\"thunk-readmore button\" href=\"https:\/\/filatelia.cuentista.es\/en\/product\/sello-bolivia-sobrecargado-bs-100-dorado\"> <span class=\"screen-reader-text\">Sello Bolivia 1960 &#8211; Tiahuanaco &#8211; Sobrecargado Bs 100, Dorado<\/span>Read More<\/a><\/p>","protected":false},"featured_media":3346,"comment_status":"open","ping_status":"closed","template":"","meta":{"_acf_changed":false},"product_brand":[],"product_cat":[1342],"product_tag":[],"class_list":{"0":"post-3347","1":"product","2":"type-product","3":"status-publish","4":"has-post-thumbnail","6":"product_cat-bolivia","7":"thunk-woo-product-list","8":"opn-qv-enable","9":"open-woo-hover-zoom","10":"open-single-product-tab-horizontal","11":"open-shadow-","12":"open-shadow-hover-","14":"first","15":"instock","16":"shipping-taxable","17":"purchasable","18":"product-type-simple"},"acf":[],"jetpack_sharing_enabled":true,"_links":{"self":[{"href":"https:\/\/filatelia.cuentista.es\/en\/wp-json\/wp\/v2\/product\/3347","targetHints":{"allow":["GET"]}}],"collection":[{"href":"https:\/\/filatelia.cuentista.es\/en\/wp-json\/wp\/v2\/product"}],"about":[{"href":"https:\/\/filatelia.cuentista.es\/en\/wp-json\/wp\/v2\/types\/product"}],"replies":[{"embeddable":true,"href":"https:\/\/filatelia.cuentista.es\/en\/wp-json\/wp\/v2\/comments?post=3347"}],"wp:featuredmedia":[{"embeddable":true,"href":"https:\/\/filatelia.cuentista.es\/en\/wp-json\/wp\/v2\/media\/3346"}],"wp:attachment":[{"href":"https:\/\/filatelia.cuentista.es\/en\/wp-json\/wp\/v2\/media?parent=3347"}],"wp:term":[{"taxonomy":"product_brand","embeddable":true,"href":"https:\/\/filatelia.cuentista.es\/en\/wp-json\/wp\/v2\/product_brand?post=3347"},{"taxonomy":"product_cat","embeddable":true,"href":"https:\/\/filatelia.cuentista.es\/en\/wp-json\/wp\/v2\/product_cat?post=3347"},{"taxonomy":"product_tag","embeddable":true,"href":"https:\/\/filatelia.cuentista.es\/en\/wp-json\/wp\/v2\/product_tag?post=3347"}],"curies":[{"name":"wp","href":"https:\/\/api.w.org\/{rel}","templated":true}]}}