{"id":334,"date":"2024-07-20T06:38:10","date_gmt":"2024-07-20T06:38:10","guid":{"rendered":"https:\/\/filatelia.cuentista.es\/product\/drago-dracaena-draco"},"modified":"2024-09-28T06:55:36","modified_gmt":"2024-09-28T06:55:36","slug":"drago-dracaena-draco","status":"publish","type":"product","link":"https:\/\/filatelia.cuentista.es\/en\/product\/drago-dracaena-draco","title":{"rendered":"Sobre Primer Dia 1973 &#8211; Espa\u00f1a &#8211;\u00a0 Flora Canaria : Drago, Dracaena Draco"},"content":{"rendered":"<p>Sobre Primer Dia 1973 &#8211; Espa\u00f1a &#8211;\u00a0 Flora Canaria : Drago, Dracaena Draco<\/p>\n<p>Emision d\u00eda 21 Marzo 1973 &#8211; Matasellado de Madrid<\/p>\n<p>Sello 15 Ptas<\/p>\n<p class=\"p1\"><b>Los sobres de primer d\u00eda son objetos de colecci\u00f3n muy valorados por los filatelistas.<\/b> Estos sobres especiales se utilizan para enviar una carta el mismo d\u00eda en que se emite un nuevo sello postal. Al ser los primeros en utilizar ese sello en particular, adquieren un valor a\u00f1adido para los coleccionistas. Los sobres de primer d\u00eda suelen incluir un matasellos con la fecha de emisi\u00f3n y el nombre de la oficina de correos donde se expidi\u00f3 el sello, lo que los convierte en piezas \u00fanicas y aut\u00e9nticas. Adem\u00e1s de su valor filat\u00e9lico, estos sobres a menudo presentan dise\u00f1os atractivos y conmemorativos, relacionados con el tema del sello emitido, lo que los convierte en peque\u00f1os tesoros para los amantes de la historia y el arte postal.<\/p>\n<p>Sobre la serie (no es parte del producto)<\/p>\n<p>Flora Hisp\u00e1nica : Ed. 2120\/24<\/p>\n<p><img decoding=\"async\" src=\"https:\/\/philatelicos.com\/1151-home_default\/1973-sellos-de-espana-212024-flora.jpg\" alt=\"1973 Sellos de Espa\u00f1a (2120\/24). Flora.\" \/><\/p>","protected":false},"excerpt":{"rendered":"<p>Sobre Primer Dia 1973 &#8211; Espa\u00f1a &#8211;\u00a0 Flora Canaria : Drago, Dracaena Draco<\/p>\n<p>Emision d\u00eda 21 Marzo 1973 &#8211; Matasellado de Madrid<\/p>\n<p>Sello 15 Ptas<\/p>\n<p class=\"p1\">","protected":false},"featured_media":3388,"comment_status":"open","ping_status":"closed","template":"","meta":{"_acf_changed":false},"product_brand":[],"product_cat":[663,19],"product_tag":[76,1026,190,765,189],"class_list":{"0":"post-334","1":"product","2":"type-product","3":"status-publish","4":"has-post-thumbnail","6":"product_cat-espana","7":"product_cat-spd-sobres-primer-dia","8":"product_tag-76","9":"product_tag-arbol","10":"product_tag-fdc","11":"product_tag-flora","12":"product_tag-spd","13":"thunk-woo-product-list","14":"opn-qv-enable","15":"open-woo-hover-zoom","16":"open-single-product-tab-horizontal","17":"open-shadow-","18":"open-shadow-hover-","20":"first","21":"instock","22":"shipping-taxable","23":"purchasable","24":"product-type-simple"},"acf":[],"jetpack_sharing_enabled":true,"_links":{"self":[{"href":"https:\/\/filatelia.cuentista.es\/en\/wp-json\/wp\/v2\/product\/334","targetHints":{"allow":["GET"]}}],"collection":[{"href":"https:\/\/filatelia.cuentista.es\/en\/wp-json\/wp\/v2\/product"}],"about":[{"href":"https:\/\/filatelia.cuentista.es\/en\/wp-json\/wp\/v2\/types\/product"}],"replies":[{"embeddable":true,"href":"https:\/\/filatelia.cuentista.es\/en\/wp-json\/wp\/v2\/comments?post=334"}],"wp:featuredmedia":[{"embeddable":true,"href":"https:\/\/filatelia.cuentista.es\/en\/wp-json\/wp\/v2\/media\/3388"}],"wp:attachment":[{"href":"https:\/\/filatelia.cuentista.es\/en\/wp-json\/wp\/v2\/media?parent=334"}],"wp:term":[{"taxonomy":"product_brand","embeddable":true,"href":"https:\/\/filatelia.cuentista.es\/en\/wp-json\/wp\/v2\/product_brand?post=334"},{"taxonomy":"product_cat","embeddable":true,"href":"https:\/\/filatelia.cuentista.es\/en\/wp-json\/wp\/v2\/product_cat?post=334"},{"taxonomy":"product_tag","embeddable":true,"href":"https:\/\/filatelia.cuentista.es\/en\/wp-json\/wp\/v2\/product_tag?post=334"}],"curies":[{"name":"wp","href":"https:\/\/api.w.org\/{rel}","templated":true}]}}