{"id":3335,"date":"2024-09-27T21:31:09","date_gmt":"2024-09-27T21:31:09","guid":{"rendered":"https:\/\/filatelia.cuentista.es\/product\/sello-bolivia-taquirari-b-140-usado"},"modified":"2024-09-28T12:09:30","modified_gmt":"2024-09-28T12:09:30","slug":"sello-bolivia-taquirari-b-140-usado","status":"publish","type":"product","link":"https:\/\/filatelia.cuentista.es\/en\/product\/sello-bolivia-taquirari-b-140-usado","title":{"rendered":"Sello Bolivia 1972 &#8211; Taquirari &#8211; $b 1,40 Usado , A\u00e9reo"},"content":{"rendered":"<p>Taquirari<\/p>\n<p><img class=\"size-full\"><\/p>\n<p>Pa\u00eds:<\/p>\n<p>Bolivia<\/p>\n<p>Serie:<\/p>\n<p>Folk dances<\/p>\n<p>C\u00f3digo de cat\u00e1logo:<\/p>\n<p>Michel BO 832<\/p>\n<p>Stamp Number BO C315<\/p>\n<p>Yvert et Tellier BO PA298<\/p>\n<p>Stanley Gibbons BO 910<\/p>\n<p>Temas:<\/p>\n<p>Danza | Folklore | Trajes y Disfraces<\/p>\n<p>Fecha emisi\u00f3n:<\/p>\n<p>1972-03-23<\/p>\n<p>Tama\u00f1o:<\/p>\n<p>28 x 36 mm<\/p>\n<p>Colores:<\/p>\n<p>Multicolor<\/p>\n<p>Marca de agua:<\/p>\n<p>Sin Marca de agua<\/p>\n<p>Dise\u00f1adores:<\/p>\n<p>F. Avila<\/p>\n<p>Impresores\/Imprentas:<\/p>\n<p>La Papelera S.A.<\/p>\n<p>Formato:<\/p>\n<p>Sello<\/p>\n<p>Emisi\u00f3n:<\/p>\n<p>Correo A\u00e9reo<\/p>\n<p>Perforaci\u00f3n:<\/p>\n<p>peine13\u00bd<\/p>\n<p>Impresi\u00f3n:<\/p>\n<p>Litograf\u00eda offset<\/p>\n<p>Valor facial:<\/p>\n<p>1,40 b$ &#8211; Peso Boliviano<\/p>\n<p>Tiraje:<\/p>\n<p>600.000<\/p>\n<p>Puntuaci\u00f3n:<\/p>\n<p>41% Precisi\u00f3n: Media<\/p>\n<p>Descripci\u00f3n:<\/p>\n<p>CE 883.<\/p>\n<p>The Taquirari is a folkloric musical rhythm and a dance of Bolivia, characteristic of most of the departments of Santa Cruz, Beni and Pando in the eastern part of the country.<\/p>\n<p><a href=\"https:\/\/colnect.com\/stamps\/stamp\/517004\">https:\/\/colnect.com\/stamps\/stamp\/517004<\/a><\/p>","protected":false},"excerpt":{"rendered":"<p>Taquirari Pa\u00eds: Bolivia Serie: Folk dances C\u00f3digo de cat\u00e1logo: Michel BO 832 Stamp Number BO C315 Yvert et Tellier BO PA298 Stanley Gibbons BO 910 Temas: Danza | Folklore | Trajes y Disfraces Fecha emisi\u00f3n: 1972-03-23 Tama\u00f1o: 28 x 36 mm Colores: Multicolor Marca de agua: Sin Marca de agua Dise\u00f1adores: F. Avila Impresores\/Imprentas: La &hellip;<\/p>\n<p class=\"read-more\"> <a class=\"thunk-readmore button\" href=\"https:\/\/filatelia.cuentista.es\/en\/product\/sello-bolivia-taquirari-b-140-usado\"> <span class=\"screen-reader-text\">Sello Bolivia 1972 &#8211; Taquirari &#8211; $b 1,40 Usado , A\u00e9reo<\/span>Read More<\/a><\/p>","protected":false},"featured_media":3334,"comment_status":"open","ping_status":"closed","template":"","meta":{"_acf_changed":false},"product_brand":[],"product_cat":[1342,815,20],"product_tag":[],"class_list":{"0":"post-3335","1":"product","2":"type-product","3":"status-publish","4":"has-post-thumbnail","6":"product_cat-bolivia","7":"product_cat-correo-aereo","8":"product_cat-sellos-usados","9":"thunk-woo-product-list","10":"opn-qv-enable","11":"open-woo-hover-zoom","12":"open-single-product-tab-horizontal","13":"open-shadow-","14":"open-shadow-hover-","16":"first","17":"instock","18":"shipping-taxable","19":"purchasable","20":"product-type-simple"},"acf":[],"jetpack_sharing_enabled":true,"_links":{"self":[{"href":"https:\/\/filatelia.cuentista.es\/en\/wp-json\/wp\/v2\/product\/3335","targetHints":{"allow":["GET"]}}],"collection":[{"href":"https:\/\/filatelia.cuentista.es\/en\/wp-json\/wp\/v2\/product"}],"about":[{"href":"https:\/\/filatelia.cuentista.es\/en\/wp-json\/wp\/v2\/types\/product"}],"replies":[{"embeddable":true,"href":"https:\/\/filatelia.cuentista.es\/en\/wp-json\/wp\/v2\/comments?post=3335"}],"wp:featuredmedia":[{"embeddable":true,"href":"https:\/\/filatelia.cuentista.es\/en\/wp-json\/wp\/v2\/media\/3334"}],"wp:attachment":[{"href":"https:\/\/filatelia.cuentista.es\/en\/wp-json\/wp\/v2\/media?parent=3335"}],"wp:term":[{"taxonomy":"product_brand","embeddable":true,"href":"https:\/\/filatelia.cuentista.es\/en\/wp-json\/wp\/v2\/product_brand?post=3335"},{"taxonomy":"product_cat","embeddable":true,"href":"https:\/\/filatelia.cuentista.es\/en\/wp-json\/wp\/v2\/product_cat?post=3335"},{"taxonomy":"product_tag","embeddable":true,"href":"https:\/\/filatelia.cuentista.es\/en\/wp-json\/wp\/v2\/product_tag?post=3335"}],"curies":[{"name":"wp","href":"https:\/\/api.w.org\/{rel}","templated":true}]}}