{"id":3333,"date":"2024-09-27T20:36:00","date_gmt":"2024-09-27T20:36:00","guid":{"rendered":"https:\/\/filatelia.cuentista.es\/product\/sello-bolivia-pro-caja-jubilaciones-10-centimos-rojo-usado"},"modified":"2024-09-27T20:40:24","modified_gmt":"2024-09-27T20:40:24","slug":"sello-bolivia-pro-caja-jubilaciones-10-centimos-rojo-usado","status":"publish","type":"product","link":"https:\/\/filatelia.cuentista.es\/en\/product\/sello-bolivia-pro-caja-jubilaciones-10-centimos-rojo-usado","title":{"rendered":"Sello Bolivia 1947 &#8211; Pro Caja Jubilaciones &#8211; 10 c\u00e9ntimos Rojo. Usado"},"content":{"rendered":"<p>Transport workers<\/p>\n<p><img class=\"size-full\"><\/p>\n<p>Pa\u00eds:<\/p>\n<p>Bolivia<\/p>\n<p>Serie:<\/p>\n<p>Communications Symbols<\/p>\n<p>C\u00f3digo de cat\u00e1logo:<\/p>\n<p>Michel BO Z5<\/p>\n<p>Stamp Number BO RA5<\/p>\n<p>Yvert et Tellier BO B5<\/p>\n<p>Stanley Gibbons BO 469<\/p>\n<p>Variantes:<\/p>\n<p>Click para ver variantes<\/p>\n<p>Temas:<\/p>\n<p>Cartas (Correo) | Comunicaciones | Cornetas de Correos | Ferrocarriles | Transportes<\/p>\n<p>Fecha emisi\u00f3n:<\/p>\n<p>1947<\/p>\n<p>Colores:<\/p>\n<p>Carm\u00edn<\/p>\n<p>Marca de agua:<\/p>\n<p>Sin Marca de agua<\/p>\n<p>Impresores\/Imprentas:<\/p>\n<p>Litografias Unidas<\/p>\n<p>Formato:<\/p>\n<p>Sello<\/p>\n<p>Emisi\u00f3n:<\/p>\n<p>Impuestos Postales<\/p>\n<p>Perforaci\u00f3n:<\/p>\n<p>10\u00bd<\/p>\n<p>Impresi\u00f3n:<\/p>\n<p>Litograf\u00eda offset<\/p>\n<p>Valor facial:<\/p>\n<p>0,10 Bs. &#8211; Boliviano de Bolivia<\/p>\n<p><a href=\"https:\/\/colnect.com\/stamps\/stamp\/517164\">https:\/\/colnect.com\/stamps\/stamp\/517164<\/a><\/p>","protected":false},"excerpt":{"rendered":"<p>Transport workers Pa\u00eds: Bolivia Serie: Communications Symbols C\u00f3digo de cat\u00e1logo: Michel BO Z5 Stamp Number BO RA5 Yvert et Tellier BO B5 Stanley Gibbons BO 469 Variantes: Click para ver variantes Temas: Cartas (Correo) | Comunicaciones | Cornetas de Correos | Ferrocarriles | Transportes Fecha emisi\u00f3n: 1947 Colores: Carm\u00edn Marca de agua: Sin Marca de &hellip;<\/p>\n<p class=\"read-more\"> <a class=\"thunk-readmore button\" href=\"https:\/\/filatelia.cuentista.es\/en\/product\/sello-bolivia-pro-caja-jubilaciones-10-centimos-rojo-usado\"> <span class=\"screen-reader-text\">Sello Bolivia 1947 &#8211; Pro Caja Jubilaciones &#8211; 10 c\u00e9ntimos Rojo. Usado<\/span>Read More<\/a><\/p>","protected":false},"featured_media":3332,"comment_status":"open","ping_status":"closed","template":"","meta":{"_acf_changed":false},"product_brand":[],"product_cat":[1342,20],"product_tag":[],"class_list":{"0":"post-3333","1":"product","2":"type-product","3":"status-publish","4":"has-post-thumbnail","6":"product_cat-bolivia","7":"product_cat-sellos-usados","8":"thunk-woo-product-list","9":"opn-qv-enable","10":"open-woo-hover-zoom","11":"open-single-product-tab-horizontal","12":"open-shadow-","13":"open-shadow-hover-","15":"first","16":"instock","17":"shipping-taxable","18":"purchasable","19":"product-type-simple"},"acf":[],"jetpack_sharing_enabled":true,"_links":{"self":[{"href":"https:\/\/filatelia.cuentista.es\/en\/wp-json\/wp\/v2\/product\/3333","targetHints":{"allow":["GET"]}}],"collection":[{"href":"https:\/\/filatelia.cuentista.es\/en\/wp-json\/wp\/v2\/product"}],"about":[{"href":"https:\/\/filatelia.cuentista.es\/en\/wp-json\/wp\/v2\/types\/product"}],"replies":[{"embeddable":true,"href":"https:\/\/filatelia.cuentista.es\/en\/wp-json\/wp\/v2\/comments?post=3333"}],"wp:featuredmedia":[{"embeddable":true,"href":"https:\/\/filatelia.cuentista.es\/en\/wp-json\/wp\/v2\/media\/3332"}],"wp:attachment":[{"href":"https:\/\/filatelia.cuentista.es\/en\/wp-json\/wp\/v2\/media?parent=3333"}],"wp:term":[{"taxonomy":"product_brand","embeddable":true,"href":"https:\/\/filatelia.cuentista.es\/en\/wp-json\/wp\/v2\/product_brand?post=3333"},{"taxonomy":"product_cat","embeddable":true,"href":"https:\/\/filatelia.cuentista.es\/en\/wp-json\/wp\/v2\/product_cat?post=3333"},{"taxonomy":"product_tag","embeddable":true,"href":"https:\/\/filatelia.cuentista.es\/en\/wp-json\/wp\/v2\/product_tag?post=3333"}],"curies":[{"name":"wp","href":"https:\/\/api.w.org\/{rel}","templated":true}]}}