{"id":3321,"date":"2024-09-25T18:51:12","date_gmt":"2024-09-25T18:51:12","guid":{"rendered":"https:\/\/filatelia.cuentista.es\/product\/sello-bolivia-5-centavos-rojo-usado"},"modified":"2024-09-27T20:30:45","modified_gmt":"2024-09-27T20:30:45","slug":"sello-bolivia-5-centavos-rojo-usado","status":"publish","type":"product","link":"https:\/\/filatelia.cuentista.es\/en\/product\/sello-bolivia-5-centavos-rojo-usado","title":{"rendered":"Sello Bolivia 1901 &#8211; Narciso Campero &#8211; 5 Centavos , Rojo Usado"},"content":{"rendered":"<p>Narciso Campero<\/p>\n<p><img class=\"size-full\"><\/p>\n<p>Pa\u00eds:<\/p>\n<p>Bolivia<\/p>\n<p>Serie:<\/p>\n<p>Politicians<\/p>\n<p>C\u00f3digo de cat\u00e1logo:<\/p>\n<p>Michel BO 68<\/p>\n<p>Stamp Number BO 73<\/p>\n<p>Yvert et Tellier BO 69<\/p>\n<p>Stanley Gibbons BO 102<\/p>\n<p>Temas:<\/p>\n<p>Generales | Jefes de Estado | Oficiales Militares | Personajes Famosos | Pol\u00edticos<\/p>\n<p>Fecha emisi\u00f3n:<\/p>\n<p>1901<\/p>\n<p>Tama\u00f1o:<\/p>\n<p>24 x 29 mm<\/p>\n<p>Colores:<\/p>\n<p>Rojo Carm\u00edn<\/p>\n<p>Marca de agua:<\/p>\n<p>Sin Marca de agua<\/p>\n<p>Impresores\/Imprentas:<\/p>\n<p>American Bank Note Co.<\/p>\n<p>Formato:<\/p>\n<p>Sello<\/p>\n<p>Emisi\u00f3n:<\/p>\n<p>Definitivo<\/p>\n<p>Perforaci\u00f3n:<\/p>\n<p>l\u00ednea12<\/p>\n<p>Impresi\u00f3n:<\/p>\n<p>Rebaje<\/p>\n<p>Valor facial:<\/p>\n<p>5 c. &#8211; Centavo Boliviano<\/p>\n<p>Tiraje:<\/p>\n<p>1.200.000<\/p>\n<p>Puntuaci\u00f3n:<\/p>\n<p>13% Precisi\u00f3n: Muy alto<\/p>\n<p>Descripci\u00f3n:<\/p>\n<p>CE 84.<\/p>\n<p>General Narciso Campero Leyes (29 October 1813 \u2013 12 August 1896) was the 25th president of Bolivia from 1880 to 1884.<\/p>\n<p><a href=\"https:\/\/colnect.com\/stamps\/stamp\/226925\">https:\/\/colnect.com\/stamps\/stamp\/226925<\/a><\/p>","protected":false},"excerpt":{"rendered":"<p>Narciso Campero Pa\u00eds: Bolivia Serie: Politicians C\u00f3digo de cat\u00e1logo: Michel BO 68 Stamp Number BO 73 Yvert et Tellier BO 69 Stanley Gibbons BO 102 Temas: Generales | Jefes de Estado | Oficiales Militares | Personajes Famosos | Pol\u00edticos Fecha emisi\u00f3n: 1901 Tama\u00f1o: 24 x 29 mm Colores: Rojo Carm\u00edn Marca de agua: Sin Marca &hellip;<\/p>\n<p class=\"read-more\"> <a class=\"thunk-readmore button\" href=\"https:\/\/filatelia.cuentista.es\/en\/product\/sello-bolivia-5-centavos-rojo-usado\"> <span class=\"screen-reader-text\">Sello Bolivia 1901 &#8211; Narciso Campero &#8211; 5 Centavos , Rojo Usado<\/span>Read More<\/a><\/p>","protected":false},"featured_media":3320,"comment_status":"open","ping_status":"closed","template":"","meta":{"_acf_changed":false},"product_brand":[],"product_cat":[1342,20],"product_tag":[],"class_list":{"0":"post-3321","1":"product","2":"type-product","3":"status-publish","4":"has-post-thumbnail","6":"product_cat-bolivia","7":"product_cat-sellos-usados","8":"thunk-woo-product-list","9":"opn-qv-enable","10":"open-woo-hover-zoom","11":"open-single-product-tab-horizontal","12":"open-shadow-","13":"open-shadow-hover-","15":"first","16":"instock","17":"shipping-taxable","18":"purchasable","19":"product-type-simple"},"acf":[],"jetpack_sharing_enabled":true,"_links":{"self":[{"href":"https:\/\/filatelia.cuentista.es\/en\/wp-json\/wp\/v2\/product\/3321","targetHints":{"allow":["GET"]}}],"collection":[{"href":"https:\/\/filatelia.cuentista.es\/en\/wp-json\/wp\/v2\/product"}],"about":[{"href":"https:\/\/filatelia.cuentista.es\/en\/wp-json\/wp\/v2\/types\/product"}],"replies":[{"embeddable":true,"href":"https:\/\/filatelia.cuentista.es\/en\/wp-json\/wp\/v2\/comments?post=3321"}],"wp:featuredmedia":[{"embeddable":true,"href":"https:\/\/filatelia.cuentista.es\/en\/wp-json\/wp\/v2\/media\/3320"}],"wp:attachment":[{"href":"https:\/\/filatelia.cuentista.es\/en\/wp-json\/wp\/v2\/media?parent=3321"}],"wp:term":[{"taxonomy":"product_brand","embeddable":true,"href":"https:\/\/filatelia.cuentista.es\/en\/wp-json\/wp\/v2\/product_brand?post=3321"},{"taxonomy":"product_cat","embeddable":true,"href":"https:\/\/filatelia.cuentista.es\/en\/wp-json\/wp\/v2\/product_cat?post=3321"},{"taxonomy":"product_tag","embeddable":true,"href":"https:\/\/filatelia.cuentista.es\/en\/wp-json\/wp\/v2\/product_tag?post=3321"}],"curies":[{"name":"wp","href":"https:\/\/api.w.org\/{rel}","templated":true}]}}