{"id":3316,"date":"2024-09-25T18:43:12","date_gmt":"2024-09-25T18:43:12","guid":{"rendered":"https:\/\/filatelia.cuentista.es\/product\/sello-bolivia-presidente-siles-10-centavos-azul-oscuro-usado"},"modified":"2024-09-25T18:44:58","modified_gmt":"2024-09-25T18:44:58","slug":"sello-bolivia-presidente-siles-10-centavos-azul-oscuro-usado","status":"publish","type":"product","link":"https:\/\/filatelia.cuentista.es\/en\/product\/sello-bolivia-presidente-siles-10-centavos-azul-oscuro-usado","title":{"rendered":"Sello Bolivia 1928 &#8211; Presidente Siles &#8211; 10 Centavos Azul oscuro. Usado"},"content":{"rendered":"<p>Hernando Siles (1883-1942)<\/p>\n<p><img class=\"size-full\"><\/p>\n<p>Pa\u00eds:<\/p>\n<p>Bolivia<\/p>\n<p>Serie:<\/p>\n<p>Definitives of 1928: Condor, Map and President<\/p>\n<p>C\u00f3digo de cat\u00e1logo:<\/p>\n<p>Michel BO 179<\/p>\n<p>Stamp Number BO 190<\/p>\n<p>Yvert et Tellier BO 162<\/p>\n<p>Stanley Gibbons BO 222<\/p>\n<p>Temas:<\/p>\n<p>Jefes de Estado | Pol\u00edticos<\/p>\n<p>Fecha emisi\u00f3n:<\/p>\n<p>1928<\/p>\n<p>Tama\u00f1o:<\/p>\n<p>24 x 29 mm<\/p>\n<p>Colores:<\/p>\n<p>Azul Gris<\/p>\n<p>Marca de agua:<\/p>\n<p>Sin Marca de agua<\/p>\n<p>Impresores\/Imprentas:<\/p>\n<p>Perkins Bacon &amp; Company, Ltd<\/p>\n<p>Formato:<\/p>\n<p>Sello<\/p>\n<p>Emisi\u00f3n:<\/p>\n<p>Definitivo<\/p>\n<p>Perforaci\u00f3n:<\/p>\n<p>13\u00bd<\/p>\n<p>Impresi\u00f3n:<\/p>\n<p>Rebaje<\/p>\n<p>Valor facial:<\/p>\n<p>10 c. &#8211; Centavo Boliviano<\/p>\n<p>Tiraje:<\/p>\n<p>2.103.893<\/p>\n<p>Puntuaci\u00f3n:<\/p>\n<p>23% Precisi\u00f3n: Alta<\/p>\n<p>Descripci\u00f3n:<\/p>\n<p>CE 221.<\/p>\n<p>Hernando Siles Reyes (August 5, 1882 \u2013 November 23, 1942) was a Bolivian politician who served as the 37th President of Bolivia, serving from 1926 to 1930.<\/p>\n<p><a href=\"https:\/\/colnect.com\/stamps\/stamp\/179462\">https:\/\/colnect.com\/stamps\/stamp\/179462<\/a><\/p>","protected":false},"excerpt":{"rendered":"<p>Hernando Siles (1883-1942) Pa\u00eds: Bolivia Serie: Definitives of 1928: Condor, Map and President C\u00f3digo de cat\u00e1logo: Michel BO 179 Stamp Number BO 190 Yvert et Tellier BO 162 Stanley Gibbons BO 222 Temas: Jefes de Estado | Pol\u00edticos Fecha emisi\u00f3n: 1928 Tama\u00f1o: 24 x 29 mm Colores: Azul Gris Marca de agua: Sin Marca de &hellip;<\/p>\n<p class=\"read-more\"> <a class=\"thunk-readmore button\" href=\"https:\/\/filatelia.cuentista.es\/en\/product\/sello-bolivia-presidente-siles-10-centavos-azul-oscuro-usado\"> <span class=\"screen-reader-text\">Sello Bolivia 1928 &#8211; Presidente Siles &#8211; 10 Centavos Azul oscuro. Usado<\/span>Read More<\/a><\/p>","protected":false},"featured_media":3315,"comment_status":"open","ping_status":"closed","template":"","meta":{"_acf_changed":false},"product_brand":[],"product_cat":[1342,20],"product_tag":[],"class_list":{"0":"post-3316","1":"product","2":"type-product","3":"status-publish","4":"has-post-thumbnail","6":"product_cat-bolivia","7":"product_cat-sellos-usados","8":"thunk-woo-product-list","9":"opn-qv-enable","10":"open-woo-hover-zoom","11":"open-single-product-tab-horizontal","12":"open-shadow-","13":"open-shadow-hover-","15":"first","16":"instock","17":"shipping-taxable","18":"purchasable","19":"product-type-simple"},"acf":[],"jetpack_sharing_enabled":true,"_links":{"self":[{"href":"https:\/\/filatelia.cuentista.es\/en\/wp-json\/wp\/v2\/product\/3316","targetHints":{"allow":["GET"]}}],"collection":[{"href":"https:\/\/filatelia.cuentista.es\/en\/wp-json\/wp\/v2\/product"}],"about":[{"href":"https:\/\/filatelia.cuentista.es\/en\/wp-json\/wp\/v2\/types\/product"}],"replies":[{"embeddable":true,"href":"https:\/\/filatelia.cuentista.es\/en\/wp-json\/wp\/v2\/comments?post=3316"}],"wp:featuredmedia":[{"embeddable":true,"href":"https:\/\/filatelia.cuentista.es\/en\/wp-json\/wp\/v2\/media\/3315"}],"wp:attachment":[{"href":"https:\/\/filatelia.cuentista.es\/en\/wp-json\/wp\/v2\/media?parent=3316"}],"wp:term":[{"taxonomy":"product_brand","embeddable":true,"href":"https:\/\/filatelia.cuentista.es\/en\/wp-json\/wp\/v2\/product_brand?post=3316"},{"taxonomy":"product_cat","embeddable":true,"href":"https:\/\/filatelia.cuentista.es\/en\/wp-json\/wp\/v2\/product_cat?post=3316"},{"taxonomy":"product_tag","embeddable":true,"href":"https:\/\/filatelia.cuentista.es\/en\/wp-json\/wp\/v2\/product_tag?post=3316"}],"curies":[{"name":"wp","href":"https:\/\/api.w.org\/{rel}","templated":true}]}}