{"id":331,"date":"2024-07-20T06:38:09","date_gmt":"2024-07-20T06:38:09","guid":{"rendered":"https:\/\/filatelia.cuentista.es\/product\/lagarto-verde-camaleon"},"modified":"2024-09-28T05:24:48","modified_gmt":"2024-09-28T05:24:48","slug":"lagarto-verde-camaleon","status":"publish","type":"product","link":"https:\/\/filatelia.cuentista.es\/en\/product\/lagarto-verde-camaleon","title":{"rendered":"Sobre Primer D\u00eda 1974 &#8211; Lagarto Verde, Camaleon &#8211; Espa\u00f1a &#8211; 2 Valores"},"content":{"rendered":"<p>Sobre Primer D\u00eda 1974 &#8211; Lagarto Verde, Camaleon &#8211; Espa\u00f1a &#8211; 2 Valores<\/p>\n<p>Fecha de emisi\u00f3n: 3 julio 1974<\/p>\n<p>LACERTA &#8211; VIRIDIS<\/p>\n<p>Sello Lagarto Verde de 7 Ptas<\/p>\n<p>Sello Camaleon de 2 Ptas<\/p>\n<p>Serie: Fauna hispanica 1974 EDIFIL 2192 a 2196<\/p>\n<p><img decoding=\"async\" src=\"https:\/\/i.ebayimg.com\/thumbs\/images\/g\/buYAAOSwOi9lRI6A\/s-l225.jpg\" alt=\"Colecciones y lotes de sellos de Espa\u00f1a de 1950 a 1975 de 2 sellos | Compra online en eBay\" \/><\/p>\n<p>&nbsp;<\/p>\n<p>Sobre ALFIL<\/p>\n<p><sup id=\"cite_ref-bru_5-1\" class=\"reference separada\"><\/sup>\u200b<b>Los sobres de primer d\u00eda son objetos de colecci\u00f3n muy valorados por los filatelistas.<\/b> Estos sobres especiales se utilizan para enviar una carta el mismo d\u00eda en que se emite un nuevo sello postal. Al ser los primeros en utilizar ese sello en particular, adquieren un valor a\u00f1adido para los coleccionistas. Los sobres de primer d\u00eda suelen incluir un matasellos con la fecha de emisi\u00f3n y el nombre de la oficina de correos donde se expidi\u00f3 el sello, lo que los convierte en piezas \u00fanicas y aut\u00e9nticas. Adem\u00e1s de su valor filat\u00e9lico, estos sobres a menudo presentan dise\u00f1os atractivos y conmemorativos, relacionados con el tema del sello emitido, lo que los convierte en peque\u00f1os tesoros para los amantes de la historia y el arte postal.<\/p>","protected":false},"excerpt":{"rendered":"<p>Sobre Primer D\u00eda 1974 &#8211; Lagarto Verde, Camaleon &#8211; Espa\u00f1a &#8211; 2 Valores<\/p>\n<p>Fecha de emisi\u00f3n: 3 julio 1974<\/p>\n<p>LACERTA &#8211; VIRIDIS<\/p>","protected":false},"featured_media":3377,"comment_status":"open","ping_status":"closed","template":"","meta":{"_acf_changed":false},"product_brand":[],"product_cat":[663,19],"product_tag":[75,1359,945,190,189],"class_list":{"0":"post-331","1":"product","2":"type-product","3":"status-publish","4":"has-post-thumbnail","6":"product_cat-espana","7":"product_cat-spd-sobres-primer-dia","8":"product_tag-75","9":"product_tag-anfibios","10":"product_tag-fauna","11":"product_tag-fdc","12":"product_tag-spd","13":"thunk-woo-product-list","14":"opn-qv-enable","15":"open-woo-hover-zoom","16":"open-single-product-tab-horizontal","17":"open-shadow-","18":"open-shadow-hover-","20":"first","21":"instock","22":"shipping-taxable","23":"purchasable","24":"product-type-simple"},"acf":[],"jetpack_sharing_enabled":true,"_links":{"self":[{"href":"https:\/\/filatelia.cuentista.es\/en\/wp-json\/wp\/v2\/product\/331","targetHints":{"allow":["GET"]}}],"collection":[{"href":"https:\/\/filatelia.cuentista.es\/en\/wp-json\/wp\/v2\/product"}],"about":[{"href":"https:\/\/filatelia.cuentista.es\/en\/wp-json\/wp\/v2\/types\/product"}],"replies":[{"embeddable":true,"href":"https:\/\/filatelia.cuentista.es\/en\/wp-json\/wp\/v2\/comments?post=331"}],"wp:featuredmedia":[{"embeddable":true,"href":"https:\/\/filatelia.cuentista.es\/en\/wp-json\/wp\/v2\/media\/3377"}],"wp:attachment":[{"href":"https:\/\/filatelia.cuentista.es\/en\/wp-json\/wp\/v2\/media?parent=331"}],"wp:term":[{"taxonomy":"product_brand","embeddable":true,"href":"https:\/\/filatelia.cuentista.es\/en\/wp-json\/wp\/v2\/product_brand?post=331"},{"taxonomy":"product_cat","embeddable":true,"href":"https:\/\/filatelia.cuentista.es\/en\/wp-json\/wp\/v2\/product_cat?post=331"},{"taxonomy":"product_tag","embeddable":true,"href":"https:\/\/filatelia.cuentista.es\/en\/wp-json\/wp\/v2\/product_tag?post=331"}],"curies":[{"name":"wp","href":"https:\/\/api.w.org\/{rel}","templated":true}]}}