{"id":3308,"date":"2024-09-25T05:07:08","date_gmt":"2024-09-25T05:07:08","guid":{"rendered":"https:\/\/filatelia.cuentista.es\/product\/sello-bolivia-escudo-15-bs-azul-usado-borde-cortado"},"modified":"2024-09-28T11:57:56","modified_gmt":"2024-09-28T11:57:56","slug":"sello-bolivia-escudo-15-bs-azul-usado-borde-cortado","status":"publish","type":"product","link":"https:\/\/filatelia.cuentista.es\/en\/product\/sello-bolivia-escudo-15-bs-azul-usado-borde-cortado","title":{"rendered":"Sello Bolivia 1925 &#8211; Escudo &#8211; 15 Centavos Azul Usado, Borde cortado"},"content":{"rendered":"<p>Coat of Arms (Waterlow &amp; Sons printing)<\/p>\n<p><img class=\"size-full\"><\/p>\n<p>Pa\u00eds:<\/p>\n<p>Bolivia<\/p>\n<p>Serie:<\/p>\n<p>Definitives<\/p>\n<p>C\u00f3digo de cat\u00e1logo:<\/p>\n<p>Michel BO 138<\/p>\n<p>Stamp Number BO 145<\/p>\n<p>Yvert et Tellier BO 131<\/p>\n<p>Stanley Gibbons BO 179<\/p>\n<p>Temas:<\/p>\n<p>Aves | Banderas | Escudo de Armas<\/p>\n<p>Fecha emisi\u00f3n:<\/p>\n<p>1925<\/p>\n<p>Colores:<\/p>\n<p>Azul brillante<\/p>\n<p>Marca de agua:<\/p>\n<p>Sin Marca de agua<\/p>\n<p>Impresores\/Imprentas:<\/p>\n<p>Waterlow &amp; Sons Ltd<\/p>\n<p>Formato:<\/p>\n<p>Sello<\/p>\n<p>Emisi\u00f3n:<\/p>\n<p>Definitivo<\/p>\n<p>Perforaci\u00f3n:<\/p>\n<p>l\u00ednea12\u00bd<\/p>\n<p>Impresi\u00f3n:<\/p>\n<p>Rebaje<\/p>\n<p>Valor facial:<\/p>\n<p>15 c. &#8211; Centavo Boliviano<\/p>\n<p>Puntuaci\u00f3n:<\/p>\n<p>17% Precisi\u00f3n: Muy alto<\/p>\n<p>Descripci\u00f3n:<\/p>\n<p>With endpoint after BOLIVIA in shield inside Coat of Arms.<\/p>\n<p>CE 171.<\/p>","protected":false},"excerpt":{"rendered":"<p>Coat of Arms (Waterlow &amp; Sons printing) Pa\u00eds: Bolivia Serie: Definitives C\u00f3digo de cat\u00e1logo: Michel BO 138 Stamp Number BO 145 Yvert et Tellier BO 131 Stanley Gibbons BO 179 Temas: Aves | Banderas | Escudo de Armas Fecha emisi\u00f3n: 1925 Colores: Azul brillante Marca de agua: Sin Marca de agua Impresores\/Imprentas: Waterlow &amp; Sons &hellip;<\/p>\n<p class=\"read-more\"> <a class=\"thunk-readmore button\" href=\"https:\/\/filatelia.cuentista.es\/en\/product\/sello-bolivia-escudo-15-bs-azul-usado-borde-cortado\"> <span class=\"screen-reader-text\">Sello Bolivia 1925 &#8211; Escudo &#8211; 15 Centavos Azul Usado, Borde cortado<\/span>Read More<\/a><\/p>","protected":false},"featured_media":3307,"comment_status":"open","ping_status":"closed","template":"","meta":{"_acf_changed":false},"product_brand":[],"product_cat":[1342,20],"product_tag":[],"class_list":{"0":"post-3308","1":"product","2":"type-product","3":"status-publish","4":"has-post-thumbnail","6":"product_cat-bolivia","7":"product_cat-sellos-usados","8":"thunk-woo-product-list","9":"opn-qv-enable","10":"open-woo-hover-zoom","11":"open-single-product-tab-horizontal","12":"open-shadow-","13":"open-shadow-hover-","15":"first","16":"instock","17":"sale","18":"shipping-taxable","19":"purchasable","20":"product-type-simple"},"acf":[],"jetpack_sharing_enabled":true,"_links":{"self":[{"href":"https:\/\/filatelia.cuentista.es\/en\/wp-json\/wp\/v2\/product\/3308","targetHints":{"allow":["GET"]}}],"collection":[{"href":"https:\/\/filatelia.cuentista.es\/en\/wp-json\/wp\/v2\/product"}],"about":[{"href":"https:\/\/filatelia.cuentista.es\/en\/wp-json\/wp\/v2\/types\/product"}],"replies":[{"embeddable":true,"href":"https:\/\/filatelia.cuentista.es\/en\/wp-json\/wp\/v2\/comments?post=3308"}],"wp:featuredmedia":[{"embeddable":true,"href":"https:\/\/filatelia.cuentista.es\/en\/wp-json\/wp\/v2\/media\/3307"}],"wp:attachment":[{"href":"https:\/\/filatelia.cuentista.es\/en\/wp-json\/wp\/v2\/media?parent=3308"}],"wp:term":[{"taxonomy":"product_brand","embeddable":true,"href":"https:\/\/filatelia.cuentista.es\/en\/wp-json\/wp\/v2\/product_brand?post=3308"},{"taxonomy":"product_cat","embeddable":true,"href":"https:\/\/filatelia.cuentista.es\/en\/wp-json\/wp\/v2\/product_cat?post=3308"},{"taxonomy":"product_tag","embeddable":true,"href":"https:\/\/filatelia.cuentista.es\/en\/wp-json\/wp\/v2\/product_tag?post=3308"}],"curies":[{"name":"wp","href":"https:\/\/api.w.org\/{rel}","templated":true}]}}