{"id":3304,"date":"2024-09-24T19:51:36","date_gmt":"2024-09-24T19:51:36","guid":{"rendered":"https:\/\/filatelia.cuentista.es\/product\/sello-bolivia-escudo-24-centavos-lila-usado"},"modified":"2024-09-28T11:58:21","modified_gmt":"2024-09-28T11:58:21","slug":"sello-bolivia-escudo-24-centavos-lila-usado","status":"publish","type":"product","link":"https:\/\/filatelia.cuentista.es\/en\/product\/sello-bolivia-escudo-24-centavos-lila-usado","title":{"rendered":"Sello Bolivia 1919 &#8211; Escudo &#8211; 24 Centavos Lila, Usado"},"content":{"rendered":"<p>Coat of Arms (American Banknote Co printing)<\/p>\n<p><img class=\"size-full\"><\/p>\n<p>Pa\u00eds:<\/p>\n<p>Bolivia<\/p>\n<p>Serie:<\/p>\n<p>Definitives<\/p>\n<p>C\u00f3digo de cat\u00e1logo:<\/p>\n<p>Michel BO 113<\/p>\n<p>Stamp Number BO 124<\/p>\n<p>Yvert et Tellier BO 117(A)<\/p>\n<p>Stanley Gibbons BO 155<\/p>\n<p>Variantes:<\/p>\n<p>Click para ver variantes<\/p>\n<p>Temas:<\/p>\n<p>Aves | Banderas | Escudo de Armas<\/p>\n<p>Fecha emisi\u00f3n:<\/p>\n<p>1919<\/p>\n<p>Colores:<\/p>\n<p>Violeta<\/p>\n<p>Marca de agua:<\/p>\n<p>Sin Marca de agua<\/p>\n<p>Impresores\/Imprentas:<\/p>\n<p>American Bank Note Co.<\/p>\n<p>Formato:<\/p>\n<p>Sello<\/p>\n<p>Emisi\u00f3n:<\/p>\n<p>Definitivo<\/p>\n<p>Perforaci\u00f3n:<\/p>\n<p>l\u00ednea12<\/p>\n<p>Impresi\u00f3n:<\/p>\n<p>Rebaje<\/p>\n<p>Valor facial:<\/p>\n<p>24 c. &#8211; Centavo Boliviano<\/p>\n<p>Tiraje:<\/p>\n<p>1.000.000<\/p>\n<p>Puntuaci\u00f3n:<\/p>\n<p>34% Precisi\u00f3n: Alta<\/p>\n<p>Descripci\u00f3n:<\/p>\n<p>BOLIVIA escrito dentro del escudo del Escudo de Armas con punto final.<\/p>\n<p>CE 143.<\/p>\n<p><a href=\"https:\/\/colnect.com\/stamps\/stamp\/226977\">https:\/\/colnect.com\/stamps\/stamp\/226977<\/a><\/p>","protected":false},"excerpt":{"rendered":"<p>Coat of Arms (American Banknote Co printing) Pa\u00eds: Bolivia Serie: Definitives C\u00f3digo de cat\u00e1logo: Michel BO 113 Stamp Number BO 124 Yvert et Tellier BO 117(A) Stanley Gibbons BO 155 Variantes: Click para ver variantes Temas: Aves | Banderas | Escudo de Armas Fecha emisi\u00f3n: 1919 Colores: Violeta Marca de agua: Sin Marca de agua &hellip;<\/p>\n<p class=\"read-more\"> <a class=\"thunk-readmore button\" href=\"https:\/\/filatelia.cuentista.es\/en\/product\/sello-bolivia-escudo-24-centavos-lila-usado\"> <span class=\"screen-reader-text\">Sello Bolivia 1919 &#8211; Escudo &#8211; 24 Centavos Lila, Usado<\/span>Read More<\/a><\/p>","protected":false},"featured_media":3303,"comment_status":"open","ping_status":"closed","template":"","meta":{"_acf_changed":false},"product_brand":[],"product_cat":[1342,20],"product_tag":[],"class_list":{"0":"post-3304","1":"product","2":"type-product","3":"status-publish","4":"has-post-thumbnail","6":"product_cat-bolivia","7":"product_cat-sellos-usados","8":"thunk-woo-product-list","9":"opn-qv-enable","10":"open-woo-hover-zoom","11":"open-single-product-tab-horizontal","12":"open-shadow-","13":"open-shadow-hover-","15":"first","16":"instock","17":"sale","18":"shipping-taxable","19":"purchasable","20":"product-type-simple"},"acf":[],"jetpack_sharing_enabled":true,"_links":{"self":[{"href":"https:\/\/filatelia.cuentista.es\/en\/wp-json\/wp\/v2\/product\/3304","targetHints":{"allow":["GET"]}}],"collection":[{"href":"https:\/\/filatelia.cuentista.es\/en\/wp-json\/wp\/v2\/product"}],"about":[{"href":"https:\/\/filatelia.cuentista.es\/en\/wp-json\/wp\/v2\/types\/product"}],"replies":[{"embeddable":true,"href":"https:\/\/filatelia.cuentista.es\/en\/wp-json\/wp\/v2\/comments?post=3304"}],"wp:featuredmedia":[{"embeddable":true,"href":"https:\/\/filatelia.cuentista.es\/en\/wp-json\/wp\/v2\/media\/3303"}],"wp:attachment":[{"href":"https:\/\/filatelia.cuentista.es\/en\/wp-json\/wp\/v2\/media?parent=3304"}],"wp:term":[{"taxonomy":"product_brand","embeddable":true,"href":"https:\/\/filatelia.cuentista.es\/en\/wp-json\/wp\/v2\/product_brand?post=3304"},{"taxonomy":"product_cat","embeddable":true,"href":"https:\/\/filatelia.cuentista.es\/en\/wp-json\/wp\/v2\/product_cat?post=3304"},{"taxonomy":"product_tag","embeddable":true,"href":"https:\/\/filatelia.cuentista.es\/en\/wp-json\/wp\/v2\/product_tag?post=3304"}],"curies":[{"name":"wp","href":"https:\/\/api.w.org\/{rel}","templated":true}]}}