{"id":330,"date":"2024-07-20T06:38:08","date_gmt":"2024-07-20T06:38:08","guid":{"rendered":"https:\/\/filatelia.cuentista.es\/product\/vivora-de-lataste"},"modified":"2024-09-28T05:35:14","modified_gmt":"2024-09-28T05:35:14","slug":"vivora-de-lataste","status":"publish","type":"product","link":"https:\/\/filatelia.cuentista.es\/en\/product\/vivora-de-lataste","title":{"rendered":"Sobre Primer D\u00eda 1974 &#8211; Vivora de lataste &#8211; Espa\u00f1a"},"content":{"rendered":"<p>Sobre Primer D\u00eda 1974 &#8211; Vivora de lataste &#8211; Espa\u00f1a<\/p>\n<p>Fecha de emisi\u00f3n: 3 julio 1974<\/p>\n<p>Sello Vivora de Lataste de 15 Ptas &#8211; EDIFIL 2196<\/p>\n<p>VIPERA LATASTEI<\/p>\n<p>Sobre ALFIL<\/p>\n<p>La\u00a0<b>v\u00edbora hocicuda<\/b>\u00a0o\u00a0<b>v\u00edbora de Lataste<\/b>\u00a0(<i><b>Vipera latasti<\/b><\/i>\u00a0o\u00a0<i><b>Vipera latastei<\/b><\/i>) es una\u00a0<a title=\"Especie\" href=\"https:\/\/es.wikipedia.org\/wiki\/Especie\">especie<\/a>\u00a0de\u00a0<a title=\"Viperinae\" href=\"https:\/\/es.wikipedia.org\/wiki\/Viperinae\">v\u00edbora<\/a>\u00a0presente en la\u00a0<a title=\"Pen\u00ednsula ib\u00e9rica\" href=\"https:\/\/es.wikipedia.org\/wiki\/Pen%C3%ADnsula_ib%C3%A9rica\">pen\u00ednsula ib\u00e9rica<\/a>\u00a0y en el norte del\u00a0<a title=\"Magreb\" href=\"https:\/\/es.wikipedia.org\/wiki\/Magreb\">Magreb<\/a>. Puede alcanzar los 70 cm de longitud.<sup id=\"cite_ref-bru_5-0\" class=\"reference separada\"><a href=\"https:\/\/es.wikipedia.org\/wiki\/Vipera_latastei#cite_note-bru-5\">5<\/a><\/sup>\u200b Es la v\u00edbora m\u00e1s frecuente en la pen\u00ednsula ib\u00e9rica, abarcando todo el territorio a excepci\u00f3n del extremo norte y los\u00a0<a title=\"Pirineos\" href=\"https:\/\/es.wikipedia.org\/wiki\/Pirineos\">Pirineos<\/a>.<\/p>\n<p>Es la que cuenta con el\u00a0<a title=\"Veneno\" href=\"https:\/\/es.wikipedia.org\/wiki\/Veneno\">veneno<\/a>\u00a0menos t\u00f3xico de las tres presentes en Espa\u00f1a, y aunque su mordedura no es mortal, se precisa de asistencia sanitaria para un tratamiento adecuado, y si fuese realmente necesaria, la aplicaci\u00f3n de un\u00a0<a title=\"Antisuero\" href=\"https:\/\/es.wikipedia.org\/wiki\/Antisuero\">suero antiof\u00eddico<\/a>.<sup id=\"cite_ref-bru_5-1\" class=\"reference separada\"><a href=\"https:\/\/es.wikipedia.org\/wiki\/Vipera_latastei#cite_note-bru-5\">5<\/a><\/sup>\u200b<\/p>\n<p class=\"p1\"><b>Los sobres de primer d\u00eda son objetos de colecci\u00f3n muy valorados por los filatelistas.<\/b> Estos sobres especiales se utilizan para enviar una carta el mismo d\u00eda en que se emite un nuevo sello postal. Al ser los primeros en utilizar ese sello en particular, adquieren un valor a\u00f1adido para los coleccionistas. Los sobres de primer d\u00eda suelen incluir un matasellos con la fecha de emisi\u00f3n y el nombre de la oficina de correos donde se expidi\u00f3 el sello, lo que los convierte en piezas \u00fanicas y aut\u00e9nticas. Adem\u00e1s de su valor filat\u00e9lico, estos sobres a menudo presentan dise\u00f1os atractivos y conmemorativos, relacionados con el tema del sello emitido, lo que los convierte en peque\u00f1os tesoros para los amantes de la historia y el arte postal.<\/p>","protected":false},"excerpt":{"rendered":"<p>Sobre Primer D\u00eda 1974 &#8211; Vivora de lataste &#8211; Espa\u00f1a<\/p>\n<p>Fecha de emisi\u00f3n: 3 julio 1974<\/p>\n<p>Sello Vivora de Lataste de 15 Ptas &#8211; EDIFIL 2196<\/p>\n<p>VIPERA LATASTEI<\/p>","protected":false},"featured_media":3381,"comment_status":"open","ping_status":"closed","template":"","meta":{"_acf_changed":false},"product_brand":[],"product_cat":[663,19],"product_tag":[75,945,190,1362,189,1361],"class_list":{"0":"post-330","1":"product","2":"type-product","3":"status-publish","4":"has-post-thumbnail","6":"product_cat-espana","7":"product_cat-spd-sobres-primer-dia","8":"product_tag-75","9":"product_tag-fauna","10":"product_tag-fdc","11":"product_tag-serpiente","12":"product_tag-spd","13":"product_tag-vivora","14":"thunk-woo-product-list","15":"opn-qv-enable","16":"open-woo-hover-zoom","17":"open-single-product-tab-horizontal","18":"open-shadow-","19":"open-shadow-hover-","21":"first","22":"instock","23":"shipping-taxable","24":"purchasable","25":"product-type-simple"},"acf":[],"jetpack_sharing_enabled":true,"_links":{"self":[{"href":"https:\/\/filatelia.cuentista.es\/en\/wp-json\/wp\/v2\/product\/330","targetHints":{"allow":["GET"]}}],"collection":[{"href":"https:\/\/filatelia.cuentista.es\/en\/wp-json\/wp\/v2\/product"}],"about":[{"href":"https:\/\/filatelia.cuentista.es\/en\/wp-json\/wp\/v2\/types\/product"}],"replies":[{"embeddable":true,"href":"https:\/\/filatelia.cuentista.es\/en\/wp-json\/wp\/v2\/comments?post=330"}],"wp:featuredmedia":[{"embeddable":true,"href":"https:\/\/filatelia.cuentista.es\/en\/wp-json\/wp\/v2\/media\/3381"}],"wp:attachment":[{"href":"https:\/\/filatelia.cuentista.es\/en\/wp-json\/wp\/v2\/media?parent=330"}],"wp:term":[{"taxonomy":"product_brand","embeddable":true,"href":"https:\/\/filatelia.cuentista.es\/en\/wp-json\/wp\/v2\/product_brand?post=330"},{"taxonomy":"product_cat","embeddable":true,"href":"https:\/\/filatelia.cuentista.es\/en\/wp-json\/wp\/v2\/product_cat?post=330"},{"taxonomy":"product_tag","embeddable":true,"href":"https:\/\/filatelia.cuentista.es\/en\/wp-json\/wp\/v2\/product_tag?post=330"}],"curies":[{"name":"wp","href":"https:\/\/api.w.org\/{rel}","templated":true}]}}