{"id":3296,"date":"2024-09-24T19:33:59","date_gmt":"2024-09-24T19:33:59","guid":{"rendered":"https:\/\/filatelia.cuentista.es\/product\/correo-bolivia-la-virgen-y-el-nino-1-b-usado"},"modified":"2024-09-24T19:36:20","modified_gmt":"2024-09-24T19:36:20","slug":"correo-bolivia-la-virgen-y-el-nino-1-b-usado","status":"publish","type":"product","link":"https:\/\/filatelia.cuentista.es\/en\/product\/correo-bolivia-la-virgen-y-el-nino-1-b-usado","title":{"rendered":"Correo Bolivia- La virgen y el ni\u00f1o- 1 B$ usado"},"content":{"rendered":"<p>Madonna and Child<\/p>\n<p><img class=\"size-full\"><\/p>\n<p>Pa\u00eds:<\/p>\n<p>Bolivia<\/p>\n<p>Serie:<\/p>\n<p>Paintings of national Artists<\/p>\n<p>C\u00f3digo de cat\u00e1logo:<\/p>\n<p>Michel BO 837<\/p>\n<p>Stamp Number BO 548<\/p>\n<p>Yvert et Tellier BO 515<\/p>\n<p>Stanley Gibbons BO 915<\/p>\n<p>Temas:<\/p>\n<p>Navidad | Pinturas<\/p>\n<p>Fecha emisi\u00f3n:<\/p>\n<p>1972-08-17<\/p>\n<p>Tama\u00f1o:<\/p>\n<p>32 x 43 mm<\/p>\n<p>Colores:<\/p>\n<p>Multicolor<\/p>\n<p>Marca de agua:<\/p>\n<p>Sin Marca de agua<\/p>\n<p>Impresores\/Imprentas:<\/p>\n<p>La Papelera S.A.<\/p>\n<p>Formato:<\/p>\n<p>Sello<\/p>\n<p>Emisi\u00f3n:<\/p>\n<p>Conmemorativo<\/p>\n<p>Perforaci\u00f3n:<\/p>\n<p>peine14 x 13\u00bd<\/p>\n<p>Impresi\u00f3n:<\/p>\n<p>Litograf\u00eda offset<\/p>\n<p>Valor facial:<\/p>\n<p>1 b$ &#8211; Peso Boliviano<\/p>\n<p>Tiraje:<\/p>\n<p>600.000<\/p>\n<p>Puntuaci\u00f3n:<\/p>\n<p>48% Precisi\u00f3n: Media<\/p>\n<p>Descripci\u00f3n:<\/p>\n<p>CE 888.<\/p>\n<p>Jesuit Father Bernardo Bitti (Camerino, Italy, 1548-Lima, 1610) was an Italian painter who developed his work in Lima, Cuzco, Ayacucho, La Paz and Sucre. He developed the Cuzco art by providing Spanish style and, in general, European. This Jesuit introduces in Cusco one of the currents in vogue in Europe, the Mannerism, whose main characteristics were the treatment of the figures in a somewhat elongated way, with the light focused on them and an accent on the close-ups in detriment of the landscape and, in general, the details.<\/p>\n<p><a href=\"https:\/\/colnect.com\/stamps\/stamp\/483451\">https:\/\/colnect.com\/stamps\/stamp\/483451<\/a><\/p>","protected":false},"excerpt":{"rendered":"<p>Madonna and Child Pa\u00eds: Bolivia Serie: Paintings of national Artists C\u00f3digo de cat\u00e1logo: Michel BO 837 Stamp Number BO 548 Yvert et Tellier BO 515 Stanley Gibbons BO 915 Temas: Navidad | Pinturas Fecha emisi\u00f3n: 1972-08-17 Tama\u00f1o: 32 x 43 mm Colores: Multicolor Marca de agua: Sin Marca de agua Impresores\/Imprentas: La Papelera S.A. Formato: &hellip;<\/p>\n<p class=\"read-more\"> <a class=\"thunk-readmore button\" href=\"https:\/\/filatelia.cuentista.es\/en\/product\/correo-bolivia-la-virgen-y-el-nino-1-b-usado\"> <span class=\"screen-reader-text\">Correo Bolivia- La virgen y el ni\u00f1o- 1 B$ usado<\/span>Read More<\/a><\/p>","protected":false},"featured_media":3295,"comment_status":"open","ping_status":"closed","template":"","meta":{"_acf_changed":false},"product_brand":[],"product_cat":[1342,20],"product_tag":[],"class_list":{"0":"post-3296","1":"product","2":"type-product","3":"status-publish","4":"has-post-thumbnail","6":"product_cat-bolivia","7":"product_cat-sellos-usados","8":"thunk-woo-product-list","9":"opn-qv-enable","10":"open-woo-hover-zoom","11":"open-single-product-tab-horizontal","12":"open-shadow-","13":"open-shadow-hover-","15":"first","16":"instock","17":"sale","18":"shipping-taxable","19":"purchasable","20":"product-type-simple"},"acf":[],"jetpack_sharing_enabled":true,"_links":{"self":[{"href":"https:\/\/filatelia.cuentista.es\/en\/wp-json\/wp\/v2\/product\/3296","targetHints":{"allow":["GET"]}}],"collection":[{"href":"https:\/\/filatelia.cuentista.es\/en\/wp-json\/wp\/v2\/product"}],"about":[{"href":"https:\/\/filatelia.cuentista.es\/en\/wp-json\/wp\/v2\/types\/product"}],"replies":[{"embeddable":true,"href":"https:\/\/filatelia.cuentista.es\/en\/wp-json\/wp\/v2\/comments?post=3296"}],"wp:featuredmedia":[{"embeddable":true,"href":"https:\/\/filatelia.cuentista.es\/en\/wp-json\/wp\/v2\/media\/3295"}],"wp:attachment":[{"href":"https:\/\/filatelia.cuentista.es\/en\/wp-json\/wp\/v2\/media?parent=3296"}],"wp:term":[{"taxonomy":"product_brand","embeddable":true,"href":"https:\/\/filatelia.cuentista.es\/en\/wp-json\/wp\/v2\/product_brand?post=3296"},{"taxonomy":"product_cat","embeddable":true,"href":"https:\/\/filatelia.cuentista.es\/en\/wp-json\/wp\/v2\/product_cat?post=3296"},{"taxonomy":"product_tag","embeddable":true,"href":"https:\/\/filatelia.cuentista.es\/en\/wp-json\/wp\/v2\/product_tag?post=3296"}],"curies":[{"name":"wp","href":"https:\/\/api.w.org\/{rel}","templated":true}]}}