{"id":3292,"date":"2024-09-24T19:24:25","date_gmt":"2024-09-24T19:24:25","guid":{"rendered":"https:\/\/filatelia.cuentista.es\/product\/sello-bolivia-homenaje-fuerzas-armadas-400-bs-usado"},"modified":"2024-10-20T17:38:51","modified_gmt":"2024-10-20T17:38:51","slug":"sello-bolivia-homenaje-fuerzas-armadas-400-bs-usado","status":"publish","type":"product","link":"https:\/\/filatelia.cuentista.es\/en\/product\/sello-bolivia-homenaje-fuerzas-armadas-400-bs-usado","title":{"rendered":"Sello Bolivia 1962 &#8211; Homenaje Fuerzas Armadas &#8211; 400 Bs , usado"},"content":{"rendered":"<p>Infantry<\/p>\n<p><img class=\"size-full\"><\/p>\n<p>Pa\u00eds:<\/p>\n<p>Bolivia<\/p>\n<p>Serie:<\/p>\n<p>Armed Forces of Bolivia<\/p>\n<p>C\u00f3digo de cat\u00e1logo:<\/p>\n<p>Michel BO 680<\/p>\n<p>Stamp Number BO 463<\/p>\n<p>Yvert et Tellier BO 430<\/p>\n<p>Stanley Gibbons BO 745<\/p>\n<p>Temas:<\/p>\n<p>Ej\u00e9rcito | Fuerzas Militares<\/p>\n<p>Fecha emisi\u00f3n:<\/p>\n<p>1962-09-05<\/p>\n<p>Colores:<\/p>\n<p>Multicolor<\/p>\n<p>Marca de agua:<\/p>\n<p>Sin Marca de agua<\/p>\n<p>Impresores\/Imprentas:<\/p>\n<p>La Papelera S.A.<\/p>\n<p>Formato:<\/p>\n<p>Sello<\/p>\n<p>Emisi\u00f3n:<\/p>\n<p>Conmemorativo<\/p>\n<p>Perforaci\u00f3n:<\/p>\n<p>l\u00ednea10\u00be<\/p>\n<p>Impresi\u00f3n:<\/p>\n<p>Litograf\u00eda offset<\/p>\n<p>Valor facial:<\/p>\n<p>400 Bs. &#8211; Boliviano de Bolivia<\/p>\n<p>Puntuaci\u00f3n:<\/p>\n<p>27% Precisi\u00f3n: Alta<\/p>\n<p>Descripci\u00f3n:<\/p>\n<p>CE 731.<\/p>\n<p>The Armed Forces of Bolivia are official organizations responsible for the defence, both of external aggression and internal Bolivia. They also ensure security, stability, and protect the Bolivian Constitution. They are constituted by Bolivian Army (including the military police),<\/p>\n<p>Bolivian Air Force, Bolivian Navy.<\/p>\n<p>In addition, there are units formed by Bolivian Pre-militars (Premilitares), reserve corps, units serving mandatory, and the SAR-FAB of emergency and rescue unit.<\/p>\n<p><a href=\"https:\/\/colnect.com\/stamps\/stamp\/230015\">https:\/\/colnect.com\/stamps\/stamp\/230015<\/a><\/p>","protected":false},"excerpt":{"rendered":"<p>Infantry Pa\u00eds: Bolivia Serie: Armed Forces of Bolivia C\u00f3digo de cat\u00e1logo: Michel BO 680 Stamp Number BO 463 Yvert et Tellier BO 430 Stanley Gibbons BO 745 Temas: Ej\u00e9rcito | Fuerzas Militares Fecha emisi\u00f3n: 1962-09-05 Colores: Multicolor Marca de agua: Sin Marca de agua Impresores\/Imprentas: La Papelera S.A. Formato: Sello Emisi\u00f3n: Conmemorativo Perforaci\u00f3n: l\u00ednea10\u00be Impresi\u00f3n: &hellip;<\/p>\n<p class=\"read-more\"> <a class=\"thunk-readmore button\" href=\"https:\/\/filatelia.cuentista.es\/en\/product\/sello-bolivia-homenaje-fuerzas-armadas-400-bs-usado\"> <span class=\"screen-reader-text\">Sello Bolivia 1962 &#8211; Homenaje Fuerzas Armadas &#8211; 400 Bs , usado<\/span>Read More<\/a><\/p>","protected":false},"featured_media":3291,"comment_status":"open","ping_status":"closed","template":"","meta":{"_acf_changed":false},"product_brand":[],"product_cat":[1342,20],"product_tag":[],"class_list":{"0":"post-3292","1":"product","2":"type-product","3":"status-publish","4":"has-post-thumbnail","6":"product_cat-bolivia","7":"product_cat-sellos-usados","8":"thunk-woo-product-list","9":"opn-qv-enable","10":"open-woo-hover-zoom","11":"open-single-product-tab-horizontal","12":"open-shadow-","13":"open-shadow-hover-","15":"first","16":"instock","17":"shipping-taxable","18":"purchasable","19":"product-type-simple"},"acf":[],"jetpack_sharing_enabled":true,"_links":{"self":[{"href":"https:\/\/filatelia.cuentista.es\/en\/wp-json\/wp\/v2\/product\/3292","targetHints":{"allow":["GET"]}}],"collection":[{"href":"https:\/\/filatelia.cuentista.es\/en\/wp-json\/wp\/v2\/product"}],"about":[{"href":"https:\/\/filatelia.cuentista.es\/en\/wp-json\/wp\/v2\/types\/product"}],"replies":[{"embeddable":true,"href":"https:\/\/filatelia.cuentista.es\/en\/wp-json\/wp\/v2\/comments?post=3292"}],"wp:featuredmedia":[{"embeddable":true,"href":"https:\/\/filatelia.cuentista.es\/en\/wp-json\/wp\/v2\/media\/3291"}],"wp:attachment":[{"href":"https:\/\/filatelia.cuentista.es\/en\/wp-json\/wp\/v2\/media?parent=3292"}],"wp:term":[{"taxonomy":"product_brand","embeddable":true,"href":"https:\/\/filatelia.cuentista.es\/en\/wp-json\/wp\/v2\/product_brand?post=3292"},{"taxonomy":"product_cat","embeddable":true,"href":"https:\/\/filatelia.cuentista.es\/en\/wp-json\/wp\/v2\/product_cat?post=3292"},{"taxonomy":"product_tag","embeddable":true,"href":"https:\/\/filatelia.cuentista.es\/en\/wp-json\/wp\/v2\/product_tag?post=3292"}],"curies":[{"name":"wp","href":"https:\/\/api.w.org\/{rel}","templated":true}]}}