{"id":3286,"date":"2024-09-24T17:51:33","date_gmt":"2024-09-24T17:51:33","guid":{"rendered":"https:\/\/filatelia.cuentista.es\/product\/sello-bolivia-1955-pro-aeropuerto-bs-10-verde-usado"},"modified":"2024-09-24T17:54:19","modified_gmt":"2024-09-24T17:54:19","slug":"sello-bolivia-1955-pro-aeropuerto-bs-10-verde-usado","status":"publish","type":"product","link":"https:\/\/filatelia.cuentista.es\/en\/product\/sello-bolivia-1955-pro-aeropuerto-bs-10-verde-usado","title":{"rendered":"Sello Bolivia 1955 &#8211; Pro Aeropuerto &#8211; Bs 10, verde. Usado"},"content":{"rendered":"<p>Airplanes<\/p>\n<p><img class=\"size-full\"><\/p>\n<p>Pa\u00eds:<\/p>\n<p>Bolivia<\/p>\n<p>Serie:<\/p>\n<p>Tax for Building of new Airports<\/p>\n<p>C\u00f3digo de cat\u00e1logo:<\/p>\n<p>Michel BO Z24<\/p>\n<p>Stamp Number BO RA24<\/p>\n<p>Yvert et Tellier BO PA165<\/p>\n<p>Stanley Gibbons BO 619<\/p>\n<p>Temas:<\/p>\n<p>Aviaci\u00f3n | Aviones<\/p>\n<p>Fecha emisi\u00f3n:<\/p>\n<p>1955-10-20<\/p>\n<p>Tama\u00f1o:<\/p>\n<p>31 x 26 mm<\/p>\n<p>Colores:<\/p>\n<p>Blanco Verde<\/p>\n<p>Marca de agua:<\/p>\n<p>Sin Marca de agua<\/p>\n<p>Impresores\/Imprentas:<\/p>\n<p>Litografias Unidas<\/p>\n<p>Formato:<\/p>\n<p>Sello<\/p>\n<p>Emisi\u00f3n:<\/p>\n<p>Impuestos Postales<\/p>\n<p>Perforaci\u00f3n:<\/p>\n<p>10\u00bd x 12<\/p>\n<p>Impresi\u00f3n:<\/p>\n<p>Litograf\u00eda offset<\/p>\n<p>Valor facial:<\/p>\n<p>10 Bs. &#8211; Boliviano de Bolivia<\/p>\n<p><a href=\"https:\/\/colnect.com\/stamps\/stamp\/561646\"><\/a><\/p>\n<p><a href=\"https:\/\/colnect.com\/stamps\/stamp\/561646\">https:\/\/colnect.com\/stamps\/stamp\/561646<\/a><\/p>","protected":false},"excerpt":{"rendered":"<p>Airplanes Pa\u00eds: Bolivia Serie: Tax for Building of new Airports C\u00f3digo de cat\u00e1logo: Michel BO Z24 Stamp Number BO RA24 Yvert et Tellier BO PA165 Stanley Gibbons BO 619 Temas: Aviaci\u00f3n | Aviones Fecha emisi\u00f3n: 1955-10-20 Tama\u00f1o: 31 x 26 mm Colores: Blanco Verde Marca de agua: Sin Marca de agua Impresores\/Imprentas: Litografias Unidas Formato: &hellip;<\/p>\n<p class=\"read-more\"> <a class=\"thunk-readmore button\" href=\"https:\/\/filatelia.cuentista.es\/en\/product\/sello-bolivia-1955-pro-aeropuerto-bs-10-verde-usado\"> <span class=\"screen-reader-text\">Sello Bolivia 1955 &#8211; Pro Aeropuerto &#8211; Bs 10, verde. Usado<\/span>Read More<\/a><\/p>","protected":false},"featured_media":3285,"comment_status":"open","ping_status":"closed","template":"","meta":{"_acf_changed":false},"product_brand":[],"product_cat":[1342,664,20],"product_tag":[],"class_list":{"0":"post-3286","1":"product","2":"type-product","3":"status-publish","4":"has-post-thumbnail","6":"product_cat-bolivia","7":"product_cat-impuestos","8":"product_cat-sellos-usados","9":"thunk-woo-product-list","10":"opn-qv-enable","11":"open-woo-hover-zoom","12":"open-single-product-tab-horizontal","13":"open-shadow-","14":"open-shadow-hover-","16":"first","17":"instock","18":"shipping-taxable","19":"purchasable","20":"product-type-simple"},"acf":[],"jetpack_sharing_enabled":true,"_links":{"self":[{"href":"https:\/\/filatelia.cuentista.es\/en\/wp-json\/wp\/v2\/product\/3286","targetHints":{"allow":["GET"]}}],"collection":[{"href":"https:\/\/filatelia.cuentista.es\/en\/wp-json\/wp\/v2\/product"}],"about":[{"href":"https:\/\/filatelia.cuentista.es\/en\/wp-json\/wp\/v2\/types\/product"}],"replies":[{"embeddable":true,"href":"https:\/\/filatelia.cuentista.es\/en\/wp-json\/wp\/v2\/comments?post=3286"}],"wp:featuredmedia":[{"embeddable":true,"href":"https:\/\/filatelia.cuentista.es\/en\/wp-json\/wp\/v2\/media\/3285"}],"wp:attachment":[{"href":"https:\/\/filatelia.cuentista.es\/en\/wp-json\/wp\/v2\/media?parent=3286"}],"wp:term":[{"taxonomy":"product_brand","embeddable":true,"href":"https:\/\/filatelia.cuentista.es\/en\/wp-json\/wp\/v2\/product_brand?post=3286"},{"taxonomy":"product_cat","embeddable":true,"href":"https:\/\/filatelia.cuentista.es\/en\/wp-json\/wp\/v2\/product_cat?post=3286"},{"taxonomy":"product_tag","embeddable":true,"href":"https:\/\/filatelia.cuentista.es\/en\/wp-json\/wp\/v2\/product_tag?post=3286"}],"curies":[{"name":"wp","href":"https:\/\/api.w.org\/{rel}","templated":true}]}}