{"id":3280,"date":"2024-09-24T15:24:19","date_gmt":"2024-09-24T15:24:19","guid":{"rendered":"https:\/\/filatelia.cuentista.es\/product\/correo-bolivia-yacimientos-petroliferos-35-bs-rojo-usado"},"modified":"2024-10-13T15:35:10","modified_gmt":"2024-10-13T15:35:10","slug":"correo-bolivia-yacimientos-petroliferos-35-bs-rojo-usado","status":"publish","type":"product","link":"https:\/\/filatelia.cuentista.es\/en\/product\/correo-bolivia-yacimientos-petroliferos-35-bs-rojo-usado","title":{"rendered":"Correo Bolivia 1955 &#8211; Yacimientos Petrol\u00edferos- 35 Bs Rojo, usado"},"content":{"rendered":"<p>Oil Refinery<\/p>\n<p><img class=\"size-full\"><\/p>\n<p>Pa\u00eds:<\/p>\n<p>Bolivia<\/p>\n<p>Serie:<\/p>\n<p>Nationalization of Oil Industries<\/p>\n<p>C\u00f3digo de cat\u00e1logo:<\/p>\n<p>Michel BO 547<\/p>\n<p>Stamp Number BO 389<\/p>\n<p>Yvert et Tellier BO 356<\/p>\n<p>Stanley Gibbons BO 609<\/p>\n<p>Temas:<\/p>\n<p>Industria Petroqu\u00edmica | Plataformas Petrol\u00edferas<\/p>\n<p>Fecha emisi\u00f3n:<\/p>\n<p>1955-10-09<\/p>\n<p>Colores:<\/p>\n<p>Carm\u00edn | Rosa<\/p>\n<p>Marca de agua:<\/p>\n<p>Sin Marca de agua<\/p>\n<p>Impresores\/Imprentas:<\/p>\n<p>La Papelera S.A.<\/p>\n<p>Formato:<\/p>\n<p>Sello<\/p>\n<p>Emisi\u00f3n:<\/p>\n<p>Conmemorativo<\/p>\n<p>Perforaci\u00f3n:<\/p>\n<p>l\u00ednea12<\/p>\n<p>Impresi\u00f3n:<\/p>\n<p>Litograf\u00eda offset<\/p>\n<p>Valor facial:<\/p>\n<p>35 Bs. &#8211; Boliviano de Bolivia<\/p>\n<p>Tiraje:<\/p>\n<p>2.000.000<\/p>\n<p><a href=\"https:\/\/colnect.com\/stamps\/stamp\/229260\">https:\/\/colnect.com\/stamps\/stamp\/229260<\/a><\/p>","protected":false},"excerpt":{"rendered":"<p>Oil Refinery Pa\u00eds: Bolivia Serie: Nationalization of Oil Industries C\u00f3digo de cat\u00e1logo: Michel BO 547 Stamp Number BO 389 Yvert et Tellier BO 356 Stanley Gibbons BO 609 Temas: Industria Petroqu\u00edmica | Plataformas Petrol\u00edferas Fecha emisi\u00f3n: 1955-10-09 Colores: Carm\u00edn | Rosa Marca de agua: Sin Marca de agua Impresores\/Imprentas: La Papelera S.A. Formato: Sello Emisi\u00f3n: &hellip;<\/p>\n<p class=\"read-more\"> <a class=\"thunk-readmore button\" href=\"https:\/\/filatelia.cuentista.es\/en\/product\/correo-bolivia-yacimientos-petroliferos-35-bs-rojo-usado\"> <span class=\"screen-reader-text\">Correo Bolivia 1955 &#8211; Yacimientos Petrol\u00edferos- 35 Bs Rojo, usado<\/span>Read More<\/a><\/p>","protected":false},"featured_media":3279,"comment_status":"open","ping_status":"closed","template":"","meta":{"_acf_changed":false},"product_brand":[],"product_cat":[1342,20],"product_tag":[1355,1354,1356],"class_list":{"0":"post-3280","1":"product","2":"type-product","3":"status-publish","4":"has-post-thumbnail","6":"product_cat-bolivia","7":"product_cat-sellos-usados","8":"product_tag-petroleo","9":"product_tag-refineria","10":"product_tag-yacimientos-fiscales","11":"thunk-woo-product-list","12":"opn-qv-enable","13":"open-woo-hover-zoom","14":"open-single-product-tab-horizontal","15":"open-shadow-","16":"open-shadow-hover-","18":"first","19":"instock","20":"sale","21":"shipping-taxable","22":"purchasable","23":"product-type-simple"},"acf":[],"jetpack_sharing_enabled":true,"_links":{"self":[{"href":"https:\/\/filatelia.cuentista.es\/en\/wp-json\/wp\/v2\/product\/3280","targetHints":{"allow":["GET"]}}],"collection":[{"href":"https:\/\/filatelia.cuentista.es\/en\/wp-json\/wp\/v2\/product"}],"about":[{"href":"https:\/\/filatelia.cuentista.es\/en\/wp-json\/wp\/v2\/types\/product"}],"replies":[{"embeddable":true,"href":"https:\/\/filatelia.cuentista.es\/en\/wp-json\/wp\/v2\/comments?post=3280"}],"wp:featuredmedia":[{"embeddable":true,"href":"https:\/\/filatelia.cuentista.es\/en\/wp-json\/wp\/v2\/media\/3279"}],"wp:attachment":[{"href":"https:\/\/filatelia.cuentista.es\/en\/wp-json\/wp\/v2\/media?parent=3280"}],"wp:term":[{"taxonomy":"product_brand","embeddable":true,"href":"https:\/\/filatelia.cuentista.es\/en\/wp-json\/wp\/v2\/product_brand?post=3280"},{"taxonomy":"product_cat","embeddable":true,"href":"https:\/\/filatelia.cuentista.es\/en\/wp-json\/wp\/v2\/product_cat?post=3280"},{"taxonomy":"product_tag","embeddable":true,"href":"https:\/\/filatelia.cuentista.es\/en\/wp-json\/wp\/v2\/product_tag?post=3280"}],"curies":[{"name":"wp","href":"https:\/\/api.w.org\/{rel}","templated":true}]}}