{"id":3276,"date":"2024-09-24T15:18:24","date_gmt":"2024-09-24T15:18:24","guid":{"rendered":"https:\/\/filatelia.cuentista.es\/product\/sello-bolivia-1957-inauguracion-ffcc-yacuba-1000-bs-marron-usado-aereo"},"modified":"2024-09-24T15:20:18","modified_gmt":"2024-09-24T15:20:18","slug":"sello-bolivia-1957-inauguracion-ffcc-yacuba-1000-bs-marron-usado-aereo","status":"publish","type":"product","link":"https:\/\/filatelia.cuentista.es\/en\/product\/sello-bolivia-1957-inauguracion-ffcc-yacuba-1000-bs-marron-usado-aereo","title":{"rendered":"Sello Bolivia 1957 &#8211; Inauguraci\u00f3n FFCC Yacuba &#8211; 1000 Bs Marr\u00f3n, Usado, A\u00e9reo"},"content":{"rendered":"<p>Presidents Siles Zuazo and Aramburu<\/p>\n<p><img class=\"size-full\"><\/p>\n<p>Pa\u00eds:<\/p>\n<p>Bolivia<\/p>\n<p>Serie:<\/p>\n<p>Opening of the railway line Santa Cruz-Yacuiba<\/p>\n<p>C\u00f3digo de cat\u00e1logo:<\/p>\n<p>Michel BO 588<\/p>\n<p>Stamp Number BO 410<\/p>\n<p>Yvert et Tellier BO 377<\/p>\n<p>Stanley Gibbons BO 653<\/p>\n<p>Temas:<\/p>\n<p>Diplomacia | Ferrocarriles | Jefes de Estado<\/p>\n<p>Fecha emisi\u00f3n:<\/p>\n<p>1957-12-15<\/p>\n<p>Colores:<\/p>\n<p>Marr\u00f3n | Rosa Marr\u00f3n<\/p>\n<p>Marca de agua:<\/p>\n<p>Sin Marca de agua<\/p>\n<p>Impresores\/Imprentas:<\/p>\n<p>La Papelera S.A.<\/p>\n<p>Formato:<\/p>\n<p>Sello<\/p>\n<p>Emisi\u00f3n:<\/p>\n<p>Conmemorativo<\/p>\n<p>Perforaci\u00f3n:<\/p>\n<p>l\u00ednea12<\/p>\n<p>Impresi\u00f3n:<\/p>\n<p>Litograf\u00eda offset<\/p>\n<p>Valor facial:<\/p>\n<p>1.000 Bs. &#8211; Boliviano de Bolivia<\/p>\n<p>Tiraje:<\/p>\n<p>500.000<\/p>\n<p><a href=\"https:\/\/colnect.com\/stamps\/stamp\/229291\">https:\/\/colnect.com\/stamps\/stamp\/229291<\/a><\/p>","protected":false},"excerpt":{"rendered":"<p>Presidents Siles Zuazo and Aramburu Pa\u00eds: Bolivia Serie: Opening of the railway line Santa Cruz-Yacuiba C\u00f3digo de cat\u00e1logo: Michel BO 588 Stamp Number BO 410 Yvert et Tellier BO 377 Stanley Gibbons BO 653 Temas: Diplomacia | Ferrocarriles | Jefes de Estado Fecha emisi\u00f3n: 1957-12-15 Colores: Marr\u00f3n | Rosa Marr\u00f3n Marca de agua: Sin Marca &hellip;<\/p>\n<p class=\"read-more\"> <a class=\"thunk-readmore button\" href=\"https:\/\/filatelia.cuentista.es\/en\/product\/sello-bolivia-1957-inauguracion-ffcc-yacuba-1000-bs-marron-usado-aereo\"> <span class=\"screen-reader-text\">Sello Bolivia 1957 &#8211; Inauguraci\u00f3n FFCC Yacuba &#8211; 1000 Bs Marr\u00f3n, Usado, A\u00e9reo<\/span>Read More<\/a><\/p>","protected":false},"featured_media":3275,"comment_status":"open","ping_status":"closed","template":"","meta":{"_acf_changed":false},"product_brand":[],"product_cat":[1342,815,20],"product_tag":[],"class_list":{"0":"post-3276","1":"product","2":"type-product","3":"status-publish","4":"has-post-thumbnail","6":"product_cat-bolivia","7":"product_cat-correo-aereo","8":"product_cat-sellos-usados","9":"thunk-woo-product-list","10":"opn-qv-enable","11":"open-woo-hover-zoom","12":"open-single-product-tab-horizontal","13":"open-shadow-","14":"open-shadow-hover-","16":"first","17":"instock","18":"shipping-taxable","19":"purchasable","20":"product-type-simple"},"acf":[],"jetpack_sharing_enabled":true,"_links":{"self":[{"href":"https:\/\/filatelia.cuentista.es\/en\/wp-json\/wp\/v2\/product\/3276","targetHints":{"allow":["GET"]}}],"collection":[{"href":"https:\/\/filatelia.cuentista.es\/en\/wp-json\/wp\/v2\/product"}],"about":[{"href":"https:\/\/filatelia.cuentista.es\/en\/wp-json\/wp\/v2\/types\/product"}],"replies":[{"embeddable":true,"href":"https:\/\/filatelia.cuentista.es\/en\/wp-json\/wp\/v2\/comments?post=3276"}],"wp:featuredmedia":[{"embeddable":true,"href":"https:\/\/filatelia.cuentista.es\/en\/wp-json\/wp\/v2\/media\/3275"}],"wp:attachment":[{"href":"https:\/\/filatelia.cuentista.es\/en\/wp-json\/wp\/v2\/media?parent=3276"}],"wp:term":[{"taxonomy":"product_brand","embeddable":true,"href":"https:\/\/filatelia.cuentista.es\/en\/wp-json\/wp\/v2\/product_brand?post=3276"},{"taxonomy":"product_cat","embeddable":true,"href":"https:\/\/filatelia.cuentista.es\/en\/wp-json\/wp\/v2\/product_cat?post=3276"},{"taxonomy":"product_tag","embeddable":true,"href":"https:\/\/filatelia.cuentista.es\/en\/wp-json\/wp\/v2\/product_tag?post=3276"}],"curies":[{"name":"wp","href":"https:\/\/api.w.org\/{rel}","templated":true}]}}