{"id":3238,"date":"2024-09-24T07:40:11","date_gmt":"2024-09-24T07:40:11","guid":{"rendered":"https:\/\/filatelia.cuentista.es\/product\/sello-bolivia-1924-a-50-centavos-marron-y-negro-usado"},"modified":"2024-09-24T07:42:13","modified_gmt":"2024-09-24T07:42:13","slug":"sello-bolivia-1924-a-50-centavos-marron-y-negro-usado","status":"publish","type":"product","link":"https:\/\/filatelia.cuentista.es\/en\/product\/sello-bolivia-1924-a-50-centavos-marron-y-negro-usado","title":{"rendered":"Sello Bolivia 1909 &#8211; Antonio Sucre &#8211; 50 Centavos Marr\u00f3n y Negro. Usado"},"content":{"rendered":"<p>Antonio Sucre<\/p>\n<p><img class=\"size-full\"><\/p>\n<p>Pa\u00eds:<\/p>\n<p>Bolivia<\/p>\n<p>Serie:<\/p>\n<p>Start of Independency Struggle, Cent.<\/p>\n<p>C\u00f3digo de cat\u00e1logo:<\/p>\n<p>Michel BO 82<\/p>\n<p>Stamp Number BO 87<\/p>\n<p>Yvert et Tellier BO 84<\/p>\n<p>Stanley Gibbons BO 120<\/p>\n<p>Temas:<\/p>\n<p>Generales | Jefes de Estado | Oficiales Militares | Personajes Famosos | Personajes de la Independencia<\/p>\n<p>Fecha emisi\u00f3n:<\/p>\n<p>1909<\/p>\n<p>Colores:<\/p>\n<p>Negro | Oliva<\/p>\n<p>Marca de agua:<\/p>\n<p>Sin Marca de agua<\/p>\n<p>Impresores\/Imprentas:<\/p>\n<p>Imprenta y Litograf\u00eda Universo<\/p>\n<p>Formato:<\/p>\n<p>Sello<\/p>\n<p>Emisi\u00f3n:<\/p>\n<p>Conmemorativo<\/p>\n<p>Perforaci\u00f3n:<\/p>\n<p>11\u00bd<\/p>\n<p>Impresi\u00f3n:<\/p>\n<p>Litograf\u00eda<\/p>\n<p>Valor facial:<\/p>\n<p>50 c. &#8211; Centavo Boliviano<\/p>\n<p>Puntuaci\u00f3n:<\/p>\n<p>64% Precisi\u00f3n: Media<\/p>\n<p>Descripci\u00f3n:<\/p>\n<p>Fecha 1809-1825.<\/p>\n<p>CE 98.<\/p>\n<p>Antonio Jos\u00e9 de Sucre y Alcal\u00e1 (1795\u20131830), conocido como \u00abGran Mariscal de Ayacucho\u00bb, fue un l\u00edder independentista venezolano nombrado como cuarto presidente de Per\u00fa y segundo presidente de Bolivia.<\/p>\n<p><a href=\"https:\/\/colnect.com\/stamps\/stamp\/226938\">https:\/\/colnect.com\/stamps\/stamp\/226938<\/a><\/p>","protected":false},"excerpt":{"rendered":"<p>Antonio Sucre Pa\u00eds: Bolivia Serie: Start of Independency Struggle, Cent. C\u00f3digo de cat\u00e1logo: Michel BO 82 Stamp Number BO 87 Yvert et Tellier BO 84 Stanley Gibbons BO 120 Temas: Generales | Jefes de Estado | Oficiales Militares | Personajes Famosos | Personajes de la Independencia Fecha emisi\u00f3n: 1909 Colores: Negro | Oliva Marca de &hellip;<\/p>\n<p class=\"read-more\"> <a class=\"thunk-readmore button\" href=\"https:\/\/filatelia.cuentista.es\/en\/product\/sello-bolivia-1924-a-50-centavos-marron-y-negro-usado\"> <span class=\"screen-reader-text\">Sello Bolivia 1909 &#8211; Antonio Sucre &#8211; 50 Centavos Marr\u00f3n y Negro. Usado<\/span>Read More<\/a><\/p>","protected":false},"featured_media":3237,"comment_status":"open","ping_status":"closed","template":"","meta":{"_acf_changed":false},"product_brand":[],"product_cat":[1342,20],"product_tag":[],"class_list":{"0":"post-3238","1":"product","2":"type-product","3":"status-publish","4":"has-post-thumbnail","6":"product_cat-bolivia","7":"product_cat-sellos-usados","8":"thunk-woo-product-list","9":"opn-qv-enable","10":"open-woo-hover-zoom","11":"open-single-product-tab-horizontal","12":"open-shadow-","13":"open-shadow-hover-","15":"first","16":"instock","17":"shipping-taxable","18":"purchasable","19":"product-type-simple"},"acf":[],"jetpack_sharing_enabled":true,"_links":{"self":[{"href":"https:\/\/filatelia.cuentista.es\/en\/wp-json\/wp\/v2\/product\/3238","targetHints":{"allow":["GET"]}}],"collection":[{"href":"https:\/\/filatelia.cuentista.es\/en\/wp-json\/wp\/v2\/product"}],"about":[{"href":"https:\/\/filatelia.cuentista.es\/en\/wp-json\/wp\/v2\/types\/product"}],"replies":[{"embeddable":true,"href":"https:\/\/filatelia.cuentista.es\/en\/wp-json\/wp\/v2\/comments?post=3238"}],"wp:featuredmedia":[{"embeddable":true,"href":"https:\/\/filatelia.cuentista.es\/en\/wp-json\/wp\/v2\/media\/3237"}],"wp:attachment":[{"href":"https:\/\/filatelia.cuentista.es\/en\/wp-json\/wp\/v2\/media?parent=3238"}],"wp:term":[{"taxonomy":"product_brand","embeddable":true,"href":"https:\/\/filatelia.cuentista.es\/en\/wp-json\/wp\/v2\/product_brand?post=3238"},{"taxonomy":"product_cat","embeddable":true,"href":"https:\/\/filatelia.cuentista.es\/en\/wp-json\/wp\/v2\/product_cat?post=3238"},{"taxonomy":"product_tag","embeddable":true,"href":"https:\/\/filatelia.cuentista.es\/en\/wp-json\/wp\/v2\/product_tag?post=3238"}],"curies":[{"name":"wp","href":"https:\/\/api.w.org\/{rel}","templated":true}]}}