{"id":3234,"date":"2024-09-24T07:34:21","date_gmt":"2024-09-24T07:34:21","guid":{"rendered":"https:\/\/filatelia.cuentista.es\/product\/sello-bolivia-1954-iii-congreso-indigenista-20-bs-marron-usado"},"modified":"2024-09-24T07:35:47","modified_gmt":"2024-09-24T07:35:47","slug":"sello-bolivia-1954-iii-congreso-indigenista-20-bs-marron-usado","status":"publish","type":"product","link":"https:\/\/filatelia.cuentista.es\/en\/product\/sello-bolivia-1954-iii-congreso-indigenista-20-bs-marron-usado","title":{"rendered":"Sello Bolivia 1954 &#8211; III Congreso Indigenista &#8211; 20 Bs Marr\u00f3n. Usado"},"content":{"rendered":"<p>President Estenssoro hugging Native<\/p>\n<p><img class=\"size-full\"><\/p>\n<p>Pa\u00eds:<\/p>\n<p>Bolivia<\/p>\n<p>Serie:<\/p>\n<p>Inter-American Natives Congress<\/p>\n<p>C\u00f3digo de cat\u00e1logo:<\/p>\n<p>Michel BO 544<\/p>\n<p>Stamp Number BO C176<\/p>\n<p>Yvert et Tellier BO PA153<\/p>\n<p>Stanley Gibbons BO 598<\/p>\n<p>Temas:<\/p>\n<p>Congresos | Jefes de Estado | Personas<\/p>\n<p>Fecha emisi\u00f3n:<\/p>\n<p>1954-08-02<\/p>\n<p>Tama\u00f1o:<\/p>\n<p>28 x 37 mm<\/p>\n<p>Colores:<\/p>\n<p>Marr\u00f3n rojizo<\/p>\n<p>Marca de agua:<\/p>\n<p>Sin Marca de agua<\/p>\n<p>Impresores\/Imprentas:<\/p>\n<p>La Papelera S.A.<\/p>\n<p>Formato:<\/p>\n<p>Sello<\/p>\n<p>Emisi\u00f3n:<\/p>\n<p>Correo A\u00e9reo<\/p>\n<p>Perforaci\u00f3n:<\/p>\n<p>l\u00ednea12<\/p>\n<p>Impresi\u00f3n:<\/p>\n<p>Litograf\u00eda offset<\/p>\n<p>Valor facial:<\/p>\n<p>20 Bs. &#8211; Boliviano de Bolivia<\/p>\n<p>Tiraje:<\/p>\n<p>2.000.000<\/p>\n<p>Puntuaci\u00f3n:<\/p>\n<p>18% Precisi\u00f3n: Alta<\/p>\n<p>Descripci\u00f3n:<\/p>\n<p>CE 594.<\/p>\n<p><a href=\"https:\/\/colnect.com\/stamps\/stamp\/148985\">https:\/\/colnect.com\/stamps\/stamp\/148985<\/a><\/p>","protected":false},"excerpt":{"rendered":"<p>President Estenssoro hugging Native Pa\u00eds: Bolivia Serie: Inter-American Natives Congress C\u00f3digo de cat\u00e1logo: Michel BO 544 Stamp Number BO C176 Yvert et Tellier BO PA153 Stanley Gibbons BO 598 Temas: Congresos | Jefes de Estado | Personas Fecha emisi\u00f3n: 1954-08-02 Tama\u00f1o: 28 x 37 mm Colores: Marr\u00f3n rojizo Marca de agua: Sin Marca de agua &hellip;<\/p>\n<p class=\"read-more\"> <a class=\"thunk-readmore button\" href=\"https:\/\/filatelia.cuentista.es\/en\/product\/sello-bolivia-1954-iii-congreso-indigenista-20-bs-marron-usado\"> <span class=\"screen-reader-text\">Sello Bolivia 1954 &#8211; III Congreso Indigenista &#8211; 20 Bs Marr\u00f3n. Usado<\/span>Read More<\/a><\/p>","protected":false},"featured_media":3233,"comment_status":"open","ping_status":"closed","template":"","meta":{"_acf_changed":false},"product_brand":[],"product_cat":[1342,20],"product_tag":[],"class_list":{"0":"post-3234","1":"product","2":"type-product","3":"status-publish","4":"has-post-thumbnail","6":"product_cat-bolivia","7":"product_cat-sellos-usados","8":"thunk-woo-product-list","9":"opn-qv-enable","10":"open-woo-hover-zoom","11":"open-single-product-tab-horizontal","12":"open-shadow-","13":"open-shadow-hover-","15":"first","16":"instock","17":"sale","18":"shipping-taxable","19":"purchasable","20":"product-type-simple"},"acf":[],"jetpack_sharing_enabled":true,"_links":{"self":[{"href":"https:\/\/filatelia.cuentista.es\/en\/wp-json\/wp\/v2\/product\/3234","targetHints":{"allow":["GET"]}}],"collection":[{"href":"https:\/\/filatelia.cuentista.es\/en\/wp-json\/wp\/v2\/product"}],"about":[{"href":"https:\/\/filatelia.cuentista.es\/en\/wp-json\/wp\/v2\/types\/product"}],"replies":[{"embeddable":true,"href":"https:\/\/filatelia.cuentista.es\/en\/wp-json\/wp\/v2\/comments?post=3234"}],"wp:featuredmedia":[{"embeddable":true,"href":"https:\/\/filatelia.cuentista.es\/en\/wp-json\/wp\/v2\/media\/3233"}],"wp:attachment":[{"href":"https:\/\/filatelia.cuentista.es\/en\/wp-json\/wp\/v2\/media?parent=3234"}],"wp:term":[{"taxonomy":"product_brand","embeddable":true,"href":"https:\/\/filatelia.cuentista.es\/en\/wp-json\/wp\/v2\/product_brand?post=3234"},{"taxonomy":"product_cat","embeddable":true,"href":"https:\/\/filatelia.cuentista.es\/en\/wp-json\/wp\/v2\/product_cat?post=3234"},{"taxonomy":"product_tag","embeddable":true,"href":"https:\/\/filatelia.cuentista.es\/en\/wp-json\/wp\/v2\/product_tag?post=3234"}],"curies":[{"name":"wp","href":"https:\/\/api.w.org\/{rel}","templated":true}]}}