{"id":3230,"date":"2024-09-24T07:29:38","date_gmt":"2024-09-24T07:29:38","guid":{"rendered":"https:\/\/filatelia.cuentista.es\/product\/sello-bolivia-1957-fundacion-de-la-paz-sobrecargado-de-2000-bolivares-usado"},"modified":"2024-09-24T07:29:55","modified_gmt":"2024-09-24T07:29:55","slug":"sello-bolivia-1957-fundacion-de-la-paz-sobrecargado-de-2000-bolivares-usado","status":"publish","type":"product","link":"https:\/\/filatelia.cuentista.es\/en\/product\/sello-bolivia-1957-fundacion-de-la-paz-sobrecargado-de-2000-bolivares-usado","title":{"rendered":"Sello Bolivia 1957 &#8211; Fundaci\u00f3n de La Paz &#8211; Sobrecargado de 2000 Bol\u00edvares usado"},"content":{"rendered":"<p>Captain Alonso de Mendoza founding La Paz<\/p>\n<p><img class=\"size-full\"><\/p>\n<p>Pa\u00eds:<\/p>\n<p>Bolivia<\/p>\n<p>Serie:<\/p>\n<p>Definitives of 1957: Surcharges<\/p>\n<p>C\u00f3digo de cat\u00e1logo:<\/p>\n<p>Michel BO 565<\/p>\n<p>Stamp Number BO 402<\/p>\n<p>Yvert et Tellier BO 369<\/p>\n<p>Stanley Gibbons BO 630<\/p>\n<p>Variantes:<\/p>\n<p>Click para ver variantes<\/p>\n<p>Temas:<\/p>\n<p>Oficiales Militares | Pinturas<\/p>\n<p>Fecha emisi\u00f3n:<\/p>\n<p>1957-02-14<\/p>\n<p>Colores:<\/p>\n<p>Negro | Rojo<\/p>\n<p>Marca de agua:<\/p>\n<p>Sin Marca de agua<\/p>\n<p>Impresores\/Imprentas:<\/p>\n<p>Security Banknote Co.<\/p>\n<p>Formato:<\/p>\n<p>Sello<\/p>\n<p>Emisi\u00f3n:<\/p>\n<p>Definitivo<\/p>\n<p>Perforaci\u00f3n:<\/p>\n<p>l\u00ednea12\u00bd<\/p>\n<p>Impresi\u00f3n:<\/p>\n<p>Rebaje<\/p>\n<p>Valor facial:<\/p>\n<p>2.000 Bs. &#8211; Boliviano de Bolivia<\/p>\n<p>Tiraje:<\/p>\n<p>800.000<\/p>\n<p>Puntuaci\u00f3n:<\/p>\n<p>39% Precisi\u00f3n: Alta<\/p>\n<p>Descripci\u00f3n:<\/p>\n<p>Surcharged in Blue Bs.2000 on Bs.5.00. Previous value overprinted with bars.<\/p>\n<p>CE 616.<\/p>\n<p><a href=\"https:\/\/colnect.com\/stamps\/stamp\/229274\">https:\/\/colnect.com\/stamps\/stamp\/229274<\/a><\/p>","protected":false},"excerpt":{"rendered":"<p>Captain Alonso de Mendoza founding La Paz Pa\u00eds: Bolivia Serie: Definitives of 1957: Surcharges C\u00f3digo de cat\u00e1logo: Michel BO 565 Stamp Number BO 402 Yvert et Tellier BO 369 Stanley Gibbons BO 630 Variantes: Click para ver variantes Temas: Oficiales Militares | Pinturas Fecha emisi\u00f3n: 1957-02-14 Colores: Negro | Rojo Marca de agua: Sin Marca &hellip;<\/p>\n<p class=\"read-more\"> <a class=\"thunk-readmore button\" href=\"https:\/\/filatelia.cuentista.es\/en\/product\/sello-bolivia-1957-fundacion-de-la-paz-sobrecargado-de-2000-bolivares-usado\"> <span class=\"screen-reader-text\">Sello Bolivia 1957 &#8211; Fundaci\u00f3n de La Paz &#8211; Sobrecargado de 2000 Bol\u00edvares usado<\/span>Read More<\/a><\/p>","protected":false},"featured_media":3229,"comment_status":"open","ping_status":"closed","template":"","meta":{"_acf_changed":false},"product_brand":[],"product_cat":[1342,20],"product_tag":[],"class_list":{"0":"post-3230","1":"product","2":"type-product","3":"status-publish","4":"has-post-thumbnail","6":"product_cat-bolivia","7":"product_cat-sellos-usados","8":"thunk-woo-product-list","9":"opn-qv-enable","10":"open-woo-hover-zoom","11":"open-single-product-tab-horizontal","12":"open-shadow-","13":"open-shadow-hover-","15":"first","16":"instock","17":"shipping-taxable","18":"purchasable","19":"product-type-simple"},"acf":[],"jetpack_sharing_enabled":true,"_links":{"self":[{"href":"https:\/\/filatelia.cuentista.es\/en\/wp-json\/wp\/v2\/product\/3230","targetHints":{"allow":["GET"]}}],"collection":[{"href":"https:\/\/filatelia.cuentista.es\/en\/wp-json\/wp\/v2\/product"}],"about":[{"href":"https:\/\/filatelia.cuentista.es\/en\/wp-json\/wp\/v2\/types\/product"}],"replies":[{"embeddable":true,"href":"https:\/\/filatelia.cuentista.es\/en\/wp-json\/wp\/v2\/comments?post=3230"}],"wp:featuredmedia":[{"embeddable":true,"href":"https:\/\/filatelia.cuentista.es\/en\/wp-json\/wp\/v2\/media\/3229"}],"wp:attachment":[{"href":"https:\/\/filatelia.cuentista.es\/en\/wp-json\/wp\/v2\/media?parent=3230"}],"wp:term":[{"taxonomy":"product_brand","embeddable":true,"href":"https:\/\/filatelia.cuentista.es\/en\/wp-json\/wp\/v2\/product_brand?post=3230"},{"taxonomy":"product_cat","embeddable":true,"href":"https:\/\/filatelia.cuentista.es\/en\/wp-json\/wp\/v2\/product_cat?post=3230"},{"taxonomy":"product_tag","embeddable":true,"href":"https:\/\/filatelia.cuentista.es\/en\/wp-json\/wp\/v2\/product_tag?post=3230"}],"curies":[{"name":"wp","href":"https:\/\/api.w.org\/{rel}","templated":true}]}}