{"id":323,"date":"2024-07-20T06:38:05","date_gmt":"2024-07-20T06:38:05","guid":{"rendered":"https:\/\/filatelia.cuentista.es\/product\/pato-colorado"},"modified":"2024-09-28T05:10:28","modified_gmt":"2024-09-28T05:10:28","slug":"pato-colorado","status":"publish","type":"product","link":"https:\/\/filatelia.cuentista.es\/en\/product\/pato-colorado","title":{"rendered":"Sobre Primer D\u00eda 1973 &#8211; Fauna : Pato Colorado &#8211; Espa\u00f1a\u00a0"},"content":{"rendered":"<p>Sobre Primer D\u00eda 1973 &#8211; Fauna : Pato Colorado &#8211; Espa\u00f1a<\/p>\n<p>Sello 15 Ptas<\/p>\n<p>Fecha de Emision 3 de Julio 1973<\/p>\n<p>Sobre ALFIL<\/p>\n<p><sup id=\"cite_ref-bru_5-1\" class=\"reference separada\"><\/sup>\u200b<b>Los sobres de primer d\u00eda son objetos de colecci\u00f3n muy valorados por los filatelistas.<\/b> Estos sobres especiales se utilizan para enviar una carta el mismo d\u00eda en que se emite un nuevo sello postal. Al ser los primeros en utilizar ese sello en particular, adquieren un valor a\u00f1adido para los coleccionistas. Los sobres de primer d\u00eda suelen incluir un matasellos con la fecha de emisi\u00f3n y el nombre de la oficina de correos donde se expidi\u00f3 el sello, lo que los convierte en piezas \u00fanicas y aut\u00e9nticas. Adem\u00e1s de su valor filat\u00e9lico, estos sobres a menudo presentan dise\u00f1os atractivos y conmemorativos, relacionados con el tema del sello emitido, lo que los convierte en peque\u00f1os tesoros para los amantes de la historia y el arte postal.<\/p>\n<p>&nbsp;<\/p>\n<p>Informacion de la serie (no es parte del producto)<\/p>\n<p>Serie Fauna 1973 (5 valores total) Edifil 2134 \/ 2138<\/p>\n<p><img decoding=\"async\" src=\"https:\/\/lamasbolano.com\/754-home_default\/sellos-espana-1973-fauna-hispanica-5-valores.jpg\" alt=\"SELLOS ESPA\u00d1A 1973 - FAUNA HISP\u00c1NICA - 5 VALORES\" \/><\/p>","protected":false},"excerpt":{"rendered":"<p>Sobre Primer D\u00eda 1973 &#8211; Fauna : Pato Colorado &#8211; Espa\u00f1a<\/p>\n<p>Sello 15 Ptas<\/p>\n<p>Fecha de Emision 3 de Julio 1973<\/p>\n<p>Sobre ALFIL<\/p>","protected":false},"featured_media":3365,"comment_status":"open","ping_status":"closed","template":"","meta":{"_acf_changed":false},"product_brand":[],"product_cat":[663,19],"product_tag":[76,893,945,190,1365,189],"class_list":{"0":"post-323","1":"product","2":"type-product","3":"status-publish","4":"has-post-thumbnail","6":"product_cat-espana","7":"product_cat-spd-sobres-primer-dia","8":"product_tag-76","9":"product_tag-ave","10":"product_tag-fauna","11":"product_tag-fdc","12":"product_tag-pato","13":"product_tag-spd","14":"thunk-woo-product-list","15":"opn-qv-enable","16":"open-woo-hover-zoom","17":"open-single-product-tab-horizontal","18":"open-shadow-","19":"open-shadow-hover-","21":"first","22":"instock","23":"shipping-taxable","24":"purchasable","25":"product-type-simple"},"acf":[],"jetpack_sharing_enabled":true,"_links":{"self":[{"href":"https:\/\/filatelia.cuentista.es\/en\/wp-json\/wp\/v2\/product\/323","targetHints":{"allow":["GET"]}}],"collection":[{"href":"https:\/\/filatelia.cuentista.es\/en\/wp-json\/wp\/v2\/product"}],"about":[{"href":"https:\/\/filatelia.cuentista.es\/en\/wp-json\/wp\/v2\/types\/product"}],"replies":[{"embeddable":true,"href":"https:\/\/filatelia.cuentista.es\/en\/wp-json\/wp\/v2\/comments?post=323"}],"wp:featuredmedia":[{"embeddable":true,"href":"https:\/\/filatelia.cuentista.es\/en\/wp-json\/wp\/v2\/media\/3365"}],"wp:attachment":[{"href":"https:\/\/filatelia.cuentista.es\/en\/wp-json\/wp\/v2\/media?parent=323"}],"wp:term":[{"taxonomy":"product_brand","embeddable":true,"href":"https:\/\/filatelia.cuentista.es\/en\/wp-json\/wp\/v2\/product_brand?post=323"},{"taxonomy":"product_cat","embeddable":true,"href":"https:\/\/filatelia.cuentista.es\/en\/wp-json\/wp\/v2\/product_cat?post=323"},{"taxonomy":"product_tag","embeddable":true,"href":"https:\/\/filatelia.cuentista.es\/en\/wp-json\/wp\/v2\/product_tag?post=323"}],"curies":[{"name":"wp","href":"https:\/\/api.w.org\/{rel}","templated":true}]}}