{"id":3194,"date":"2024-09-22T15:28:43","date_gmt":"2024-09-22T15:28:43","guid":{"rendered":"https:\/\/filatelia.cuentista.es\/product\/sello-bolivia-revolucion-popular-1946-20cts-verde-usado"},"modified":"2024-09-22T15:32:09","modified_gmt":"2024-09-22T15:32:09","slug":"sello-bolivia-revolucion-popular-1946-20cts-verde-usado","status":"publish","type":"product","link":"https:\/\/filatelia.cuentista.es\/en\/product\/sello-bolivia-revolucion-popular-1946-20cts-verde-usado","title":{"rendered":"Sello Bolivia 1947 &#8211; Revoluci\u00f3n Popular 1946 &#8211; 20Cts Verde Usado"},"content":{"rendered":"<p>People Attacking Presidential Palace<\/p>\n<p><img class=\"size-full\"><\/p>\n<p>Pa\u00eds:<\/p>\n<p>Bolivia<\/p>\n<p>Serie:<\/p>\n<p>Revolution of July 21, 1946, 1st Anniv.<\/p>\n<p>C\u00f3digo de cat\u00e1logo:<\/p>\n<p>Michel BO 407<\/p>\n<p>Stamp Number BO 318<\/p>\n<p>Yvert et Tellier BO 285<\/p>\n<p>Stanley Gibbons BO 456<\/p>\n<p>Temas:<\/p>\n<p>Revolucionarios | Revoluciones<\/p>\n<p>Fecha emisi\u00f3n:<\/p>\n<p>1947-09-15<\/p>\n<p>Tama\u00f1o:<\/p>\n<p>30 x 24 mm<\/p>\n<p>Colores:<\/p>\n<p>Verde<\/p>\n<p>Marca de agua:<\/p>\n<p>Sin Marca de agua<\/p>\n<p>Impresores\/Imprentas:<\/p>\n<p>Litografias Unidas<\/p>\n<p>Formato:<\/p>\n<p>Sello<\/p>\n<p>Emisi\u00f3n:<\/p>\n<p>Conmemorativo<\/p>\n<p>Perforaci\u00f3n:<\/p>\n<p>l\u00ednea13\u00bd<\/p>\n<p>Impresi\u00f3n:<\/p>\n<p>Litograf\u00eda offset<\/p>\n<p>Valor facial:<\/p>\n<p>20 c. &#8211; Centavo Boliviano<\/p>\n<p>Tiraje:<\/p>\n<p>3.000.000<\/p>\n<p>Puntuaci\u00f3n:<\/p>\n<p>20% Precisi\u00f3n: Alta<\/p>\n<p>Descripci\u00f3n:<\/p>\n<p>CE 457.<\/p>\n<p>Variedad: Par imperforado (MI 407U)<\/p>\n<p>On July 21, 1946, anti-government crowds took control of the Plaza Murillo, the site of the Palace of Government, laying siege to it. From within the Palace, Villarroel announced his resignation, but the enraged crowds of teachers, students, and marketplace women seized arms from the arsenal and broke in, after an hour of fighting, assassinating him and various of his aides.<\/p>\n<p>The opposition regained control of the government, keeping it until the Bolivian National Revolution, in 1952.<\/p>\n<p><a href=\"https:\/\/colnect.com\/stamps\/stamp\/228335\">https:\/\/colnect.com\/stamps\/stamp\/228335<\/a><\/p>","protected":false},"excerpt":{"rendered":"<p>People Attacking Presidential Palace Pa\u00eds: Bolivia Serie: Revolution of July 21, 1946, 1st Anniv. C\u00f3digo de cat\u00e1logo: Michel BO 407 Stamp Number BO 318 Yvert et Tellier BO 285 Stanley Gibbons BO 456 Temas: Revolucionarios | Revoluciones Fecha emisi\u00f3n: 1947-09-15 Tama\u00f1o: 30 x 24 mm Colores: Verde Marca de agua: Sin Marca de agua Impresores\/Imprentas: &hellip;<\/p>\n<p class=\"read-more\"> <a class=\"thunk-readmore button\" href=\"https:\/\/filatelia.cuentista.es\/en\/product\/sello-bolivia-revolucion-popular-1946-20cts-verde-usado\"> <span class=\"screen-reader-text\">Sello Bolivia 1947 &#8211; Revoluci\u00f3n Popular 1946 &#8211; 20Cts Verde Usado<\/span>Read More<\/a><\/p>","protected":false},"featured_media":3193,"comment_status":"open","ping_status":"closed","template":"","meta":{"_acf_changed":false},"product_brand":[],"product_cat":[1342,20],"product_tag":[],"class_list":{"0":"post-3194","1":"product","2":"type-product","3":"status-publish","4":"has-post-thumbnail","6":"product_cat-bolivia","7":"product_cat-sellos-usados","8":"thunk-woo-product-list","9":"opn-qv-enable","10":"open-woo-hover-zoom","11":"open-single-product-tab-horizontal","12":"open-shadow-","13":"open-shadow-hover-","15":"first","16":"instock","17":"shipping-taxable","18":"purchasable","19":"product-type-simple"},"acf":[],"jetpack_sharing_enabled":true,"_links":{"self":[{"href":"https:\/\/filatelia.cuentista.es\/en\/wp-json\/wp\/v2\/product\/3194","targetHints":{"allow":["GET"]}}],"collection":[{"href":"https:\/\/filatelia.cuentista.es\/en\/wp-json\/wp\/v2\/product"}],"about":[{"href":"https:\/\/filatelia.cuentista.es\/en\/wp-json\/wp\/v2\/types\/product"}],"replies":[{"embeddable":true,"href":"https:\/\/filatelia.cuentista.es\/en\/wp-json\/wp\/v2\/comments?post=3194"}],"wp:featuredmedia":[{"embeddable":true,"href":"https:\/\/filatelia.cuentista.es\/en\/wp-json\/wp\/v2\/media\/3193"}],"wp:attachment":[{"href":"https:\/\/filatelia.cuentista.es\/en\/wp-json\/wp\/v2\/media?parent=3194"}],"wp:term":[{"taxonomy":"product_brand","embeddable":true,"href":"https:\/\/filatelia.cuentista.es\/en\/wp-json\/wp\/v2\/product_brand?post=3194"},{"taxonomy":"product_cat","embeddable":true,"href":"https:\/\/filatelia.cuentista.es\/en\/wp-json\/wp\/v2\/product_cat?post=3194"},{"taxonomy":"product_tag","embeddable":true,"href":"https:\/\/filatelia.cuentista.es\/en\/wp-json\/wp\/v2\/product_tag?post=3194"}],"curies":[{"name":"wp","href":"https:\/\/api.w.org\/{rel}","templated":true}]}}