{"id":3186,"date":"2024-09-22T11:05:54","date_gmt":"2024-09-22T11:05:54","guid":{"rendered":"https:\/\/filatelia.cuentista.es\/product\/sello-brasil-1969-x-bienal-de-sao-paulo-100-cr-usado"},"modified":"2024-09-22T11:07:42","modified_gmt":"2024-09-22T11:07:42","slug":"sello-brasil-1969-x-bienal-de-sao-paulo-100-cr-usado","status":"publish","type":"product","link":"https:\/\/filatelia.cuentista.es\/en\/product\/sello-brasil-1969-x-bienal-de-sao-paulo-100-cr-usado","title":{"rendered":"Sello Brasil 1969 &#8211; The Fish &#8211; X Bienal de S\u00e3o Paulo &#8211; 1,00 Cr$ . Usado"},"content":{"rendered":"<p>The Fish, from Aldemir Martins (1922)<\/p>\n<p><img class=\"size-full\"><\/p>\n<p>Pa\u00eds:<\/p>\n<p>Brasil<\/p>\n<p>Serie:<\/p>\n<p>Biennale S\u00e3o Paulo<\/p>\n<p>C\u00f3digo de cat\u00e1logo:<\/p>\n<p>Michel BR 1235<\/p>\n<p>Stamp Number BR 1128<\/p>\n<p>Yvert et Tellier BR 911<\/p>\n<p>Stanley Gibbons BR 1260<\/p>\n<p>RHM BR C-649<\/p>\n<p>Temas:<\/p>\n<p>Peces | Pinturas<\/p>\n<p>Fecha emisi\u00f3n:<\/p>\n<p>1969-06-30<\/p>\n<p>Colores:<\/p>\n<p>Multicolor<\/p>\n<p>Impresores\/Imprentas:<\/p>\n<p>Casa da Moeda do Brasil<\/p>\n<p>Formato:<\/p>\n<p>Sello<\/p>\n<p>Emisi\u00f3n:<\/p>\n<p>Conmemorativo<\/p>\n<p>Perforaci\u00f3n:<\/p>\n<p>peine11\u00bd<\/p>\n<p>Impresi\u00f3n:<\/p>\n<p>Litograf\u00eda offset<\/p>\n<p>Goma:<\/p>\n<p>Sin goma tal como se emite<\/p>\n<p>Valor facial:<\/p>\n<p>1 Cruzeiro de Brasil<\/p>\n<p><a href=\"https:\/\/colnect.com\/stamps\/stamp\/155831\">https:\/\/colnect.com\/stamps\/stamp\/155831<\/a><\/p>","protected":false},"excerpt":{"rendered":"<p>The Fish, from Aldemir Martins (1922) Pa\u00eds: Brasil Serie: Biennale S\u00e3o Paulo C\u00f3digo de cat\u00e1logo: Michel BR 1235 Stamp Number BR 1128 Yvert et Tellier BR 911 Stanley Gibbons BR 1260 RHM BR C-649 Temas: Peces | Pinturas Fecha emisi\u00f3n: 1969-06-30 Colores: Multicolor Impresores\/Imprentas: Casa da Moeda do Brasil Formato: Sello Emisi\u00f3n: Conmemorativo Perforaci\u00f3n: peine11\u00bd &hellip;<\/p>\n<p class=\"read-more\"> <a class=\"thunk-readmore button\" href=\"https:\/\/filatelia.cuentista.es\/en\/product\/sello-brasil-1969-x-bienal-de-sao-paulo-100-cr-usado\"> <span class=\"screen-reader-text\">Sello Brasil 1969 &#8211; The Fish &#8211; X Bienal de S\u00e3o Paulo &#8211; 1,00 Cr$ . Usado<\/span>Read More<\/a><\/p>","protected":false},"featured_media":3185,"comment_status":"open","ping_status":"closed","template":"","meta":{"_acf_changed":false},"product_brand":[],"product_cat":[1294,20],"product_tag":[],"class_list":{"0":"post-3186","1":"product","2":"type-product","3":"status-publish","4":"has-post-thumbnail","6":"product_cat-brasil","7":"product_cat-sellos-usados","8":"thunk-woo-product-list","9":"opn-qv-enable","10":"open-woo-hover-zoom","11":"open-single-product-tab-horizontal","12":"open-shadow-","13":"open-shadow-hover-","15":"first","16":"instock","17":"sale","18":"shipping-taxable","19":"purchasable","20":"product-type-simple"},"acf":[],"jetpack_sharing_enabled":true,"_links":{"self":[{"href":"https:\/\/filatelia.cuentista.es\/en\/wp-json\/wp\/v2\/product\/3186","targetHints":{"allow":["GET"]}}],"collection":[{"href":"https:\/\/filatelia.cuentista.es\/en\/wp-json\/wp\/v2\/product"}],"about":[{"href":"https:\/\/filatelia.cuentista.es\/en\/wp-json\/wp\/v2\/types\/product"}],"replies":[{"embeddable":true,"href":"https:\/\/filatelia.cuentista.es\/en\/wp-json\/wp\/v2\/comments?post=3186"}],"wp:featuredmedia":[{"embeddable":true,"href":"https:\/\/filatelia.cuentista.es\/en\/wp-json\/wp\/v2\/media\/3185"}],"wp:attachment":[{"href":"https:\/\/filatelia.cuentista.es\/en\/wp-json\/wp\/v2\/media?parent=3186"}],"wp:term":[{"taxonomy":"product_brand","embeddable":true,"href":"https:\/\/filatelia.cuentista.es\/en\/wp-json\/wp\/v2\/product_brand?post=3186"},{"taxonomy":"product_cat","embeddable":true,"href":"https:\/\/filatelia.cuentista.es\/en\/wp-json\/wp\/v2\/product_cat?post=3186"},{"taxonomy":"product_tag","embeddable":true,"href":"https:\/\/filatelia.cuentista.es\/en\/wp-json\/wp\/v2\/product_tag?post=3186"}],"curies":[{"name":"wp","href":"https:\/\/api.w.org\/{rel}","templated":true}]}}