{"id":3184,"date":"2024-09-22T11:02:36","date_gmt":"2024-09-22T11:02:36","guid":{"rendered":"https:\/\/filatelia.cuentista.es\/product\/sello-brasil-1974-negrinho-do-pastoreio-130-cr-usado"},"modified":"2024-09-22T11:04:39","modified_gmt":"2024-09-22T11:04:39","slug":"sello-brasil-1974-negrinho-do-pastoreio-130-cr-usado","status":"publish","type":"product","link":"https:\/\/filatelia.cuentista.es\/en\/product\/sello-brasil-1974-negrinho-do-pastoreio-130-cr-usado","title":{"rendered":"Sello Brasil 1974 &#8211; Negrinho do Pastoreio &#8211; 1,30 Cr$ usado"},"content":{"rendered":"<p>Brazilian Legends &#8211; \u00abNegrinho\u00bb<\/p>\n<p><img class=\"size-full\"><\/p>\n<p>Pa\u00eds:<\/p>\n<p>Brasil<\/p>\n<p>Serie:<\/p>\n<p>Brazilian folk tales<\/p>\n<p>C\u00f3digo de cat\u00e1logo:<\/p>\n<p>Michel BR 1423<\/p>\n<p>Stamp Number BR 1335<\/p>\n<p>Yvert et Tellier BR 1094<\/p>\n<p>Stanley Gibbons BR 1485<\/p>\n<p>RHM BR C-832<\/p>\n<p>Temas:<\/p>\n<p>Caballos | Leyendas<\/p>\n<p>Fecha emisi\u00f3n:<\/p>\n<p>1974-02-28<\/p>\n<p>Fecha de caducidad:<\/p>\n<p>1986-02-27<\/p>\n<p>Tama\u00f1o:<\/p>\n<p>38 x 38 mm<\/p>\n<p>Colores:<\/p>\n<p>Multicolor<\/p>\n<p>Marca de agua:<\/p>\n<p>Sin Marca de agua<\/p>\n<p>Dise\u00f1adores:<\/p>\n<p>Newton Cavalcanti<\/p>\n<p>Impresores\/Imprentas:<\/p>\n<p>Casa da Moeda do Brasil<\/p>\n<p>Formato:<\/p>\n<p>Sello<\/p>\n<p>Emisi\u00f3n:<\/p>\n<p>Conmemorativo<\/p>\n<p>Perforaci\u00f3n:<\/p>\n<p>peine11\u00bd<\/p>\n<p>Impresi\u00f3n:<\/p>\n<p>Litograf\u00eda offset<\/p>\n<p>Papel:<\/p>\n<p>Couch\u00e9 phosphorescent<\/p>\n<p>Goma:<\/p>\n<p>Dextrina<\/p>\n<p>Valor facial:<\/p>\n<p>1,30 Cruzeiro de Brasil<\/p>\n<p>Tiraje:<\/p>\n<p>1.000.000<\/p>\n<p><a href=\"https:\/\/colnect.com\/stamps\/stamp\/263913\">https:\/\/colnect.com\/stamps\/stamp\/263913<\/a><\/p>","protected":false},"excerpt":{"rendered":"<p>Brazilian Legends &#8211; \u00abNegrinho\u00bb Pa\u00eds: Brasil Serie: Brazilian folk tales C\u00f3digo de cat\u00e1logo: Michel BR 1423 Stamp Number BR 1335 Yvert et Tellier BR 1094 Stanley Gibbons BR 1485 RHM BR C-832 Temas: Caballos | Leyendas Fecha emisi\u00f3n: 1974-02-28 Fecha de caducidad: 1986-02-27 Tama\u00f1o: 38 x 38 mm Colores: Multicolor Marca de agua: Sin Marca &hellip;<\/p>\n<p class=\"read-more\"> <a class=\"thunk-readmore button\" href=\"https:\/\/filatelia.cuentista.es\/en\/product\/sello-brasil-1974-negrinho-do-pastoreio-130-cr-usado\"> <span class=\"screen-reader-text\">Sello Brasil 1974 &#8211; Negrinho do Pastoreio &#8211; 1,30 Cr$ usado<\/span>Read More<\/a><\/p>","protected":false},"featured_media":3183,"comment_status":"open","ping_status":"closed","template":"","meta":{"_acf_changed":false},"product_brand":[],"product_cat":[1294,15,20],"product_tag":[],"class_list":{"0":"post-3184","1":"product","2":"type-product","3":"status-publish","4":"has-post-thumbnail","6":"product_cat-brasil","7":"product_cat-coleccionismo","8":"product_cat-sellos-usados","9":"thunk-woo-product-list","10":"opn-qv-enable","11":"open-woo-hover-zoom","12":"open-single-product-tab-horizontal","13":"open-shadow-","14":"open-shadow-hover-","16":"first","17":"instock","18":"shipping-taxable","19":"purchasable","20":"product-type-simple"},"acf":[],"jetpack_sharing_enabled":true,"_links":{"self":[{"href":"https:\/\/filatelia.cuentista.es\/en\/wp-json\/wp\/v2\/product\/3184","targetHints":{"allow":["GET"]}}],"collection":[{"href":"https:\/\/filatelia.cuentista.es\/en\/wp-json\/wp\/v2\/product"}],"about":[{"href":"https:\/\/filatelia.cuentista.es\/en\/wp-json\/wp\/v2\/types\/product"}],"replies":[{"embeddable":true,"href":"https:\/\/filatelia.cuentista.es\/en\/wp-json\/wp\/v2\/comments?post=3184"}],"wp:featuredmedia":[{"embeddable":true,"href":"https:\/\/filatelia.cuentista.es\/en\/wp-json\/wp\/v2\/media\/3183"}],"wp:attachment":[{"href":"https:\/\/filatelia.cuentista.es\/en\/wp-json\/wp\/v2\/media?parent=3184"}],"wp:term":[{"taxonomy":"product_brand","embeddable":true,"href":"https:\/\/filatelia.cuentista.es\/en\/wp-json\/wp\/v2\/product_brand?post=3184"},{"taxonomy":"product_cat","embeddable":true,"href":"https:\/\/filatelia.cuentista.es\/en\/wp-json\/wp\/v2\/product_cat?post=3184"},{"taxonomy":"product_tag","embeddable":true,"href":"https:\/\/filatelia.cuentista.es\/en\/wp-json\/wp\/v2\/product_tag?post=3184"}],"curies":[{"name":"wp","href":"https:\/\/api.w.org\/{rel}","templated":true}]}}