{"id":3177,"date":"2024-09-22T08:36:09","date_gmt":"2024-09-22T08:36:09","guid":{"rendered":"https:\/\/filatelia.cuentista.es\/product\/sello-brasil-1973-sahara-vermel-100-cr-usado"},"modified":"2024-09-22T08:38:15","modified_gmt":"2024-09-22T08:38:15","slug":"sello-brasil-1973-sahara-vermel-100-cr-usado","status":"publish","type":"product","link":"https:\/\/filatelia.cuentista.es\/en\/product\/sello-brasil-1973-sahara-vermel-100-cr-usado","title":{"rendered":"Sello Brasil 1973 &#8211; Ara Macao &#8211; 1,00 Cr$ Usado"},"content":{"rendered":"<p>Scarlet Macaw (Ara macao) and Copernicia cerifera<\/p>\n<p><img class=\"size-full\"><\/p>\n<p>Pa\u00eds:<\/p>\n<p>Brasil<\/p>\n<p>Serie:<\/p>\n<p>Flora y Fauna<\/p>\n<p>C\u00f3digo de cat\u00e1logo:<\/p>\n<p>Michel BR 1417<\/p>\n<p>Stamp Number BR 1330<\/p>\n<p>Yvert et Tellier BR 1086<\/p>\n<p>Stanley Gibbons BR 1480<\/p>\n<p>RHM BR C-827<\/p>\n<p>Temas:<\/p>\n<p>Animales (Fauna) | Aves | Loros<\/p>\n<p>Fecha emisi\u00f3n:<\/p>\n<p>1973-12-28<\/p>\n<p>Fecha de caducidad:<\/p>\n<p>1986-02-27<\/p>\n<p>Tama\u00f1o:<\/p>\n<p>26 x 44 mm<\/p>\n<p>Colores:<\/p>\n<p>Multicolor<\/p>\n<p>Marca de agua:<\/p>\n<p>Sin Marca de agua<\/p>\n<p>Dise\u00f1adores:<\/p>\n<p>Gian Calvi<\/p>\n<p>Impresores\/Imprentas:<\/p>\n<p>Casa da Moeda do Brasil<\/p>\n<p>Formato:<\/p>\n<p>Sello<\/p>\n<p>Emisi\u00f3n:<\/p>\n<p>Conmemorativo<\/p>\n<p>Perforaci\u00f3n:<\/p>\n<p>peine11 x 11\u00bd<\/p>\n<p>Impresi\u00f3n:<\/p>\n<p>Litograf\u00eda offset<\/p>\n<p>Papel:<\/p>\n<p>Couch\u00e9 phosphorescent<\/p>\n<p>Goma:<\/p>\n<p>Dextrina<\/p>\n<p>Valor facial:<\/p>\n<p>1 Cruzeiro de Brasil<\/p>\n<p>Tiraje:<\/p>\n<p>2.000.000<\/p>\n<p>Puntuaci\u00f3n:<\/p>\n<p>35% Precisi\u00f3n: Muy alto<\/p>\n<p>Descripci\u00f3n:<\/p>\n<p>Guacamayo rojo (Ara macao), Carna\u00faba Palm (Copernicia cerifera)<\/p>\n<p><a href=\"https:\/\/colnect.com\/stamps\/stamp\/196353\">https:\/\/colnect.com\/stamps\/stamp\/196353<\/a><\/p>","protected":false},"excerpt":{"rendered":"<p>Scarlet Macaw (Ara macao) and Copernicia cerifera Pa\u00eds: Brasil Serie: Flora y Fauna C\u00f3digo de cat\u00e1logo: Michel BR 1417 Stamp Number BR 1330 Yvert et Tellier BR 1086 Stanley Gibbons BR 1480 RHM BR C-827 Temas: Animales (Fauna) | Aves | Loros Fecha emisi\u00f3n: 1973-12-28 Fecha de caducidad: 1986-02-27 Tama\u00f1o: 26 x 44 mm Colores: &hellip;<\/p>\n<p class=\"read-more\"> <a class=\"thunk-readmore button\" href=\"https:\/\/filatelia.cuentista.es\/en\/product\/sello-brasil-1973-sahara-vermel-100-cr-usado\"> <span class=\"screen-reader-text\">Sello Brasil 1973 &#8211; Ara Macao &#8211; 1,00 Cr$ Usado<\/span>Read More<\/a><\/p>","protected":false},"featured_media":3176,"comment_status":"open","ping_status":"closed","template":"","meta":{"_acf_changed":false},"product_brand":[],"product_cat":[1294,20],"product_tag":[],"class_list":{"0":"post-3177","1":"product","2":"type-product","3":"status-publish","4":"has-post-thumbnail","6":"product_cat-brasil","7":"product_cat-sellos-usados","8":"thunk-woo-product-list","9":"opn-qv-enable","10":"open-woo-hover-zoom","11":"open-single-product-tab-horizontal","12":"open-shadow-","13":"open-shadow-hover-","15":"first","16":"instock","17":"sale","18":"shipping-taxable","19":"purchasable","20":"product-type-simple"},"acf":[],"jetpack_sharing_enabled":true,"_links":{"self":[{"href":"https:\/\/filatelia.cuentista.es\/en\/wp-json\/wp\/v2\/product\/3177","targetHints":{"allow":["GET"]}}],"collection":[{"href":"https:\/\/filatelia.cuentista.es\/en\/wp-json\/wp\/v2\/product"}],"about":[{"href":"https:\/\/filatelia.cuentista.es\/en\/wp-json\/wp\/v2\/types\/product"}],"replies":[{"embeddable":true,"href":"https:\/\/filatelia.cuentista.es\/en\/wp-json\/wp\/v2\/comments?post=3177"}],"wp:featuredmedia":[{"embeddable":true,"href":"https:\/\/filatelia.cuentista.es\/en\/wp-json\/wp\/v2\/media\/3176"}],"wp:attachment":[{"href":"https:\/\/filatelia.cuentista.es\/en\/wp-json\/wp\/v2\/media?parent=3177"}],"wp:term":[{"taxonomy":"product_brand","embeddable":true,"href":"https:\/\/filatelia.cuentista.es\/en\/wp-json\/wp\/v2\/product_brand?post=3177"},{"taxonomy":"product_cat","embeddable":true,"href":"https:\/\/filatelia.cuentista.es\/en\/wp-json\/wp\/v2\/product_cat?post=3177"},{"taxonomy":"product_tag","embeddable":true,"href":"https:\/\/filatelia.cuentista.es\/en\/wp-json\/wp\/v2\/product_tag?post=3177"}],"curies":[{"name":"wp","href":"https:\/\/api.w.org\/{rel}","templated":true}]}}