{"id":3175,"date":"2024-09-22T08:24:39","date_gmt":"2024-09-22T08:24:39","guid":{"rendered":"https:\/\/filatelia.cuentista.es\/product\/sello-brasil-1969-nautico-atletico-30-cts-usado"},"modified":"2024-09-22T08:28:07","modified_gmt":"2024-09-22T08:28:07","slug":"sello-brasil-1969-nautico-atletico-30-cts-usado","status":"publish","type":"product","link":"https:\/\/filatelia.cuentista.es\/en\/product\/sello-brasil-1969-nautico-atletico-30-cts-usado","title":{"rendered":"Sello Brasil 1969 &#8211; N\u00e1utico Atl\u00e9tico &#8211; 30 Cts. usado"},"content":{"rendered":"<p>Diving Platform and Swimming Pool<\/p>\n<p>Pa\u00eds:<\/p>\n<p>Brasil<\/p>\n<p>Serie:<\/p>\n<p>Sport<\/p>\n<p>C\u00f3digo de cat\u00e1logo:<\/p>\n<p>Michel BR 1213<\/p>\n<p>Stamp Number BR 1124<\/p>\n<p>Yvert et Tellier BR 895<\/p>\n<p>Stanley Gibbons BR 1256<\/p>\n<p>RHM BR C-637<\/p>\n<p>Temas:<\/p>\n<p>Aniversarios y Jubileos | Clubes Deportivos | Deportes | Deportes Acu\u00e1ticos<\/p>\n<p>Fecha emisi\u00f3n:<\/p>\n<p>1969-06-13<\/p>\n<p>Colores:<\/p>\n<p>Marr\u00f3n Naranja suave | Marr\u00f3n oscuro<\/p>\n<p>Impresores\/Imprentas:<\/p>\n<p>Casa da Moeda do Brasil<\/p>\n<p>Formato:<\/p>\n<p>Sello<\/p>\n<p>Emisi\u00f3n:<\/p>\n<p>Conmemorativo<\/p>\n<p>Perforaci\u00f3n:<\/p>\n<p>peine11\u00bd x 11<\/p>\n<p>Impresi\u00f3n:<\/p>\n<p>Litograf\u00eda offset<\/p>\n<p>Goma:<\/p>\n<p>Sin goma tal como se emite<\/p>\n<p>Valor facial:<\/p>\n<p>20 Centavo de Brasil<\/p>\n<p>Puntuaci\u00f3n:<\/p>\n<p>38% Precisi\u00f3n: Alta<\/p>\n<p>Descripci\u00f3n:<\/p>\n<p>Diving platform and swimming pool at Cearense Athletic Nautical Pool, Fortaleza\/CE.<\/p>\n<p><a href=\"https:\/\/colnect.com\/stamps\/stamp\/263157\">https:\/\/colnect.com\/stamps\/stamp\/263157<\/a><\/p>","protected":false},"excerpt":{"rendered":"<p>Diving Platform and Swimming Pool Pa\u00eds: Brasil Serie: Sport C\u00f3digo de cat\u00e1logo: Michel BR 1213 Stamp Number BR 1124 Yvert et Tellier BR 895 Stanley Gibbons BR 1256 RHM BR C-637 Temas: Aniversarios y Jubileos | Clubes Deportivos | Deportes | Deportes Acu\u00e1ticos Fecha emisi\u00f3n: 1969-06-13 Colores: Marr\u00f3n Naranja suave | Marr\u00f3n oscuro Impresores\/Imprentas: Casa &hellip;<\/p>\n<p class=\"read-more\"> <a class=\"thunk-readmore button\" href=\"https:\/\/filatelia.cuentista.es\/en\/product\/sello-brasil-1969-nautico-atletico-30-cts-usado\"> <span class=\"screen-reader-text\">Sello Brasil 1969 &#8211; N\u00e1utico Atl\u00e9tico &#8211; 30 Cts. usado<\/span>Read More<\/a><\/p>","protected":false},"featured_media":3174,"comment_status":"open","ping_status":"closed","template":"","meta":{"_acf_changed":false},"product_brand":[],"product_cat":[1294,20],"product_tag":[],"class_list":{"0":"post-3175","1":"product","2":"type-product","3":"status-publish","4":"has-post-thumbnail","6":"product_cat-brasil","7":"product_cat-sellos-usados","8":"thunk-woo-product-list","9":"opn-qv-enable","10":"open-woo-hover-zoom","11":"open-single-product-tab-horizontal","12":"open-shadow-","13":"open-shadow-hover-","15":"first","16":"instock","17":"shipping-taxable","18":"purchasable","19":"product-type-simple"},"acf":[],"jetpack_sharing_enabled":true,"_links":{"self":[{"href":"https:\/\/filatelia.cuentista.es\/en\/wp-json\/wp\/v2\/product\/3175","targetHints":{"allow":["GET"]}}],"collection":[{"href":"https:\/\/filatelia.cuentista.es\/en\/wp-json\/wp\/v2\/product"}],"about":[{"href":"https:\/\/filatelia.cuentista.es\/en\/wp-json\/wp\/v2\/types\/product"}],"replies":[{"embeddable":true,"href":"https:\/\/filatelia.cuentista.es\/en\/wp-json\/wp\/v2\/comments?post=3175"}],"wp:featuredmedia":[{"embeddable":true,"href":"https:\/\/filatelia.cuentista.es\/en\/wp-json\/wp\/v2\/media\/3174"}],"wp:attachment":[{"href":"https:\/\/filatelia.cuentista.es\/en\/wp-json\/wp\/v2\/media?parent=3175"}],"wp:term":[{"taxonomy":"product_brand","embeddable":true,"href":"https:\/\/filatelia.cuentista.es\/en\/wp-json\/wp\/v2\/product_brand?post=3175"},{"taxonomy":"product_cat","embeddable":true,"href":"https:\/\/filatelia.cuentista.es\/en\/wp-json\/wp\/v2\/product_cat?post=3175"},{"taxonomy":"product_tag","embeddable":true,"href":"https:\/\/filatelia.cuentista.es\/en\/wp-json\/wp\/v2\/product_tag?post=3175"}],"curies":[{"name":"wp","href":"https:\/\/api.w.org\/{rel}","templated":true}]}}