{"id":3173,"date":"2024-09-22T08:21:07","date_gmt":"2024-09-22T08:21:07","guid":{"rendered":"https:\/\/filatelia.cuentista.es\/product\/sello-brasil-1964-in-memorian-jfk-10000-cr-gris-usado"},"modified":"2024-09-22T08:23:31","modified_gmt":"2024-09-22T08:23:31","slug":"sello-brasil-1964-in-memorian-jfk-10000-cr-gris-usado","status":"publish","type":"product","link":"https:\/\/filatelia.cuentista.es\/en\/product\/sello-brasil-1964-in-memorian-jfk-10000-cr-gris-usado","title":{"rendered":"Sello Brasil 1964 &#8211; In Memorian JFK &#8211; 100,00 Cr$ Gris. Usado"},"content":{"rendered":"<p>John Fitzgerald Kennedy (1917-1963)<\/p>\n<p><img class=\"size-full\"><\/p>\n<p>Pa\u00eds:<\/p>\n<p>Brasil<\/p>\n<p>Serie:<\/p>\n<p>President Kennedy Commemoration<\/p>\n<p>C\u00f3digo de cat\u00e1logo:<\/p>\n<p>Michel BR 1062<\/p>\n<p>Stamp Number BR 987<\/p>\n<p>Yvert et Tellier BR 764<\/p>\n<p>Stanley Gibbons BR 1111<\/p>\n<p>RHM BR C-519<\/p>\n<p>Temas:<\/p>\n<p>Conmemoraciones | Hombres | Jefes de Estado | Personajes Famosos | Pol\u00edticos<\/p>\n<p>Fecha emisi\u00f3n:<\/p>\n<p>1964-10-24<\/p>\n<p>Tama\u00f1o:<\/p>\n<p>24 x 43 mm<\/p>\n<p>Colores:<\/p>\n<p>Gris oscuro<\/p>\n<p>Dise\u00f1adores:<\/p>\n<p>Waldir Granado<\/p>\n<p>Impresores\/Imprentas:<\/p>\n<p>Casa da Moeda do Brasil<\/p>\n<p>Formato:<\/p>\n<p>Sello<\/p>\n<p>Emisi\u00f3n:<\/p>\n<p>Conmemorativo<\/p>\n<p>Perforaci\u00f3n:<\/p>\n<p>peine11\u00bd x 10\u00be<\/p>\n<p>Impresi\u00f3n:<\/p>\n<p>Fotograbado<\/p>\n<p>Valor facial:<\/p>\n<p>100 Cruzeiro de Brasil<\/p>\n<p>Tiraje:<\/p>\n<p>10.000.000<\/p>\n<p><a href=\"https:\/\/colnect.com\/stamps\/stamp\/261808\">https:\/\/colnect.com\/stamps\/stamp\/261808<\/a><\/p>","protected":false},"excerpt":{"rendered":"<p>John Fitzgerald Kennedy (1917-1963) Pa\u00eds: Brasil Serie: President Kennedy Commemoration C\u00f3digo de cat\u00e1logo: Michel BR 1062 Stamp Number BR 987 Yvert et Tellier BR 764 Stanley Gibbons BR 1111 RHM BR C-519 Temas: Conmemoraciones | Hombres | Jefes de Estado | Personajes Famosos | Pol\u00edticos Fecha emisi\u00f3n: 1964-10-24 Tama\u00f1o: 24 x 43 mm Colores: Gris &hellip;<\/p>\n<p class=\"read-more\"> <a class=\"thunk-readmore button\" href=\"https:\/\/filatelia.cuentista.es\/en\/product\/sello-brasil-1964-in-memorian-jfk-10000-cr-gris-usado\"> <span class=\"screen-reader-text\">Sello Brasil 1964 &#8211; In Memorian JFK &#8211; 100,00 Cr$ Gris. Usado<\/span>Read More<\/a><\/p>","protected":false},"featured_media":3172,"comment_status":"open","ping_status":"closed","template":"","meta":{"_acf_changed":false},"product_brand":[],"product_cat":[1294,20],"product_tag":[],"class_list":{"0":"post-3173","1":"product","2":"type-product","3":"status-publish","4":"has-post-thumbnail","6":"product_cat-brasil","7":"product_cat-sellos-usados","8":"thunk-woo-product-list","9":"opn-qv-enable","10":"open-woo-hover-zoom","11":"open-single-product-tab-horizontal","12":"open-shadow-","13":"open-shadow-hover-","15":"first","16":"instock","17":"sale","18":"shipping-taxable","19":"purchasable","20":"product-type-simple"},"acf":[],"jetpack_sharing_enabled":true,"_links":{"self":[{"href":"https:\/\/filatelia.cuentista.es\/en\/wp-json\/wp\/v2\/product\/3173","targetHints":{"allow":["GET"]}}],"collection":[{"href":"https:\/\/filatelia.cuentista.es\/en\/wp-json\/wp\/v2\/product"}],"about":[{"href":"https:\/\/filatelia.cuentista.es\/en\/wp-json\/wp\/v2\/types\/product"}],"replies":[{"embeddable":true,"href":"https:\/\/filatelia.cuentista.es\/en\/wp-json\/wp\/v2\/comments?post=3173"}],"wp:featuredmedia":[{"embeddable":true,"href":"https:\/\/filatelia.cuentista.es\/en\/wp-json\/wp\/v2\/media\/3172"}],"wp:attachment":[{"href":"https:\/\/filatelia.cuentista.es\/en\/wp-json\/wp\/v2\/media?parent=3173"}],"wp:term":[{"taxonomy":"product_brand","embeddable":true,"href":"https:\/\/filatelia.cuentista.es\/en\/wp-json\/wp\/v2\/product_brand?post=3173"},{"taxonomy":"product_cat","embeddable":true,"href":"https:\/\/filatelia.cuentista.es\/en\/wp-json\/wp\/v2\/product_cat?post=3173"},{"taxonomy":"product_tag","embeddable":true,"href":"https:\/\/filatelia.cuentista.es\/en\/wp-json\/wp\/v2\/product_tag?post=3173"}],"curies":[{"name":"wp","href":"https:\/\/api.w.org\/{rel}","templated":true}]}}