{"id":3171,"date":"2024-09-22T08:16:34","date_gmt":"2024-09-22T08:16:34","guid":{"rendered":"https:\/\/filatelia.cuentista.es\/product\/sello-brasil-1960-ministerio-de-agricultura-29-cr-marron-usado"},"modified":"2024-09-22T08:19:48","modified_gmt":"2024-09-22T08:19:48","slug":"sello-brasil-1960-ministerio-de-agricultura-29-cr-marron-usado","status":"publish","type":"product","link":"https:\/\/filatelia.cuentista.es\/en\/product\/sello-brasil-1960-ministerio-de-agricultura-29-cr-marron-usado","title":{"rendered":"Sello Brasil 1960 &#8211; Ministerio de Agricultura- 2,9 Cr$ Marr\u00f3n . Usado"},"content":{"rendered":"<h1 style=\"font-size: 1.2em;margin: 0px 0px 10px;padding: 0px 0px 3px;font-weight: 400;border-bottom-width: 1px;border-bottom-style: solid;font-family\"><span id=\"name\"><\/span><\/h1>\n<p><span id=\"name\">Pa\u00eds:<\/span><\/p>\n<p><span id=\"name\">Brasil<\/span><\/p>\n<p><span id=\"name\">Serie:<\/span><\/p>\n<p><span id=\"name\">Centenary of Brazilian Ministry of Agriculture<\/span><\/p>\n<p><span id=\"name\">C\u00f3digo de cat\u00e1logo:<\/span><\/p>\n<p><span id=\"name\">Michel BR 986<\/span><\/p>\n<p><span id=\"name\">Stamp Number BR 909<\/span><\/p>\n<p><span id=\"name\">Yvert et Tellier BR 694<\/span><\/p>\n<p><span id=\"name\">Stanley Gibbons BR 1035<\/span><\/p>\n<p><span id=\"name\">RHM BR C-450<\/span><\/p>\n<p><span id=\"name\">Temas:<\/span><\/p>\n<p><span id=\"name\">Agricultura | Cereales<\/span><\/p>\n<p><span id=\"name\">Fecha emisi\u00f3n:<\/span><\/p>\n<p><span id=\"name\">1960-07-28<\/span><\/p>\n<p><span id=\"name\">Colores:<\/span><\/p>\n<p><span id=\"name\">Marr\u00f3n oscuro<\/span><\/p>\n<p><span id=\"name\">Marca de agua:<\/span><\/p>\n<p><span id=\"name\">CORREIO BRASIL y Estrellas Tipo 2 (Sh) [Up]<\/span><\/p>\n<p><span id=\"name\">Impresores\/Imprentas:<\/span><\/p>\n<p><span id=\"name\">Casa da Moeda do Brasil<\/span><\/p>\n<p><span id=\"name\">Formato:<\/span><\/p>\n<p><span id=\"name\">Sello<\/span><\/p>\n<p><span id=\"name\">Emisi\u00f3n:<\/span><\/p>\n<p><span id=\"name\">Conmemorativo<\/span><\/p>\n<p><span id=\"name\">Perforaci\u00f3n:<\/span><\/p>\n<p><span id=\"name\">peine11\u00bd x 10\u00be<\/span><\/p>\n<p><span id=\"name\">Impresi\u00f3n:<\/span><\/p>\n<p><span id=\"name\">Fotograbado<\/span><\/p>\n<p><span id=\"name\">Valor facial:<\/span><\/p>\n<p><span id=\"name\">2,50 Cruzeiro de Brasil<\/span><\/p>\n<p><span id=\"name\">Tiraje:<\/span><\/p>\n<p><span id=\"name\">5.000.000<\/span><\/p>\n<p><span id=\"name\"><\/span><\/p>\n<p><span id=\"name\"><\/span><\/p>\n<p><span id=\"name\">Agriculture<\/span><\/p>\n<div id=\"item_pics_row\" style=\"float: right;text-align: center;width: 380px;font-family\">\n<div class=\"item_z_pic\" style=\"width: 380px;margin: 0px auto 15px\"><img loading=\"lazy\" decoding=\"async\" src=\"https:\/\/i.colnect.net\/f\/3787\/539\/Agriculture.jpg\" alt=\"Agriculture\" class=\"lzy_deferred loaded z_pic_sel z_pic_sel0\" data-src=\"\/\/i.colnect.net\/f\/3787\/539\/Agriculture.jpg\" height=\"300\" width=\"183\" data-was-processed=\"true\" style=\"border-style: none;vertical-align: middle;width: 183px;height: 300px\"><\/div>\n<div class=\"item_z_pic\" style=\"width: 380px;margin: 0px auto 15px\"><img loading=\"lazy\" decoding=\"async\" src=\"https:\/\/i.colnect.net\/f\/6710\/256\/Agriculture-back.jpg\" alt=\"Agriculture\" class=\"lzy_deferred loaded z_pic_sel z_pic_sel1\" data-src=\"\/\/i.colnect.net\/f\/6710\/256\/Agriculture-back.jpg\" height=\"235\" width=\"300\" data-was-processed=\"true\" style=\"border-style: none;vertical-align: middle;width: 300px;height: 235px\"><\/div>\n<\/div>\n<p><a href=\"https:\/\/colnect.com\/stamps\/stamp\/189477\">https:\/\/colnect.com\/stamps\/stamp\/189477<\/a><\/p>\n","protected":false},"excerpt":{"rendered":"<p>Pa\u00eds: Brasil Serie: Centenary of Brazilian Ministry of Agriculture C\u00f3digo de cat\u00e1logo: Michel BR 986 Stamp Number BR 909 Yvert et Tellier BR 694 Stanley Gibbons BR 1035 RHM BR C-450 Temas: Agricultura | Cereales Fecha emisi\u00f3n: 1960-07-28 Colores: Marr\u00f3n oscuro Marca de agua: CORREIO BRASIL y Estrellas Tipo 2 (Sh) [Up] Impresores\/Imprentas: Casa da &hellip;<\/p>\n<p class=\"read-more\"> <a class=\" thunk-readmore button \" href=\"https:\/\/filatelia.cuentista.es\/en\/product\/sello-brasil-1960-ministerio-de-agricultura-29-cr-marron-usado\"> <span class=\"screen-reader-text\">Sello Brasil 1960 &#8211; Ministerio de Agricultura- 2,9 Cr$ Marr\u00f3n . Usado<\/span>Read More<\/a><\/p>\n","protected":false},"featured_media":3170,"comment_status":"open","ping_status":"closed","template":"","meta":{"_acf_changed":false},"product_brand":[],"product_cat":[1294,20],"product_tag":[],"class_list":{"0":"post-3171","1":"product","2":"type-product","3":"status-publish","4":"has-post-thumbnail","6":"product_cat-brasil","7":"product_cat-sellos-usados","8":"thunk-woo-product-list","9":"opn-qv-enable","10":"open-woo-hover-zoom","11":"open-single-product-tab-horizontal","12":"open-shadow-","13":"open-shadow-hover-","15":"first","16":"instock","17":"shipping-taxable","18":"purchasable","19":"product-type-simple"},"acf":[],"jetpack_sharing_enabled":true,"_links":{"self":[{"href":"https:\/\/filatelia.cuentista.es\/en\/wp-json\/wp\/v2\/product\/3171","targetHints":{"allow":["GET"]}}],"collection":[{"href":"https:\/\/filatelia.cuentista.es\/en\/wp-json\/wp\/v2\/product"}],"about":[{"href":"https:\/\/filatelia.cuentista.es\/en\/wp-json\/wp\/v2\/types\/product"}],"replies":[{"embeddable":true,"href":"https:\/\/filatelia.cuentista.es\/en\/wp-json\/wp\/v2\/comments?post=3171"}],"wp:featuredmedia":[{"embeddable":true,"href":"https:\/\/filatelia.cuentista.es\/en\/wp-json\/wp\/v2\/media\/3170"}],"wp:attachment":[{"href":"https:\/\/filatelia.cuentista.es\/en\/wp-json\/wp\/v2\/media?parent=3171"}],"wp:term":[{"taxonomy":"product_brand","embeddable":true,"href":"https:\/\/filatelia.cuentista.es\/en\/wp-json\/wp\/v2\/product_brand?post=3171"},{"taxonomy":"product_cat","embeddable":true,"href":"https:\/\/filatelia.cuentista.es\/en\/wp-json\/wp\/v2\/product_cat?post=3171"},{"taxonomy":"product_tag","embeddable":true,"href":"https:\/\/filatelia.cuentista.es\/en\/wp-json\/wp\/v2\/product_tag?post=3171"}],"curies":[{"name":"wp","href":"https:\/\/api.w.org\/{rel}","templated":true}]}}