{"id":317,"date":"2024-07-20T06:38:02","date_gmt":"2024-07-20T06:38:02","guid":{"rendered":"https:\/\/filatelia.cuentista.es\/product\/ramita-de-san-antonio"},"modified":"2024-09-28T04:29:33","modified_gmt":"2024-09-28T04:29:33","slug":"ranita-de-san-antonio","status":"publish","type":"product","link":"https:\/\/filatelia.cuentista.es\/en\/product\/ranita-de-san-antonio","title":{"rendered":"Sobre Primer D\u00eda 1975 &#8211; Fauna Hispanica &#8211; Ranita de San Antonio &#8211; 2 Valores"},"content":{"rendered":"<p>Sobre Primer D\u00eda 1975 &#8211; Fauna Hispanica &#8211; Ranita de San Antonio<\/p>\n<p>Fecha de emisi\u00f3n: 9 julio 1975<\/p>\n<p>Ranita de San Antonio, 3 Ptas<\/p>\n<p>Triton, 2 Ptas<\/p>\n<p>Serie de Sellos : EDIFIL 2272\/2276<\/p>\n<p>A\u00d1O 1975 &#8211; FAUNA HISP\u00c1NICA &#8211; ANFIBIOS.<br \/>\nValor facial: 1 pesetas (multicolor), 2 pesetas (multicolor), 3 pesetas (multicolor),<br \/>\n6 pesetas (multicolor), 7 pesetas (multicolor).<br \/>\nFormato: 40,9 x 28,8 mm<br \/>\nDentado: 13 \u00bc<br \/>\nImpresi\u00f3n: Huecograbado, F\u00e1brica Nacional de Moneda y Timbre.<br \/>\nTirada: 7.000.000<br \/>\nPliegos: 80<\/p>\n<p>La serie de sellos sobre fauna que se emite en 1975, se dedica a los anfibios m\u00e1s caracter\u00edsticos de nuestra pen\u00ednsula. Son cinco entre las tres mil especies que, aproximadamente, componen este grupo de vertebrados, los cuales constituyen el eslab\u00f3n natural, en la historia de la evoluci\u00f3n, entre los peces y los reptiles.<\/p>\n<p class=\"p1\">ie<\/p>\n<p class=\"p1\"><b>Los sobres de primer d\u00eda son objetos de colecci\u00f3n muy valorados por los filatelistas.<\/b> Estos sobres especiales se utilizan para enviar una carta el mismo d\u00eda en que se emite un nuevo sello postal. Al ser los primeros en utilizar ese sello en particular, adquieren un valor a\u00f1adido para los coleccionistas. Los sobres de primer d\u00eda suelen incluir un matasellos con la fecha de emisi\u00f3n y el nombre de la oficina de correos donde se expidi\u00f3 el sello, lo que los convierte en piezas \u00fanicas y aut\u00e9nticas. Adem\u00e1s de su valor filat\u00e9lico, estos sobres a menudo presentan dise\u00f1os atractivos y conmemorativos, relacionados con el tema del sello emitido, lo que los convierte en peque\u00f1os tesoros para los amantes de la historia y el arte postal.<\/p>","protected":false},"excerpt":{"rendered":"<p>Sobre Primer D\u00eda 1975 &#8211; Fauna Hispanica &#8211; Ranita de San Antonio<\/p>\n<p>Fecha de emisi\u00f3n: 9 julio 1975<\/p>\n<p>Ranita de San Antonio, 3 Ptas<\/p>\n<p>Triton, 2 Ptas<\/p>","protected":false},"featured_media":3352,"comment_status":"open","ping_status":"closed","template":"","meta":{"_acf_changed":false},"product_brand":[],"product_cat":[663,19],"product_tag":[70,1359,1360,945,190,189],"class_list":{"0":"post-317","1":"product","2":"type-product","3":"status-publish","4":"has-post-thumbnail","6":"product_cat-espana","7":"product_cat-spd-sobres-primer-dia","8":"product_tag-70","9":"product_tag-anfibios","10":"product_tag-dorso","11":"product_tag-fauna","12":"product_tag-fdc","13":"product_tag-spd","14":"thunk-woo-product-list","15":"opn-qv-enable","16":"open-woo-hover-zoom","17":"open-single-product-tab-horizontal","18":"open-shadow-","19":"open-shadow-hover-","21":"first","22":"instock","23":"shipping-taxable","24":"purchasable","25":"product-type-simple"},"acf":[],"jetpack_sharing_enabled":true,"_links":{"self":[{"href":"https:\/\/filatelia.cuentista.es\/en\/wp-json\/wp\/v2\/product\/317","targetHints":{"allow":["GET"]}}],"collection":[{"href":"https:\/\/filatelia.cuentista.es\/en\/wp-json\/wp\/v2\/product"}],"about":[{"href":"https:\/\/filatelia.cuentista.es\/en\/wp-json\/wp\/v2\/types\/product"}],"replies":[{"embeddable":true,"href":"https:\/\/filatelia.cuentista.es\/en\/wp-json\/wp\/v2\/comments?post=317"}],"wp:featuredmedia":[{"embeddable":true,"href":"https:\/\/filatelia.cuentista.es\/en\/wp-json\/wp\/v2\/media\/3352"}],"wp:attachment":[{"href":"https:\/\/filatelia.cuentista.es\/en\/wp-json\/wp\/v2\/media?parent=317"}],"wp:term":[{"taxonomy":"product_brand","embeddable":true,"href":"https:\/\/filatelia.cuentista.es\/en\/wp-json\/wp\/v2\/product_brand?post=317"},{"taxonomy":"product_cat","embeddable":true,"href":"https:\/\/filatelia.cuentista.es\/en\/wp-json\/wp\/v2\/product_cat?post=317"},{"taxonomy":"product_tag","embeddable":true,"href":"https:\/\/filatelia.cuentista.es\/en\/wp-json\/wp\/v2\/product_tag?post=317"}],"curies":[{"name":"wp","href":"https:\/\/api.w.org\/{rel}","templated":true}]}}