{"id":3153,"date":"2024-09-22T04:31:04","date_gmt":"2024-09-22T04:31:04","guid":{"rendered":"https:\/\/filatelia.cuentista.es\/product\/sello-brasil-campeonato-mundial-de-vela-650-cr-usado"},"modified":"2024-09-22T04:33:11","modified_gmt":"2024-09-22T04:33:11","slug":"sello-brasil-campeonato-mundial-de-vela-650-cr-usado","status":"publish","type":"product","link":"https:\/\/filatelia.cuentista.es\/en\/product\/sello-brasil-campeonato-mundial-de-vela-650-cr-usado","title":{"rendered":"Sello Brasil 1969 &#8211; Campeonato Mundial de Vela &#8211; 6,50 Cr$. Usado"},"content":{"rendered":"<p>Globe and Snipe Class Yachts<\/p>\n<p><img class=\"size-full\"><\/p>\n<p>Pa\u00eds:<\/p>\n<p>Brasil<\/p>\n<p>Serie:<\/p>\n<p>World Sailing Championships, Porto Alegre<\/p>\n<p>C\u00f3digo de cat\u00e1logo:<\/p>\n<p>Michel BR 965<\/p>\n<p>Stamp Number BR 898<\/p>\n<p>Yvert et Tellier BR 684<\/p>\n<p>Stanley Gibbons BR 1013<\/p>\n<p>RHM BR C-440<\/p>\n<p>Temas:<\/p>\n<p>Barcos | Deportes | Vela<\/p>\n<p>Fecha emisi\u00f3n:<\/p>\n<p>1959-10-22<\/p>\n<p>Tama\u00f1o:<\/p>\n<p>29 x 42 mm<\/p>\n<p>Colores:<\/p>\n<p>Verde oscuro<\/p>\n<p>Marca de agua:<\/p>\n<p>CORREIO BRASIL y Estrellas Tipo 1 (Sh) [Up]<\/p>\n<p>Impresores\/Imprentas:<\/p>\n<p>Casa da Moeda do Brasil<\/p>\n<p>Formato:<\/p>\n<p>Sello<\/p>\n<p>Emisi\u00f3n:<\/p>\n<p>Conmemorativo<\/p>\n<p>Perforaci\u00f3n:<\/p>\n<p>11\u00be<\/p>\n<p>Impresi\u00f3n:<\/p>\n<p>Fotograbado<\/p>\n<p>Valor facial:<\/p>\n<p>6,50 Cruzeiro de Brasil<\/p>\n<p>Puntuaci\u00f3n:<\/p>\n<p>12% Precisi\u00f3n: Muy alto<\/p>\n<p>Art\u00edculos relacionados:<\/p>\n<p>Producto Filat\u00e9lico (relacionado): World championships sailing in Brazil 1959 (Brasil, Brasil)<\/p>\n<p><a href=\"https:\/\/colnect.com\/stamps\/stamp\/264401\">https:\/\/colnect.com\/stamps\/stamp\/264401<\/a><\/p>\n","protected":false},"excerpt":{"rendered":"<p>Globe and Snipe Class Yachts Pa\u00eds: Brasil Serie: World Sailing Championships, Porto Alegre C\u00f3digo de cat\u00e1logo: Michel BR 965 Stamp Number BR 898 Yvert et Tellier BR 684 Stanley Gibbons BR 1013 RHM BR C-440 Temas: Barcos | Deportes | Vela Fecha emisi\u00f3n: 1959-10-22 Tama\u00f1o: 29 x 42 mm Colores: Verde oscuro Marca de agua: &hellip;<\/p>\n<p class=\"read-more\"> <a class=\"thunk-readmore button\" href=\"https:\/\/filatelia.cuentista.es\/en\/product\/sello-brasil-campeonato-mundial-de-vela-650-cr-usado\"> <span class=\"screen-reader-text\">Sello Brasil 1969 &#8211; Campeonato Mundial de Vela &#8211; 6,50 Cr$. Usado<\/span>Read More<\/a><\/p>","protected":false},"featured_media":3152,"comment_status":"open","ping_status":"closed","template":"","meta":{"_acf_changed":false},"product_brand":[],"product_cat":[1294,20],"product_tag":[],"class_list":{"0":"post-3153","1":"product","2":"type-product","3":"status-publish","4":"has-post-thumbnail","6":"product_cat-brasil","7":"product_cat-sellos-usados","8":"thunk-woo-product-list","9":"opn-qv-enable","10":"open-woo-hover-zoom","11":"open-single-product-tab-horizontal","12":"open-shadow-","13":"open-shadow-hover-","15":"first","16":"instock","17":"sale","18":"shipping-taxable","19":"purchasable","20":"product-type-simple"},"acf":[],"jetpack_sharing_enabled":true,"_links":{"self":[{"href":"https:\/\/filatelia.cuentista.es\/en\/wp-json\/wp\/v2\/product\/3153","targetHints":{"allow":["GET"]}}],"collection":[{"href":"https:\/\/filatelia.cuentista.es\/en\/wp-json\/wp\/v2\/product"}],"about":[{"href":"https:\/\/filatelia.cuentista.es\/en\/wp-json\/wp\/v2\/types\/product"}],"replies":[{"embeddable":true,"href":"https:\/\/filatelia.cuentista.es\/en\/wp-json\/wp\/v2\/comments?post=3153"}],"wp:featuredmedia":[{"embeddable":true,"href":"https:\/\/filatelia.cuentista.es\/en\/wp-json\/wp\/v2\/media\/3152"}],"wp:attachment":[{"href":"https:\/\/filatelia.cuentista.es\/en\/wp-json\/wp\/v2\/media?parent=3153"}],"wp:term":[{"taxonomy":"product_brand","embeddable":true,"href":"https:\/\/filatelia.cuentista.es\/en\/wp-json\/wp\/v2\/product_brand?post=3153"},{"taxonomy":"product_cat","embeddable":true,"href":"https:\/\/filatelia.cuentista.es\/en\/wp-json\/wp\/v2\/product_cat?post=3153"},{"taxonomy":"product_tag","embeddable":true,"href":"https:\/\/filatelia.cuentista.es\/en\/wp-json\/wp\/v2\/product_tag?post=3153"}],"curies":[{"name":"wp","href":"https:\/\/api.w.org\/{rel}","templated":true}]}}