{"id":3145,"date":"2024-09-22T04:07:30","date_gmt":"2024-09-22T04:07:30","guid":{"rendered":"https:\/\/filatelia.cuentista.es\/product\/sello-brasil-1975-mundial-de-asta-070-cr-usado"},"modified":"2024-09-22T04:10:17","modified_gmt":"2024-09-22T04:10:17","slug":"sello-brasil-1975-mundial-de-asta-070-cr-usado","status":"publish","type":"product","link":"https:\/\/filatelia.cuentista.es\/en\/product\/sello-brasil-1975-mundial-de-asta-070-cr-usado","title":{"rendered":"Sello Brasil 1975 &#8211; Congreso Mundial de ASTA &#8211; 0,70 Cr$ . Usado"},"content":{"rendered":"<p>American Society of Travel Agents<\/p>\n<p><img class=\"size-full\"><\/p>\n<p>Pa\u00eds:<\/p>\n<p>Brasil<\/p>\n<p>C\u00f3digo de cat\u00e1logo:<\/p>\n<p>Michel BR 1509<\/p>\n<p>Stamp Number BR 1413<\/p>\n<p>Yvert et Tellier BR 1169<\/p>\n<p>Stanley Gibbons BR 1563<\/p>\n<p>RHM BR C-910<\/p>\n<p>Temas:<\/p>\n<p>Sellos (Emblemas) | Turismo<\/p>\n<p>Fecha emisi\u00f3n:<\/p>\n<p>1975-10-27<\/p>\n<p>Fecha de caducidad:<\/p>\n<p>1986-02-27<\/p>\n<p>Tama\u00f1o:<\/p>\n<p>44 x 26 mm<\/p>\n<p>Colores:<\/p>\n<p>Multicolor<\/p>\n<p>Marca de agua:<\/p>\n<p>Sin Marca de agua<\/p>\n<p>Dise\u00f1adores:<\/p>\n<p>Ary Fagundes<\/p>\n<p>Impresores\/Imprentas:<\/p>\n<p>Casa da Moeda do Brasil<\/p>\n<p>Formato:<\/p>\n<p>Sello<\/p>\n<p>Emisi\u00f3n:<\/p>\n<p>Conmemorativo<\/p>\n<p>Perforaci\u00f3n:<\/p>\n<p>11 x 11\u00bd<\/p>\n<p>Impresi\u00f3n:<\/p>\n<p>Litograf\u00eda offset<\/p>\n<p>Papel:<\/p>\n<p>Couch\u00e9 phosphorescent<\/p>\n<p>Goma:<\/p>\n<p>Dextrina<\/p>\n<p>Valor facial:<\/p>\n<p>0,70 Cruzeiro de Brasil<\/p>\n<p>Tiraje:<\/p>\n<p>1.500.000<\/p>\n<p>Puntuaci\u00f3n:<\/p>\n<p>34% Precisi\u00f3n: Alta<\/p>\n<p>Descripci\u00f3n:<\/p>\n<p>45th ASTA World Congress &#8211; Symbol: Rio de Janeiro Inside the Earth Globe.<\/p>\n<p><a href=\"https:\/\/colnect.com\/stamps\/stamp\/214520\">https:\/\/colnect.com\/stamps\/stamp\/214520<\/a><\/p>","protected":false},"excerpt":{"rendered":"<p>American Society of Travel Agents Pa\u00eds: Brasil C\u00f3digo de cat\u00e1logo: Michel BR 1509 Stamp Number BR 1413 Yvert et Tellier BR 1169 Stanley Gibbons BR 1563 RHM BR C-910 Temas: Sellos (Emblemas) | Turismo Fecha emisi\u00f3n: 1975-10-27 Fecha de caducidad: 1986-02-27 Tama\u00f1o: 44 x 26 mm Colores: Multicolor Marca de agua: Sin Marca de agua &hellip;<\/p>\n<p class=\"read-more\"> <a class=\"thunk-readmore button\" href=\"https:\/\/filatelia.cuentista.es\/en\/product\/sello-brasil-1975-mundial-de-asta-070-cr-usado\"> <span class=\"screen-reader-text\">Sello Brasil 1975 &#8211; Congreso Mundial de ASTA &#8211; 0,70 Cr$ . Usado<\/span>Read More<\/a><\/p>","protected":false},"featured_media":3144,"comment_status":"open","ping_status":"closed","template":"","meta":{"_acf_changed":false},"product_brand":[],"product_cat":[1294,20],"product_tag":[],"class_list":{"0":"post-3145","1":"product","2":"type-product","3":"status-publish","4":"has-post-thumbnail","6":"product_cat-brasil","7":"product_cat-sellos-usados","8":"thunk-woo-product-list","9":"opn-qv-enable","10":"open-woo-hover-zoom","11":"open-single-product-tab-horizontal","12":"open-shadow-","13":"open-shadow-hover-","15":"first","16":"instock","17":"shipping-taxable","18":"purchasable","19":"product-type-simple"},"acf":[],"jetpack_sharing_enabled":true,"_links":{"self":[{"href":"https:\/\/filatelia.cuentista.es\/en\/wp-json\/wp\/v2\/product\/3145","targetHints":{"allow":["GET"]}}],"collection":[{"href":"https:\/\/filatelia.cuentista.es\/en\/wp-json\/wp\/v2\/product"}],"about":[{"href":"https:\/\/filatelia.cuentista.es\/en\/wp-json\/wp\/v2\/types\/product"}],"replies":[{"embeddable":true,"href":"https:\/\/filatelia.cuentista.es\/en\/wp-json\/wp\/v2\/comments?post=3145"}],"wp:featuredmedia":[{"embeddable":true,"href":"https:\/\/filatelia.cuentista.es\/en\/wp-json\/wp\/v2\/media\/3144"}],"wp:attachment":[{"href":"https:\/\/filatelia.cuentista.es\/en\/wp-json\/wp\/v2\/media?parent=3145"}],"wp:term":[{"taxonomy":"product_brand","embeddable":true,"href":"https:\/\/filatelia.cuentista.es\/en\/wp-json\/wp\/v2\/product_brand?post=3145"},{"taxonomy":"product_cat","embeddable":true,"href":"https:\/\/filatelia.cuentista.es\/en\/wp-json\/wp\/v2\/product_cat?post=3145"},{"taxonomy":"product_tag","embeddable":true,"href":"https:\/\/filatelia.cuentista.es\/en\/wp-json\/wp\/v2\/product_tag?post=3145"}],"curies":[{"name":"wp","href":"https:\/\/api.w.org\/{rel}","templated":true}]}}